{"id":7554,"date":"2026-03-14T21:31:41","date_gmt":"2026-03-14T20:31:41","guid":{"rendered":"https:\/\/baltic-seaplane.de\/startside\/datoer\/datoer-begivenheder-vandflyver\/"},"modified":"2026-03-15T14:35:02","modified_gmt":"2026-03-15T13:35:02","slug":"datoer-begivenheder-vandflyver","status":"publish","type":"page","link":"https:\/\/baltic-seaplane.de\/da\/startside\/datoer\/datoer-begivenheder-vandflyver\/","title":{"rendered":"Datoer Begivenheder Vandflyver"},"content":{"rendered":"\t\t<div data-elementor-type=\"wp-page\" data-elementor-id=\"7554\" class=\"elementor elementor-7554 elementor-7482\" data-elementor-post-type=\"page\">\n\t\t\t\t\t\t<section class=\"elementor-section elementor-top-section elementor-element elementor-element-1e8eb4f elementor-section-boxed elementor-section-height-default elementor-section-height-default\" data-id=\"1e8eb4f\" data-element_type=\"section\" data-e-type=\"section\">\n\t\t\t\t\t\t<div class=\"elementor-container elementor-column-gap-default\">\n\t\t\t\t\t<div class=\"elementor-column elementor-col-100 elementor-top-column elementor-element elementor-element-268cc35\" data-id=\"268cc35\" data-element_type=\"column\" data-e-type=\"column\">\n\t\t\t<div class=\"elementor-widget-wrap elementor-element-populated\">\n\t\t\t\t\t\t<div class=\"elementor-element elementor-element-2895bdf elementor-widget elementor-widget-spacer\" data-id=\"2895bdf\" data-element_type=\"widget\" data-e-type=\"widget\" data-widget_type=\"spacer.default\">\n\t\t\t\t<div class=\"elementor-widget-container\">\n\t\t\t\t\t\t\t<div class=\"elementor-spacer\">\n\t\t\t<div class=\"elementor-spacer-inner\"><\/div>\n\t\t<\/div>\n\t\t\t\t\t\t<\/div>\n\t\t\t\t<\/div>\n\t\t\t\t\t<\/div>\n\t\t<\/div>\n\t\t\t\t\t<\/div>\n\t\t<\/section>\n\t\t\t\t<section class=\"elementor-section elementor-top-section elementor-element elementor-element-2a3e78db elementor-section-boxed elementor-section-height-default elementor-section-height-default\" data-id=\"2a3e78db\" data-element_type=\"section\" data-e-type=\"section\">\n\t\t\t\t\t\t<div class=\"elementor-container elementor-column-gap-default\">\n\t\t\t\t\t<div class=\"elementor-column elementor-col-50 elementor-top-column elementor-element elementor-element-30e51481\" data-id=\"30e51481\" data-element_type=\"column\" data-e-type=\"column\">\n\t\t\t<div class=\"elementor-widget-wrap elementor-element-populated\">\n\t\t\t\t\t\t<div class=\"elementor-element elementor-element-42b6a57c elementor-widget elementor-widget-heading\" data-id=\"42b6a57c\" data-element_type=\"widget\" data-e-type=\"widget\" data-settings=\"{&quot;_animation_mobile&quot;:&quot;none&quot;}\" data-widget_type=\"heading.default\">\n\t\t\t\t<div class=\"elementor-widget-container\">\n\t\t\t\t\t<h3 class=\"elementor-heading-title elementor-size-default\">FASCINATIONEN VED AT FLYVE MED VANDFLYVER<\/h3>\t\t\t\t<\/div>\n\t\t\t\t<\/div>\n\t\t\t\t<div class=\"elementor-element elementor-element-52b6d379 elementor-widget elementor-widget-heading\" data-id=\"52b6d379\" data-element_type=\"widget\" data-e-type=\"widget\" data-widget_type=\"heading.default\">\n\t\t\t\t<div class=\"elementor-widget-container\">\n\t\t\t\t\t<h1 class=\"elementor-heading-title elementor-size-default\">BEGIVENHEDER<\/h1>\t\t\t\t<\/div>\n\t\t\t\t<\/div>\n\t\t\t\t\t<\/div>\n\t\t<\/div>\n\t\t\t\t<div class=\"elementor-column elementor-col-50 elementor-top-column elementor-element elementor-element-0a0fe1a\" data-id=\"0a0fe1a\" data-element_type=\"column\" data-e-type=\"column\">\n\t\t\t<div class=\"elementor-widget-wrap elementor-element-populated\">\n\t\t\t\t\t\t<div class=\"elementor-element elementor-element-5826423 elementor-widget elementor-widget-text-editor\" data-id=\"5826423\" data-element_type=\"widget\" data-e-type=\"widget\" data-widget_type=\"text-editor.default\">\n\t\t\t\t<div class=\"elementor-widget-container\">\n\t\t\t\t\t\t\t\t\t<p data-start=\"858\" data-end=\"1021\"> <\/p><p data-start=\"1023\" data-end=\"1150\">Siden er under opbygning. Nedenfor kan du se alle datoer og ledige pladser. I \u00e5r er vi p\u00e5:    <\/p><ul><li data-start=\"1023\" data-end=\"1150\"><h4><strong>M\u00dcRITZ SAIL 14. &#8211; 17. maj<\/strong><\/h4><\/li><li data-start=\"1023\" data-end=\"1150\"><h4><strong>STRALSUNDER PORT FESTIVAL 03. &#8211; 07. juni <\/strong><\/h4><\/li><li data-start=\"1023\" data-end=\"1150\"><h4><strong>OSTBLOCK FAHRZEUG TREFFEN 02. &#8211; 06. juli <\/strong><\/h4><\/li><li data-start=\"1023\" data-end=\"1150\"><h4><strong>PANGEA FESTIVAL 03. &#8211; 09. august <\/strong><\/h4><\/li><li data-start=\"1023\" data-end=\"1150\"><h4><strong>RIBNITZ &#8211; DAMGARTEN HAFENFEST 13. &#8211; 16. august<\/strong><\/h4><\/li><li data-start=\"1023\" data-end=\"1150\"><h4><strong>GATOW FLUGPLATZFEST BERLIN 04. &#8211; 06. september <\/strong><\/h4><\/li><\/ul>\t\t\t\t\t\t\t\t<\/div>\n\t\t\t\t<\/div>\n\t\t\t\t\t<\/div>\n\t\t<\/div>\n\t\t\t\t\t<\/div>\n\t\t<\/section>\n\t\t\t\t<section class=\"elementor-section elementor-top-section elementor-element elementor-element-6fb7fab elementor-section-boxed elementor-section-height-default elementor-section-height-default\" data-id=\"6fb7fab\" data-element_type=\"section\" data-e-type=\"section\">\n\t\t\t\t\t\t<div class=\"elementor-container elementor-column-gap-default\">\n\t\t\t\t\t<div class=\"elementor-column elementor-col-100 elementor-top-column elementor-element elementor-element-4443bf2\" data-id=\"4443bf2\" data-element_type=\"column\" data-e-type=\"column\">\n\t\t\t<div class=\"elementor-widget-wrap elementor-element-populated\">\n\t\t\t\t\t\t<div class=\"elementor-element elementor-element-beb00dc elementor-widget elementor-widget-spacer\" data-id=\"beb00dc\" data-element_type=\"widget\" data-e-type=\"widget\" data-widget_type=\"spacer.default\">\n\t\t\t\t<div class=\"elementor-widget-container\">\n\t\t\t\t\t\t\t<div class=\"elementor-spacer\">\n\t\t\t<div class=\"elementor-spacer-inner\"><\/div>\n\t\t<\/div>\n\t\t\t\t\t\t<\/div>\n\t\t\t\t<\/div>\n\t\t\t\t\t<\/div>\n\t\t<\/div>\n\t\t\t\t\t<\/div>\n\t\t<\/section>\n\t\t\t\t<section class=\"elementor-section elementor-top-section elementor-element elementor-element-3dd20d1 elementor-section-full_width elementor-section-height-default elementor-section-height-default\" data-id=\"3dd20d1\" data-element_type=\"section\" data-e-type=\"section\">\n\t\t\t\t\t\t<div class=\"elementor-container elementor-column-gap-default\">\n\t\t\t\t\t<div class=\"elementor-column elementor-col-100 elementor-top-column elementor-element elementor-element-4cd4b99\" data-id=\"4cd4b99\" data-element_type=\"column\" data-e-type=\"column\">\n\t\t\t<div class=\"elementor-widget-wrap elementor-element-populated\">\n\t\t\t\t\t\t<div class=\"elementor-element elementor-element-fe2a318 elementor-widget elementor-widget-html\" data-id=\"fe2a318\" data-element_type=\"widget\" data-e-type=\"widget\" data-widget_type=\"html.default\">\n\t\t\t\t<div class=\"elementor-widget-container\">\n\t\t\t\t\t<div id=\"bookingKitContainer\" data-cw=\"359ace484868c2c315097f950e722bb0\"><\/div>\n<script src=\"https:\/\/3178ee0b2128e528f2801b8a818dba44.widget.bookingkit.net\/bkscript\/359ace484868c2c315097f950e722bb0\/\" async=\"\"><\/script>\t\t\t\t<\/div>\n\t\t\t\t<\/div>\n\t\t\t\t\t<\/div>\n\t\t<\/div>\n\t\t\t\t\t<\/div>\n\t\t<\/section>\n\t\t\t\t<section class=\"elementor-section elementor-top-section elementor-element elementor-element-b35c272 elementor-section-boxed elementor-section-height-default elementor-section-height-default\" data-id=\"b35c272\" data-element_type=\"section\" data-e-type=\"section\">\n\t\t\t\t\t\t<div class=\"elementor-container elementor-column-gap-default\">\n\t\t\t\t\t<div class=\"elementor-column elementor-col-100 elementor-top-column elementor-element elementor-element-b089cd5\" data-id=\"b089cd5\" data-element_type=\"column\" data-e-type=\"column\">\n\t\t\t<div class=\"elementor-widget-wrap elementor-element-populated\">\n\t\t\t\t\t\t<div class=\"elementor-element elementor-element-c891be6 elementor-widget elementor-widget-spacer\" data-id=\"c891be6\" data-element_type=\"widget\" data-e-type=\"widget\" data-widget_type=\"spacer.default\">\n\t\t\t\t<div class=\"elementor-widget-container\">\n\t\t\t\t\t\t\t<div class=\"elementor-spacer\">\n\t\t\t<div class=\"elementor-spacer-inner\"><\/div>\n\t\t<\/div>\n\t\t\t\t\t\t<\/div>\n\t\t\t\t<\/div>\n\t\t\t\t\t<\/div>\n\t\t<\/div>\n\t\t\t\t\t<\/div>\n\t\t<\/section>\n\t\t\t\t<section class=\"elementor-section elementor-top-section elementor-element elementor-element-eebf41e elementor-section-boxed elementor-section-height-default elementor-section-height-default\" data-id=\"eebf41e\" data-element_type=\"section\" data-e-type=\"section\">\n\t\t\t\t\t\t<div class=\"elementor-container elementor-column-gap-default\">\n\t\t\t\t\t<div class=\"elementor-column elementor-col-100 elementor-top-column elementor-element elementor-element-555579b\" data-id=\"555579b\" data-element_type=\"column\" data-e-type=\"column\">\n\t\t\t<div class=\"elementor-widget-wrap elementor-element-populated\">\n\t\t\t\t\t\t<div class=\"elementor-element elementor-element-914ec54 elementor-widget elementor-widget-heading\" data-id=\"914ec54\" data-element_type=\"widget\" data-e-type=\"widget\" data-widget_type=\"heading.default\">\n\t\t\t\t<div class=\"elementor-widget-container\">\n\t\t\t\t\t<h2 class=\"elementor-heading-title elementor-size-default\">Oversigt over skemaer<\/h2>\t\t\t\t<\/div>\n\t\t\t\t<\/div>\n\t\t\t\t\t<\/div>\n\t\t<\/div>\n\t\t\t\t\t<\/div>\n\t\t<\/section>\n\t\t\t\t<section class=\"elementor-section elementor-top-section elementor-element elementor-element-d9e9a65 elementor-section-full_width elementor-section-height-default elementor-section-height-default\" data-id=\"d9e9a65\" data-element_type=\"section\" data-e-type=\"section\">\n\t\t\t\t\t\t<div class=\"elementor-container elementor-column-gap-default\">\n\t\t\t\t\t<div class=\"elementor-column elementor-col-100 elementor-top-column elementor-element elementor-element-699264b\" data-id=\"699264b\" data-element_type=\"column\" data-e-type=\"column\">\n\t\t\t<div class=\"elementor-widget-wrap elementor-element-populated\">\n\t\t\t\t\t\t<div class=\"elementor-element elementor-element-3ebf7f0 hide elementor-widget elementor-widget-text-editor\" data-id=\"3ebf7f0\" data-element_type=\"widget\" data-e-type=\"widget\" data-widget_type=\"text-editor.default\">\n\t\t\t\t<div class=\"elementor-widget-container\">\n\t\t\t\t\t\t\t\t\t<p>Der er ikke fastsat nye datoer p\u00e5 nuv\u00e6rende tidspunkt.<\/p>\t\t\t\t\t\t\t\t<\/div>\n\t\t\t\t<\/div>\n\t\t\t\t<div class=\"elementor-element elementor-element-335441b elementor-position-top elementor-widget elementor-widget-image-box\" data-id=\"335441b\" data-element_type=\"widget\" data-e-type=\"widget\" data-widget_type=\"image-box.default\">\n\t\t\t\t<div class=\"elementor-widget-container\">\n\t\t\t\t\t<div class=\"elementor-image-box-wrapper\"><figure class=\"elementor-image-box-img\"><img fetchpriority=\"high\" decoding=\"async\" width=\"2020\" height=\"1464\" src=\"https:\/\/baltic-seaplane.de\/wp-content\/uploads\/2026\/02\/Kalender-2026-PIT-26.01_Seite_1.png\" class=\"attachment-full size-full wp-image-4330\" alt=\"Termine Wasserflug\" srcset=\"https:\/\/baltic-seaplane.de\/wp-content\/uploads\/2026\/02\/Kalender-2026-PIT-26.01_Seite_1.png 2020w, https:\/\/baltic-seaplane.de\/wp-content\/uploads\/2026\/02\/Kalender-2026-PIT-26.01_Seite_1-300x217.png 300w, https:\/\/baltic-seaplane.de\/wp-content\/uploads\/2026\/02\/Kalender-2026-PIT-26.01_Seite_1-1024x742.png 1024w, https:\/\/baltic-seaplane.de\/wp-content\/uploads\/2026\/02\/Kalender-2026-PIT-26.01_Seite_1-768x557.png 768w, https:\/\/baltic-seaplane.de\/wp-content\/uploads\/2026\/02\/Kalender-2026-PIT-26.01_Seite_1-1536x1113.png 1536w\" sizes=\"(max-width: 2020px) 100vw, 2020px\" \/><\/figure><div class=\"elementor-image-box-content\"><h3 class=\"elementor-image-box-title\">Vandflyver-kalender<\/h3><p class=\"elementor-image-box-description\">Alle datoer for rundflyvninger og vandflyvetr\u00e6ning<\/p><\/div><\/div>\t\t\t\t<\/div>\n\t\t\t\t<\/div>\n\t\t\t\t\t<\/div>\n\t\t<\/div>\n\t\t\t\t\t<\/div>\n\t\t<\/section>\n\t\t\t\t<section class=\"elementor-section elementor-top-section elementor-element elementor-element-56275e66 elementor-section-boxed elementor-section-height-default elementor-section-height-default\" data-id=\"56275e66\" data-element_type=\"section\" data-e-type=\"section\" data-settings=\"{&quot;background_background&quot;:&quot;classic&quot;}\">\n\t\t\t\t\t\t<div class=\"elementor-container elementor-column-gap-default\">\n\t\t\t\t\t<div class=\"elementor-column elementor-col-14 elementor-top-column elementor-element elementor-element-6742e7a2\" data-id=\"6742e7a2\" data-element_type=\"column\" data-e-type=\"column\">\n\t\t\t<div class=\"elementor-widget-wrap elementor-element-populated\">\n\t\t\t\t\t\t<div class=\"elementor-element elementor-element-f8baa17 elementor-widget elementor-widget-heading\" data-id=\"f8baa17\" data-element_type=\"widget\" data-e-type=\"widget\" data-widget_type=\"heading.default\">\n\t\t\t\t<div class=\"elementor-widget-container\">\n\t\t\t\t\t<h3 class=\"elementor-heading-title elementor-size-default\">Sightseeing-flyvninger i:  <\/h3>\t\t\t\t<\/div>\n\t\t\t\t<\/div>\n\t\t\t\t\t<\/div>\n\t\t<\/div>\n\t\t\t\t<div class=\"make-column-clickable-elementor elementor-column elementor-col-14 elementor-top-column elementor-element elementor-element-13b9b26e\" style=\"cursor: pointer;\" data-column-clickable=\"https:\/\/baltic-seaplane.de\/home\/rundfluege-mit-wasserflugzeug\/rundflug-flensburg-wasserflugzeug\/\" data-column-clickable-blank=\"_self\" data-id=\"13b9b26e\" data-element_type=\"column\" data-e-type=\"column\">\n\t\t\t<div class=\"elementor-widget-wrap elementor-element-populated\">\n\t\t\t\t\t\t<div class=\"elementor-element elementor-element-3631ed4a elementor-widget elementor-widget-heading\" data-id=\"3631ed4a\" data-element_type=\"widget\" data-e-type=\"widget\" data-widget_type=\"heading.default\">\n\t\t\t\t<div class=\"elementor-widget-container\">\n\t\t\t\t\t<h3 class=\"elementor-heading-title elementor-size-default\">Flensborg<\/h3>\t\t\t\t<\/div>\n\t\t\t\t<\/div>\n\t\t\t\t\t<\/div>\n\t\t<\/div>\n\t\t\t\t<div class=\"make-column-clickable-elementor elementor-column elementor-col-14 elementor-top-column elementor-element elementor-element-749d08e4\" style=\"cursor: pointer;\" data-column-clickable=\"https:\/\/baltic-seaplane.de\/home\/rundfluege-mit-wasserflugzeug\/rundflug-plau-am-see-wasserflugzeug\/\" data-column-clickable-blank=\"_self\" data-id=\"749d08e4\" data-element_type=\"column\" data-e-type=\"column\">\n\t\t\t<div class=\"elementor-widget-wrap elementor-element-populated\">\n\t\t\t\t\t\t<div class=\"elementor-element elementor-element-20032849 elementor-widget elementor-widget-heading\" data-id=\"20032849\" data-element_type=\"widget\" data-e-type=\"widget\" data-widget_type=\"heading.default\">\n\t\t\t\t<div class=\"elementor-widget-container\">\n\t\t\t\t\t<h3 class=\"elementor-heading-title elementor-size-default\">Plau ved s\u00f8en<\/h3>\t\t\t\t<\/div>\n\t\t\t\t<\/div>\n\t\t\t\t\t<\/div>\n\t\t<\/div>\n\t\t\t\t<div class=\"make-column-clickable-elementor elementor-column elementor-col-14 elementor-top-column elementor-element elementor-element-1bb5a89b\" style=\"cursor: pointer;\" data-column-clickable=\"https:\/\/baltic-seaplane.de\/home\/rundfluege-mit-wasserflugzeug\/rundflug-plau-am-see-wasserflugzeug\/\" data-column-clickable-blank=\"_self\" data-id=\"1bb5a89b\" data-element_type=\"column\" data-e-type=\"column\">\n\t\t\t<div class=\"elementor-widget-wrap elementor-element-populated\">\n\t\t\t\t\t\t<div class=\"elementor-element elementor-element-28a52204 elementor-widget elementor-widget-heading\" data-id=\"28a52204\" data-element_type=\"widget\" data-e-type=\"widget\" data-widget_type=\"heading.default\">\n\t\t\t\t<div class=\"elementor-widget-container\">\n\t\t\t\t\t<h3 class=\"elementor-heading-title elementor-size-default\">GOODS<\/h3>\t\t\t\t<\/div>\n\t\t\t\t<\/div>\n\t\t\t\t\t<\/div>\n\t\t<\/div>\n\t\t\t\t<div class=\"make-column-clickable-elementor elementor-column elementor-col-14 elementor-top-column elementor-element elementor-element-616d3d97\" style=\"cursor: pointer;\" data-column-clickable=\"https:\/\/baltic-seaplane.de\/home\/rundfluege-mit-wasserflugzeug\/rundflug-plau-am-see-wasserflugzeug\/\" data-column-clickable-blank=\"_self\" data-id=\"616d3d97\" data-element_type=\"column\" data-e-type=\"column\">\n\t\t\t<div class=\"elementor-widget-wrap elementor-element-populated\">\n\t\t\t\t\t\t<div class=\"elementor-element elementor-element-14484316 elementor-widget elementor-widget-heading\" data-id=\"14484316\" data-element_type=\"widget\" data-e-type=\"widget\" data-widget_type=\"heading.default\">\n\t\t\t\t<div class=\"elementor-widget-container\">\n\t\t\t\t\t<h3 class=\"elementor-heading-title elementor-size-default\">Ribnitz<\/h3>\t\t\t\t<\/div>\n\t\t\t\t<\/div>\n\t\t\t\t\t<\/div>\n\t\t<\/div>\n\t\t\t\t<div class=\"make-column-clickable-elementor elementor-column elementor-col-14 elementor-top-column elementor-element elementor-element-57187254\" style=\"cursor: pointer;\" data-column-clickable=\"https:\/\/baltic-seaplane.de\/home\/rundfluege-mit-wasserflugzeug\/rundflug-plau-am-see-wasserflugzeug\/\" data-column-clickable-blank=\"_self\" data-id=\"57187254\" data-element_type=\"column\" data-e-type=\"column\">\n\t\t\t<div class=\"elementor-widget-wrap elementor-element-populated\">\n\t\t\t\t\t\t<div class=\"elementor-element elementor-element-1c8fc8 elementor-widget elementor-widget-heading\" data-id=\"1c8fc8\" data-element_type=\"widget\" data-e-type=\"widget\" data-widget_type=\"heading.default\">\n\t\t\t\t<div class=\"elementor-widget-container\">\n\t\t\t\t\t<h3 class=\"elementor-heading-title elementor-size-default\">Stralsund<\/h3>\t\t\t\t<\/div>\n\t\t\t\t<\/div>\n\t\t\t\t\t<\/div>\n\t\t<\/div>\n\t\t\t\t<div class=\"make-column-clickable-elementor elementor-column elementor-col-14 elementor-top-column elementor-element elementor-element-1ad146b6\" style=\"cursor: pointer;\" data-column-clickable=\"https:\/\/baltic-seaplane.de\/home\/rundfluege-mit-wasserflugzeug\/rundflug-heringsdorf-wasserflugzeug\/\" data-column-clickable-blank=\"_self\" data-id=\"1ad146b6\" data-element_type=\"column\" data-e-type=\"column\">\n\t\t\t<div class=\"elementor-widget-wrap elementor-element-populated\">\n\t\t\t\t\t\t<div class=\"elementor-element elementor-element-1ca08834 elementor-widget elementor-widget-heading\" data-id=\"1ca08834\" data-element_type=\"widget\" data-e-type=\"widget\" data-widget_type=\"heading.default\">\n\t\t\t\t<div class=\"elementor-widget-container\">\n\t\t\t\t\t<h3 class=\"elementor-heading-title elementor-size-default\">Heringsdorf<\/h3>\t\t\t\t<\/div>\n\t\t\t\t<\/div>\n\t\t\t\t\t<\/div>\n\t\t<\/div>\n\t\t\t\t\t<\/div>\n\t\t<\/section>\n\t\t\t\t<\/div>\n\t\t","protected":false},"excerpt":{"rendered":"<p>FASCINATIONEN VED AT FLYVE MED VANDFLYVER BEGIVENHEDER Siden er under opbygning. Nedenfor kan du se alle datoer og ledige pladser. I \u00e5r er vi p\u00e5: M\u00dcRITZ SAIL 14. &#8211; 17. maj STRALSUNDER PORT FESTIVAL 03. &#8211; 07. juni OSTBLOCK FAHRZEUG TREFFEN 02. &#8211; 06. juli PANGEA FESTIVAL 03. &#8211; 09. august RIBNITZ &#8211; DAMGARTEN HAFENFEST [&hellip;]<\/p>\n","protected":false},"author":21,"featured_media":0,"parent":4726,"menu_order":2,"comment_status":"closed","ping_status":"closed","template":"","meta":{"inline_featured_image":false,"footnotes":""},"class_list":["post-7554","page","type-page","status-publish","hentry"],"_links":{"self":[{"href":"https:\/\/baltic-seaplane.de\/da\/wp-json\/wp\/v2\/pages\/7554","targetHints":{"allow":["GET"]}}],"collection":[{"href":"https:\/\/baltic-seaplane.de\/da\/wp-json\/wp\/v2\/pages"}],"about":[{"href":"https:\/\/baltic-seaplane.de\/da\/wp-json\/wp\/v2\/types\/page"}],"author":[{"embeddable":true,"href":"https:\/\/baltic-seaplane.de\/da\/wp-json\/wp\/v2\/users\/21"}],"replies":[{"embeddable":true,"href":"https:\/\/baltic-seaplane.de\/da\/wp-json\/wp\/v2\/comments?post=7554"}],"version-history":[{"count":1,"href":"https:\/\/baltic-seaplane.de\/da\/wp-json\/wp\/v2\/pages\/7554\/revisions"}],"predecessor-version":[{"id":7556,"href":"https:\/\/baltic-seaplane.de\/da\/wp-json\/wp\/v2\/pages\/7554\/revisions\/7556"}],"up":[{"embeddable":true,"href":"https:\/\/baltic-seaplane.de\/da\/wp-json\/wp\/v2\/pages\/4726"}],"wp:attachment":[{"href":"https:\/\/baltic-seaplane.de\/da\/wp-json\/wp\/v2\/media?parent=7554"}],"curies":[{"name":"wp","href":"https:\/\/api.w.org\/{rel}","templated":true}]}}