{"id":7524,"date":"2026-03-14T21:29:35","date_gmt":"2026-03-14T20:29:35","guid":{"rendered":"https:\/\/baltic-seaplane.de\/startside\/datoer\/datoer-for-en-sightseeingflyvning-i-vandflyver\/"},"modified":"2026-04-26T00:30:59","modified_gmt":"2026-04-25T22:30:59","slug":"datoer-for-en-sightseeingflyvning-i-vandflyver","status":"publish","type":"page","link":"https:\/\/baltic-seaplane.de\/da\/startside\/datoer\/datoer-for-en-sightseeingflyvning-i-vandflyver\/","title":{"rendered":"Datoer for en sightseeingflyvning i vandflyver"},"content":{"rendered":"\t\t<div data-elementor-type=\"wp-page\" data-elementor-id=\"7524\" class=\"elementor elementor-7524 elementor-7480\" data-elementor-post-type=\"page\">\n\t\t\t\t\t\t<section class=\"elementor-section elementor-top-section elementor-element elementor-element-c2f6c5b elementor-section-boxed elementor-section-height-default elementor-section-height-default\" data-id=\"c2f6c5b\" data-element_type=\"section\" data-e-type=\"section\">\n\t\t\t\t\t\t<div class=\"elementor-container elementor-column-gap-default\">\n\t\t\t\t\t<div class=\"elementor-column elementor-col-100 elementor-top-column elementor-element elementor-element-ae54d48\" data-id=\"ae54d48\" data-element_type=\"column\" data-e-type=\"column\">\n\t\t\t<div class=\"elementor-widget-wrap elementor-element-populated\">\n\t\t\t\t\t\t<div class=\"elementor-element elementor-element-643f681 elementor-widget elementor-widget-spacer\" data-id=\"643f681\" data-element_type=\"widget\" data-e-type=\"widget\" data-widget_type=\"spacer.default\">\n\t\t\t\t<div class=\"elementor-widget-container\">\n\t\t\t\t\t\t\t<div class=\"elementor-spacer\">\n\t\t\t<div class=\"elementor-spacer-inner\"><\/div>\n\t\t<\/div>\n\t\t\t\t\t\t<\/div>\n\t\t\t\t<\/div>\n\t\t\t\t\t<\/div>\n\t\t<\/div>\n\t\t\t\t\t<\/div>\n\t\t<\/section>\n\t\t<div class=\"elementor-element elementor-element-b280f40 e-flex e-con-boxed e-con e-parent\" data-id=\"b280f40\" data-element_type=\"container\" data-e-type=\"container\">\n\t\t\t\t\t<div class=\"e-con-inner\">\n\t\t<div class=\"elementor-element elementor-element-ff18dda e-con-full e-flex e-con e-child\" data-id=\"ff18dda\" data-element_type=\"container\" data-e-type=\"container\">\n\t\t\t\t<div class=\"elementor-element elementor-element-4338326 elementor-widget elementor-widget-heading\" data-id=\"4338326\" data-element_type=\"widget\" data-e-type=\"widget\" data-settings=\"{&quot;_animation_mobile&quot;:&quot;none&quot;}\" data-widget_type=\"heading.default\">\n\t\t\t\t<div class=\"elementor-widget-container\">\n\t\t\t\t\t<h3 class=\"elementor-heading-title elementor-size-default\">Fascinationen ved at flyve med vandflyver<\/h3>\t\t\t\t<\/div>\n\t\t\t\t<\/div>\n\t\t\t\t<div class=\"elementor-element elementor-element-98e8822 elementor-widget elementor-widget-heading\" data-id=\"98e8822\" data-element_type=\"widget\" data-e-type=\"widget\" data-widget_type=\"heading.default\">\n\t\t\t\t<div class=\"elementor-widget-container\">\n\t\t\t\t\t<h1 class=\"elementor-heading-title elementor-size-default\">Datoer for rundflyvning<\/h1>\t\t\t\t<\/div>\n\t\t\t\t<\/div>\n\t\t\t\t<div class=\"elementor-element elementor-element-a28becc elementor-widget elementor-widget-heading\" data-id=\"a28becc\" data-element_type=\"widget\" data-e-type=\"widget\" data-widget_type=\"heading.default\">\n\t\t\t\t<div class=\"elementor-widget-container\">\n\t\t\t\t\t<h2 class=\"elementor-heading-title elementor-size-default\">V\u00e6lg en dato i kalenderen. Ledige tider, steder og ledige pladser vises nedenfor. <\/h2>\t\t\t\t<\/div>\n\t\t\t\t<\/div>\n\t\t\t\t<\/div>\n\t\t<div class=\"elementor-element elementor-element-5fcf3d1 e-con-full e-flex e-con e-child\" data-id=\"5fcf3d1\" data-element_type=\"container\" data-e-type=\"container\">\n\t\t\t\t<div class=\"elementor-element elementor-element-d811349 elementor-widget elementor-widget-text-editor\" data-id=\"d811349\" data-element_type=\"widget\" data-e-type=\"widget\" data-widget_type=\"text-editor.default\">\n\t\t\t\t<div class=\"elementor-widget-container\">\n\t\t\t\t\t\t\t\t\t<p data-start=\"858\" data-end=\"1021\">V\u00e6lg blot den \u00f8nskede dato i kalenderen og se direkte, hvor der er ledige sightseeingfly, og hvilke fly der kan bookes.<\/p><p data-start=\"1023\" data-end=\"1150\">Da Baltic Seaplane opererer fra forskellige steder i Nordtyskland, \u00e6ndrer vores flyvedage sig afh\u00e6ngigt af s\u00e6son og region.<\/p><p data-start=\"1023\" data-end=\"1150\"><strong>For piloter, der planl\u00e6gger at forl\u00e6nge deres SEP (Sea\/Land) klasserettighed, tr\u00e6ning eller en pr\u00f8veflyvning, har vi ogs\u00e5 samlet en oversigt over vores tr\u00e6nings- og s\u00e6sondatoer nedenfor.<\/strong><\/p>\t\t\t\t\t\t\t\t<\/div>\n\t\t\t\t<\/div>\n\t\t\t\t<div class=\"elementor-element elementor-element-868434e e-transform elementor-icon-list--layout-traditional elementor-list-item-link-full_width elementor-widget elementor-widget-icon-list\" data-id=\"868434e\" data-element_type=\"widget\" data-e-type=\"widget\" data-settings=\"{&quot;_transform_translateX_effect_hover&quot;:{&quot;unit&quot;:&quot;px&quot;,&quot;size&quot;:2,&quot;sizes&quot;:[]},&quot;_transform_translateX_effect_hover_widescreen&quot;:{&quot;unit&quot;:&quot;px&quot;,&quot;size&quot;:&quot;&quot;,&quot;sizes&quot;:[]},&quot;_transform_translateX_effect_hover_laptop&quot;:{&quot;unit&quot;:&quot;px&quot;,&quot;size&quot;:&quot;&quot;,&quot;sizes&quot;:[]},&quot;_transform_translateX_effect_hover_tablet&quot;:{&quot;unit&quot;:&quot;px&quot;,&quot;size&quot;:&quot;&quot;,&quot;sizes&quot;:[]},&quot;_transform_translateX_effect_hover_mobile&quot;:{&quot;unit&quot;:&quot;px&quot;,&quot;size&quot;:&quot;&quot;,&quot;sizes&quot;:[]},&quot;_transform_translateY_effect_hover&quot;:{&quot;unit&quot;:&quot;px&quot;,&quot;size&quot;:&quot;&quot;,&quot;sizes&quot;:[]},&quot;_transform_translateY_effect_hover_widescreen&quot;:{&quot;unit&quot;:&quot;px&quot;,&quot;size&quot;:&quot;&quot;,&quot;sizes&quot;:[]},&quot;_transform_translateY_effect_hover_laptop&quot;:{&quot;unit&quot;:&quot;px&quot;,&quot;size&quot;:&quot;&quot;,&quot;sizes&quot;:[]},&quot;_transform_translateY_effect_hover_tablet&quot;:{&quot;unit&quot;:&quot;px&quot;,&quot;size&quot;:&quot;&quot;,&quot;sizes&quot;:[]},&quot;_transform_translateY_effect_hover_mobile&quot;:{&quot;unit&quot;:&quot;px&quot;,&quot;size&quot;:&quot;&quot;,&quot;sizes&quot;:[]}}\" data-widget_type=\"icon-list.default\">\n\t\t\t\t<div class=\"elementor-widget-container\">\n\t\t\t\t\t\t\t<ul class=\"elementor-icon-list-items\">\n\t\t\t\t\t\t\t<li class=\"elementor-icon-list-item\">\n\t\t\t\t\t\t\t\t\t\t\t<a href=\"https:\/\/baltic-seaplane.de\/da\/startside\/datoer\/\">\n\n\t\t\t\t\t\t\t\t\t\t\t\t<span class=\"elementor-icon-list-icon\">\n\t\t\t\t\t\t\t<i aria-hidden=\"true\" class=\"fas fa-long-arrow-alt-right\"><\/i>\t\t\t\t\t\t<\/span>\n\t\t\t\t\t\t\t\t\t\t<span class=\"elementor-icon-list-text\">Alle datoer: Sightseeing-flyvninger \/ pr\u00f8veflyvninger \/ events i \u00e9n kalender<\/span>\n\t\t\t\t\t\t\t\t\t\t\t<\/a>\n\t\t\t\t\t\t\t\t\t<\/li>\n\t\t\t\t\t\t<\/ul>\n\t\t\t\t\t\t<\/div>\n\t\t\t\t<\/div>\n\t\t\t\t<\/div>\n\t\t\t\t\t<\/div>\n\t\t\t\t<\/div>\n\t\t\t\t<section class=\"elementor-section elementor-top-section elementor-element elementor-element-6fb7fab elementor-section-boxed elementor-section-height-default elementor-section-height-default\" data-id=\"6fb7fab\" data-element_type=\"section\" data-e-type=\"section\">\n\t\t\t\t\t\t<div class=\"elementor-container elementor-column-gap-default\">\n\t\t\t\t\t<div class=\"elementor-column elementor-col-100 elementor-top-column elementor-element elementor-element-4443bf2\" data-id=\"4443bf2\" data-element_type=\"column\" data-e-type=\"column\">\n\t\t\t<div class=\"elementor-widget-wrap elementor-element-populated\">\n\t\t\t\t\t\t<div class=\"elementor-element elementor-element-beb00dc elementor-widget elementor-widget-spacer\" data-id=\"beb00dc\" data-element_type=\"widget\" data-e-type=\"widget\" data-widget_type=\"spacer.default\">\n\t\t\t\t<div class=\"elementor-widget-container\">\n\t\t\t\t\t\t\t<div class=\"elementor-spacer\">\n\t\t\t<div class=\"elementor-spacer-inner\"><\/div>\n\t\t<\/div>\n\t\t\t\t\t\t<\/div>\n\t\t\t\t<\/div>\n\t\t\t\t\t<\/div>\n\t\t<\/div>\n\t\t\t\t\t<\/div>\n\t\t<\/section>\n\t\t<div class=\"elementor-element elementor-element-2a21b2e e-flex e-con-boxed e-con e-parent\" data-id=\"2a21b2e\" data-element_type=\"container\" data-e-type=\"container\">\n\t\t\t\t\t<div class=\"e-con-inner\">\n\t\t<div class=\"elementor-element elementor-element-f8fa147 e-con-full e-flex e-con e-child\" data-id=\"f8fa147\" data-element_type=\"container\" data-e-type=\"container\">\n\t\t\t\t<div class=\"elementor-element elementor-element-19ddfc8 elementor-widget elementor-widget-html\" data-id=\"19ddfc8\" data-element_type=\"widget\" data-e-type=\"widget\" data-widget_type=\"html.default\">\n\t\t\t\t<div class=\"elementor-widget-container\">\n\t\t\t\t\t<div id=\"bookingKitContainer\" data-cw=\"359ace484868c2c315097f950e722bb0\"><\/div>\n<script src=\"https:\/\/3178ee0b2128e528f2801b8a818dba44.widget.bookingkit.net\/bkscript\/359ace484868c2c315097f950e722bb0\/\" async=\"\"><\/script>\t\t\t\t<\/div>\n\t\t\t\t<\/div>\n\t\t\t\t<\/div>\n\t\t\t\t\t<\/div>\n\t\t\t\t<\/div>\n\t\t\t\t<section class=\"elementor-section elementor-top-section elementor-element elementor-element-b35c272 elementor-section-boxed elementor-section-height-default elementor-section-height-default\" data-id=\"b35c272\" data-element_type=\"section\" data-e-type=\"section\">\n\t\t\t\t\t\t<div class=\"elementor-container elementor-column-gap-default\">\n\t\t\t\t\t<div class=\"elementor-column elementor-col-100 elementor-top-column elementor-element elementor-element-b089cd5\" data-id=\"b089cd5\" data-element_type=\"column\" data-e-type=\"column\">\n\t\t\t<div class=\"elementor-widget-wrap elementor-element-populated\">\n\t\t\t\t\t\t<div class=\"elementor-element elementor-element-c891be6 elementor-widget elementor-widget-spacer\" data-id=\"c891be6\" data-element_type=\"widget\" data-e-type=\"widget\" data-widget_type=\"spacer.default\">\n\t\t\t\t<div class=\"elementor-widget-container\">\n\t\t\t\t\t\t\t<div class=\"elementor-spacer\">\n\t\t\t<div class=\"elementor-spacer-inner\"><\/div>\n\t\t<\/div>\n\t\t\t\t\t\t<\/div>\n\t\t\t\t<\/div>\n\t\t\t\t\t<\/div>\n\t\t<\/div>\n\t\t\t\t\t<\/div>\n\t\t<\/section>\n\t\t\t\t<section class=\"elementor-section elementor-top-section elementor-element elementor-element-eebf41e elementor-section-boxed elementor-section-height-default elementor-section-height-default\" data-id=\"eebf41e\" data-element_type=\"section\" data-e-type=\"section\">\n\t\t\t\t\t\t<div class=\"elementor-container elementor-column-gap-default\">\n\t\t\t\t\t<div class=\"elementor-column elementor-col-100 elementor-top-column elementor-element elementor-element-555579b\" data-id=\"555579b\" data-element_type=\"column\" data-e-type=\"column\">\n\t\t\t<div class=\"elementor-widget-wrap elementor-element-populated\">\n\t\t\t\t\t\t<div class=\"elementor-element elementor-element-914ec54 elementor-widget elementor-widget-heading\" data-id=\"914ec54\" data-element_type=\"widget\" data-e-type=\"widget\" data-widget_type=\"heading.default\">\n\t\t\t\t<div class=\"elementor-widget-container\">\n\t\t\t\t\t<h2 class=\"elementor-heading-title elementor-size-default\">Oversigt over skemaer<\/h2>\t\t\t\t<\/div>\n\t\t\t\t<\/div>\n\t\t\t\t\t<\/div>\n\t\t<\/div>\n\t\t\t\t\t<\/div>\n\t\t<\/section>\n\t\t\t\t<section class=\"elementor-section elementor-top-section elementor-element elementor-element-a86cf13 elementor-section-boxed elementor-section-height-default elementor-section-height-default\" data-id=\"a86cf13\" data-element_type=\"section\" data-e-type=\"section\">\n\t\t\t\t\t\t<div class=\"elementor-container elementor-column-gap-default\">\n\t\t\t\t\t<div class=\"elementor-column elementor-col-100 elementor-top-column elementor-element elementor-element-5248d0a\" data-id=\"5248d0a\" data-element_type=\"column\" data-e-type=\"column\">\n\t\t\t<div class=\"elementor-widget-wrap elementor-element-populated\">\n\t\t\t\t\t\t<div class=\"elementor-element elementor-element-3b5c884 elementor-widget elementor-widget-text-editor\" data-id=\"3b5c884\" data-element_type=\"widget\" data-e-type=\"widget\" data-widget_type=\"text-editor.default\">\n\t\t\t\t<div class=\"elementor-widget-container\">\n\t\t\t\t\t\t\t\t\t<p data-start=\"1576\" data-end=\"1792\"><strong>Forl\u00e6ngelse eller fornyelse af EASA-klasserettighederne SEP (Sea) og SEP (Land) kan udf\u00f8res p\u00e5 vores amfibiefly (Cessna 172P Amphibian og Lake Buccaneer LA-4).<\/strong><\/p><p data-start=\"1794\" data-end=\"1852\"><strong>Kalenderen nedenfor viser tilg\u00e6ngelige datoer og steder.<\/strong><\/p>\t\t\t\t\t\t\t\t<\/div>\n\t\t\t\t<\/div>\n\t\t\t\t\t<\/div>\n\t\t<\/div>\n\t\t\t\t\t<\/div>\n\t\t<\/section>\n\t\t\t\t<section class=\"elementor-section elementor-top-section elementor-element elementor-element-d9e9a65 elementor-section-full_width elementor-section-height-default elementor-section-height-default\" data-id=\"d9e9a65\" data-element_type=\"section\" data-e-type=\"section\">\n\t\t\t\t\t\t<div class=\"elementor-container elementor-column-gap-default\">\n\t\t\t\t\t<div class=\"elementor-column elementor-col-100 elementor-top-column elementor-element elementor-element-699264b\" data-id=\"699264b\" data-element_type=\"column\" data-e-type=\"column\">\n\t\t\t<div class=\"elementor-widget-wrap elementor-element-populated\">\n\t\t\t\t\t\t<div class=\"elementor-element elementor-element-3ebf7f0 hide elementor-widget elementor-widget-text-editor\" data-id=\"3ebf7f0\" data-element_type=\"widget\" data-e-type=\"widget\" data-widget_type=\"text-editor.default\">\n\t\t\t\t<div class=\"elementor-widget-container\">\n\t\t\t\t\t\t\t\t\t<p>Der er ikke fastsat nye datoer p\u00e5 nuv\u00e6rende tidspunkt.<\/p>\t\t\t\t\t\t\t\t<\/div>\n\t\t\t\t<\/div>\n\t\t\t\t<div class=\"elementor-element elementor-element-335441b elementor-position-top elementor-widget elementor-widget-image-box\" data-id=\"335441b\" data-element_type=\"widget\" data-e-type=\"widget\" data-widget_type=\"image-box.default\">\n\t\t\t\t<div class=\"elementor-widget-container\">\n\t\t\t\t\t<div class=\"elementor-image-box-wrapper\"><figure class=\"elementor-image-box-img\"><img fetchpriority=\"high\" decoding=\"async\" width=\"2020\" height=\"1464\" src=\"https:\/\/baltic-seaplane.de\/wp-content\/uploads\/2026\/02\/Kalender-2026-PIT-26.01_Seite_1.png\" class=\"attachment-full size-full wp-image-4330\" alt=\"Termine Wasserflug\" srcset=\"https:\/\/baltic-seaplane.de\/wp-content\/uploads\/2026\/02\/Kalender-2026-PIT-26.01_Seite_1.png 2020w, https:\/\/baltic-seaplane.de\/wp-content\/uploads\/2026\/02\/Kalender-2026-PIT-26.01_Seite_1-300x217.png 300w, https:\/\/baltic-seaplane.de\/wp-content\/uploads\/2026\/02\/Kalender-2026-PIT-26.01_Seite_1-1024x742.png 1024w, https:\/\/baltic-seaplane.de\/wp-content\/uploads\/2026\/02\/Kalender-2026-PIT-26.01_Seite_1-768x557.png 768w, https:\/\/baltic-seaplane.de\/wp-content\/uploads\/2026\/02\/Kalender-2026-PIT-26.01_Seite_1-1536x1113.png 1536w\" sizes=\"(max-width: 2020px) 100vw, 2020px\" \/><\/figure><div class=\"elementor-image-box-content\"><h3 class=\"elementor-image-box-title\">Vandflyver-kalender<\/h3><p class=\"elementor-image-box-description\">Alle datoer for rundflyvninger og vandflyvetr\u00e6ning<\/p><\/div><\/div>\t\t\t\t<\/div>\n\t\t\t\t<\/div>\n\t\t\t\t\t<\/div>\n\t\t<\/div>\n\t\t\t\t\t<\/div>\n\t\t<\/section>\n\t\t\t\t<section class=\"elementor-section elementor-top-section elementor-element elementor-element-56275e66 elementor-section-boxed elementor-section-height-default elementor-section-height-default\" data-id=\"56275e66\" data-element_type=\"section\" data-e-type=\"section\" data-settings=\"{&quot;background_background&quot;:&quot;classic&quot;}\">\n\t\t\t\t\t\t<div class=\"elementor-container elementor-column-gap-default\">\n\t\t\t\t\t<div class=\"elementor-column elementor-col-14 elementor-top-column elementor-element elementor-element-6742e7a2\" data-id=\"6742e7a2\" data-element_type=\"column\" data-e-type=\"column\">\n\t\t\t<div class=\"elementor-widget-wrap elementor-element-populated\">\n\t\t\t\t\t\t<div class=\"elementor-element elementor-element-f8baa17 elementor-widget elementor-widget-heading\" data-id=\"f8baa17\" data-element_type=\"widget\" data-e-type=\"widget\" data-widget_type=\"heading.default\">\n\t\t\t\t<div class=\"elementor-widget-container\">\n\t\t\t\t\t<h3 class=\"elementor-heading-title elementor-size-default\">Sightseeing-flyvninger i:  <\/h3>\t\t\t\t<\/div>\n\t\t\t\t<\/div>\n\t\t\t\t\t<\/div>\n\t\t<\/div>\n\t\t\t\t<div class=\"make-column-clickable-elementor elementor-column elementor-col-14 elementor-top-column elementor-element elementor-element-13b9b26e\" style=\"cursor: pointer;\" data-column-clickable=\"https:\/\/baltic-seaplane.de\/home\/rundfluege-mit-wasserflugzeug\/rundflug-flensburg-wasserflugzeug\/\" data-column-clickable-blank=\"_self\" data-id=\"13b9b26e\" data-element_type=\"column\" data-e-type=\"column\">\n\t\t\t<div class=\"elementor-widget-wrap elementor-element-populated\">\n\t\t\t\t\t\t<div class=\"elementor-element elementor-element-3631ed4a elementor-widget elementor-widget-heading\" data-id=\"3631ed4a\" data-element_type=\"widget\" data-e-type=\"widget\" data-widget_type=\"heading.default\">\n\t\t\t\t<div class=\"elementor-widget-container\">\n\t\t\t\t\t<h3 class=\"elementor-heading-title elementor-size-default\">Flensborg<\/h3>\t\t\t\t<\/div>\n\t\t\t\t<\/div>\n\t\t\t\t\t<\/div>\n\t\t<\/div>\n\t\t\t\t<div class=\"make-column-clickable-elementor elementor-column elementor-col-14 elementor-top-column elementor-element elementor-element-749d08e4\" style=\"cursor: pointer;\" data-column-clickable=\"https:\/\/baltic-seaplane.de\/home\/rundfluege-mit-wasserflugzeug\/rundflug-plau-am-see-wasserflugzeug\/\" data-column-clickable-blank=\"_self\" data-id=\"749d08e4\" data-element_type=\"column\" data-e-type=\"column\">\n\t\t\t<div class=\"elementor-widget-wrap elementor-element-populated\">\n\t\t\t\t\t\t<div class=\"elementor-element elementor-element-20032849 elementor-widget elementor-widget-heading\" data-id=\"20032849\" data-element_type=\"widget\" data-e-type=\"widget\" data-widget_type=\"heading.default\">\n\t\t\t\t<div class=\"elementor-widget-container\">\n\t\t\t\t\t<h3 class=\"elementor-heading-title elementor-size-default\">Plau ved s\u00f8en<\/h3>\t\t\t\t<\/div>\n\t\t\t\t<\/div>\n\t\t\t\t\t<\/div>\n\t\t<\/div>\n\t\t\t\t<div class=\"make-column-clickable-elementor elementor-column elementor-col-14 elementor-top-column elementor-element elementor-element-1bb5a89b\" style=\"cursor: pointer;\" data-column-clickable=\"https:\/\/baltic-seaplane.de\/home\/rundfluege-mit-wasserflugzeug\/rundflug-plau-am-see-wasserflugzeug\/\" data-column-clickable-blank=\"_self\" data-id=\"1bb5a89b\" data-element_type=\"column\" data-e-type=\"column\">\n\t\t\t<div class=\"elementor-widget-wrap elementor-element-populated\">\n\t\t\t\t\t\t<div class=\"elementor-element elementor-element-28a52204 elementor-widget elementor-widget-heading\" data-id=\"28a52204\" data-element_type=\"widget\" data-e-type=\"widget\" data-widget_type=\"heading.default\">\n\t\t\t\t<div class=\"elementor-widget-container\">\n\t\t\t\t\t<h3 class=\"elementor-heading-title elementor-size-default\">GOODS<\/h3>\t\t\t\t<\/div>\n\t\t\t\t<\/div>\n\t\t\t\t\t<\/div>\n\t\t<\/div>\n\t\t\t\t<div class=\"make-column-clickable-elementor elementor-column elementor-col-14 elementor-top-column elementor-element elementor-element-616d3d97\" style=\"cursor: pointer;\" data-column-clickable=\"https:\/\/baltic-seaplane.de\/home\/rundfluege-mit-wasserflugzeug\/rundflug-plau-am-see-wasserflugzeug\/\" data-column-clickable-blank=\"_self\" data-id=\"616d3d97\" data-element_type=\"column\" data-e-type=\"column\">\n\t\t\t<div class=\"elementor-widget-wrap elementor-element-populated\">\n\t\t\t\t\t\t<div class=\"elementor-element elementor-element-14484316 elementor-widget elementor-widget-heading\" data-id=\"14484316\" data-element_type=\"widget\" data-e-type=\"widget\" data-widget_type=\"heading.default\">\n\t\t\t\t<div class=\"elementor-widget-container\">\n\t\t\t\t\t<h3 class=\"elementor-heading-title elementor-size-default\">Ribnitz<\/h3>\t\t\t\t<\/div>\n\t\t\t\t<\/div>\n\t\t\t\t\t<\/div>\n\t\t<\/div>\n\t\t\t\t<div class=\"make-column-clickable-elementor elementor-column elementor-col-14 elementor-top-column elementor-element elementor-element-57187254\" style=\"cursor: pointer;\" data-column-clickable=\"https:\/\/baltic-seaplane.de\/home\/rundfluege-mit-wasserflugzeug\/rundflug-plau-am-see-wasserflugzeug\/\" data-column-clickable-blank=\"_self\" data-id=\"57187254\" data-element_type=\"column\" data-e-type=\"column\">\n\t\t\t<div class=\"elementor-widget-wrap elementor-element-populated\">\n\t\t\t\t\t\t<div class=\"elementor-element elementor-element-1c8fc8 elementor-widget elementor-widget-heading\" data-id=\"1c8fc8\" data-element_type=\"widget\" data-e-type=\"widget\" data-widget_type=\"heading.default\">\n\t\t\t\t<div class=\"elementor-widget-container\">\n\t\t\t\t\t<h3 class=\"elementor-heading-title elementor-size-default\">Stralsund<\/h3>\t\t\t\t<\/div>\n\t\t\t\t<\/div>\n\t\t\t\t\t<\/div>\n\t\t<\/div>\n\t\t\t\t<div class=\"make-column-clickable-elementor elementor-column elementor-col-14 elementor-top-column elementor-element elementor-element-1ad146b6\" style=\"cursor: pointer;\" data-column-clickable=\"https:\/\/baltic-seaplane.de\/home\/rundfluege-mit-wasserflugzeug\/rundflug-heringsdorf-wasserflugzeug\/\" data-column-clickable-blank=\"_self\" data-id=\"1ad146b6\" data-element_type=\"column\" data-e-type=\"column\">\n\t\t\t<div class=\"elementor-widget-wrap elementor-element-populated\">\n\t\t\t\t\t\t<div class=\"elementor-element elementor-element-1ca08834 elementor-widget elementor-widget-heading\" data-id=\"1ca08834\" data-element_type=\"widget\" data-e-type=\"widget\" data-widget_type=\"heading.default\">\n\t\t\t\t<div class=\"elementor-widget-container\">\n\t\t\t\t\t<h3 class=\"elementor-heading-title elementor-size-default\">Heringsdorf<\/h3>\t\t\t\t<\/div>\n\t\t\t\t<\/div>\n\t\t\t\t\t<\/div>\n\t\t<\/div>\n\t\t\t\t\t<\/div>\n\t\t<\/section>\n\t\t\t\t<\/div>\n\t\t","protected":false},"excerpt":{"rendered":"<p>Fascinationen ved at flyve med vandflyver Datoer for rundflyvning V\u00e6lg en dato i kalenderen. Ledige tider, steder og ledige pladser vises nedenfor. V\u00e6lg blot den \u00f8nskede dato i kalenderen og se direkte, hvor der er ledige sightseeingfly, og hvilke fly der kan bookes. Da Baltic Seaplane opererer fra forskellige steder i Nordtyskland, \u00e6ndrer vores flyvedage [&hellip;]<\/p>\n","protected":false},"author":21,"featured_media":0,"parent":4726,"menu_order":1,"comment_status":"closed","ping_status":"closed","template":"","meta":{"inline_featured_image":false,"footnotes":""},"class_list":["post-7524","page","type-page","status-publish","hentry"],"_links":{"self":[{"href":"https:\/\/baltic-seaplane.de\/da\/wp-json\/wp\/v2\/pages\/7524","targetHints":{"allow":["GET"]}}],"collection":[{"href":"https:\/\/baltic-seaplane.de\/da\/wp-json\/wp\/v2\/pages"}],"about":[{"href":"https:\/\/baltic-seaplane.de\/da\/wp-json\/wp\/v2\/types\/page"}],"author":[{"embeddable":true,"href":"https:\/\/baltic-seaplane.de\/da\/wp-json\/wp\/v2\/users\/21"}],"replies":[{"embeddable":true,"href":"https:\/\/baltic-seaplane.de\/da\/wp-json\/wp\/v2\/comments?post=7524"}],"version-history":[{"count":16,"href":"https:\/\/baltic-seaplane.de\/da\/wp-json\/wp\/v2\/pages\/7524\/revisions"}],"predecessor-version":[{"id":13908,"href":"https:\/\/baltic-seaplane.de\/da\/wp-json\/wp\/v2\/pages\/7524\/revisions\/13908"}],"up":[{"embeddable":true,"href":"https:\/\/baltic-seaplane.de\/da\/wp-json\/wp\/v2\/pages\/4726"}],"wp:attachment":[{"href":"https:\/\/baltic-seaplane.de\/da\/wp-json\/wp\/v2\/media?parent=7524"}],"curies":[{"name":"wp","href":"https:\/\/api.w.org\/{rel}","templated":true}]}}