{"id":4821,"date":"2022-01-24T13:17:46","date_gmt":"2022-01-24T12:17:46","guid":{"rendered":"https:\/\/baltic-seaplane.de\/startside\/virksomheden\/"},"modified":"2026-03-19T02:14:00","modified_gmt":"2026-03-19T01:14:00","slug":"virksomheden","status":"publish","type":"page","link":"https:\/\/baltic-seaplane.de\/da\/startside\/virksomheden\/","title":{"rendered":"Virksomheden"},"content":{"rendered":"\t\t<div data-elementor-type=\"wp-page\" data-elementor-id=\"4821\" class=\"elementor elementor-4821 elementor-350\" data-elementor-post-type=\"page\">\n\t\t\t\t<div class=\"elementor-element elementor-element-6837234 e-flex e-con-boxed e-con e-parent\" data-id=\"6837234\" data-element_type=\"container\" data-e-type=\"container\">\n\t\t\t\t\t<div class=\"e-con-inner\">\n\t\t\t\t<div class=\"elementor-element elementor-element-fb9cf82 elementor-widget elementor-widget-spacer\" data-id=\"fb9cf82\" data-element_type=\"widget\" data-e-type=\"widget\" data-widget_type=\"spacer.default\">\n\t\t\t\t<div class=\"elementor-widget-container\">\n\t\t\t\t\t\t\t<div class=\"elementor-spacer\">\n\t\t\t<div class=\"elementor-spacer-inner\"><\/div>\n\t\t<\/div>\n\t\t\t\t\t\t<\/div>\n\t\t\t\t<\/div>\n\t\t\t\t\t<\/div>\n\t\t\t\t<\/div>\n\t\t\t\t<section class=\"elementor-section elementor-top-section elementor-element elementor-element-56c803f5 elementor-section-full_width elementor-section-height-default elementor-section-height-default\" data-id=\"56c803f5\" data-element_type=\"section\" data-e-type=\"section\">\n\t\t\t\t\t\t<div class=\"elementor-container elementor-column-gap-default\">\n\t\t\t\t\t<div class=\"elementor-column elementor-col-100 elementor-top-column elementor-element elementor-element-74cc8221\" data-id=\"74cc8221\" data-element_type=\"column\" data-e-type=\"column\">\n\t\t\t<div class=\"elementor-widget-wrap elementor-element-populated\">\n\t\t\t\t\t\t<div class=\"elementor-element elementor-element-4b708049 elementor-widget elementor-widget-heading\" data-id=\"4b708049\" data-element_type=\"widget\" data-e-type=\"widget\" data-settings=\"{&quot;_animation_mobile&quot;:&quot;none&quot;}\" data-widget_type=\"heading.default\">\n\t\t\t\t<div class=\"elementor-widget-container\">\n\t\t\t\t\t<h3 class=\"elementor-heading-title elementor-size-default\">Baltic Seaplane - Kompetencecenter for vandflyvere<\/h3>\t\t\t\t<\/div>\n\t\t\t\t<\/div>\n\t\t\t\t<div class=\"elementor-element elementor-element-7db48df8 elementor-widget elementor-widget-heading\" data-id=\"7db48df8\" data-element_type=\"widget\" data-e-type=\"widget\" data-widget_type=\"heading.default\">\n\t\t\t\t<div class=\"elementor-widget-container\">\n\t\t\t\t\t<h1 class=\"elementor-heading-title elementor-size-default\">Om os<\/h1>\t\t\t\t<\/div>\n\t\t\t\t<\/div>\n\t\t\t\t\t<\/div>\n\t\t<\/div>\n\t\t\t\t\t<\/div>\n\t\t<\/section>\n\t\t\t\t<section class=\"elementor-section elementor-top-section elementor-element elementor-element-76c8c62 elementor-section-full_width elementor-section-height-default elementor-section-height-default\" data-id=\"76c8c62\" data-element_type=\"section\" data-e-type=\"section\">\n\t\t\t\t\t\t<div class=\"elementor-container elementor-column-gap-default\">\n\t\t\t\t\t<div class=\"elementor-column elementor-col-33 elementor-top-column elementor-element elementor-element-6a98d62\" data-id=\"6a98d62\" data-element_type=\"column\" data-e-type=\"column\">\n\t\t\t<div class=\"elementor-widget-wrap elementor-element-populated\">\n\t\t\t\t\t\t<div class=\"elementor-element elementor-element-ee41739 elementor-widget elementor-widget-text-editor\" data-id=\"ee41739\" data-element_type=\"widget\" data-e-type=\"widget\" data-widget_type=\"text-editor.default\">\n\t\t\t\t<div class=\"elementor-widget-container\">\n\t\t\t\t\t\t\t\t\t<p data-start=\"327\" data-end=\"675\">Baltic Seaplane er en af de f\u00f8rende udbydere af vandflyveruddannelse og vandflyveroperationer i Europa. Vi tilbyder piloter mulighed for at erhverve, forl\u00e6nge eller forny deres <a href=\"https:\/\/baltic-seaplane.de\/da\/startside\/flyveskole\/sep-sea-vandflyvercertifikat\/\">SEP (Sea)<\/a> vandflyverlicens. Derudover underst\u00f8tter vi avanceret tr\u00e6ning i <a href=\"https:\/\/baltic-seaplane.de\/da\/startside\/flyveskole\/vandflyvercertifikat-set-hav\/\">SET (Sea)<\/a> samt operationer p\u00e5 \u00e5bent vand og h\u00e5rdt vand.  <\/p><p data-start=\"469\" data-end=\"726\">Ud over pilottr\u00e6ning tilbyder vi som anerkendt luftfartsselskab passagererne en unik oplevelse p\u00e5 sightseeingflyvninger. Baltic Seaplane er i \u00f8jeblikket det eneste aktive selskab i Tyskland, der tilbyder sightseeingflyvninger med vandflyvere.<\/p><p data-start=\"728\" data-end=\"892\">Vi udf\u00f8rer vores sightseeingflyvninger p\u00e5 vandet i Flensborg og langs Mecklenburgische Seenplatte og \u00d8sters\u00f8kysten &#8211; herunder Zingst, R\u00fcgen og Usedom.<\/p><p data-start=\"845\" data-end=\"1107\">BALTIC SEAPLANE er et EASA-registreret luftfartsselskab (ATO D-SH 004 AOC) under tilsyn af Schleswig-Holstein Aviation Authority samt en tr\u00e6ningsorganisation (EASA ATO, DE.SH.AOC.004) og en godkendt flyveskole (FTO CAAT.FTO.0036) under den thailandske luftfartsmyndighed CAAT. Vi kombinerer s\u00e5ledes europ\u00e6isk uddannelsestradition med internationale aktiviteter.<\/p><h3 data-start=\"1114\" data-end=\"1171\">Erfaring, kontinuitet og et internationalt perspektiv<\/h3><p data-start=\"1173\" data-end=\"1464\">Baltic Seaplane GmbH blev grundlagt i 2015 p\u00e5 initiativ af erfarne vandflyvepiloter og instrukt\u00f8rer. Luis Filipe Pitacas, der har v\u00e6ret aktiv inden for vandflyvning siden 2006 og allerede har fl\u00f8jet som postholder og pilot for bl.a. Clipper Aviation, var en n\u00f8glefigur lige fra begyndelsen. Med over 7.000 vandlandinger p\u00e5 en lang r\u00e6kke forskellige fly har han en us\u00e6dvanlig bred praktisk erfaring og er nu en af de mest erfarne vandflypiloter i Tyskland.  <\/p><p data-start=\"1466\" data-end=\"1654\">Som Baltic Seaplanes flyvechef er han nu den centrale operationelle s\u00f8jle i virksomheden og det eneste stiftende medlem, der stadig er aktivt involveret i virksomheden i dag.<\/p><h3 data-start=\"1911\" data-end=\"1943\">Fra \u00d8sters\u00f8en til Thailand<\/h3><p data-start=\"1945\" data-end=\"2070\">Ud over den klassiske SEP-tr\u00e6ning (Sea) st\u00f8tter vi ogs\u00e5 internationale projekter i den kommercielle vandflyversektor.<\/p><p data-start=\"2072\" data-end=\"2364\">I Thailand st\u00f8tter vi som autoriseret FTO under CAAT den strukturerede udvikling af moderne vandflyveoperationer. Her uddanner vi professionelle piloter til kommercielle operationer p\u00e5 \u00e5bent vand og arbejder sammen med erfarne eksperter fra den maldiviske vandflyvning og den thailandske luftfartsmyndighed CAAT. <\/p><p data-start=\"2366\" data-end=\"2496\">Vi kombinerer s\u00e5ledes den traditionelle vandflyverhistorie i \u00d8sters\u00f8en med udviklingen af nye vandflyverstrukturer i Syd\u00f8stasien.<\/p><h3 data-start=\"2503\" data-end=\"2528\">Tradition og modernitet<\/h3><p data-start=\"2530\" data-end=\"2776\">Siden 2015 har vi brugt vores moderniserede Cessna 172P Amphibian som tr\u00e6ningsfly og videref\u00f8rt vandflyvertraditionen i Flensborg &#8211; i dag suppleret med internationale projekter, \u00e5bent vand-tr\u00e6ning og uddannelse af professionelle piloter.<\/p><p data-start=\"2778\" data-end=\"2867\">Oplev fascinationen af vandflyvning med os &#8211; fra b\u00f8lgerne til over skyerne.<\/p>\t\t\t\t\t\t\t\t<\/div>\n\t\t\t\t<\/div>\n\t\t\t\t\t<\/div>\n\t\t<\/div>\n\t\t\t\t<div class=\"elementor-column elementor-col-33 elementor-top-column elementor-element elementor-element-449a5cc\" data-id=\"449a5cc\" data-element_type=\"column\" data-e-type=\"column\">\n\t\t\t<div class=\"elementor-widget-wrap\">\n\t\t\t\t\t\t\t<\/div>\n\t\t<\/div>\n\t\t\t\t<div class=\"elementor-column elementor-col-33 elementor-top-column elementor-element elementor-element-476ebe2\" data-id=\"476ebe2\" data-element_type=\"column\" data-e-type=\"column\">\n\t\t\t<div class=\"elementor-widget-wrap elementor-element-populated\">\n\t\t\t\t\t\t<div class=\"elementor-element elementor-element-bced8b7 elementor-widget elementor-widget-image\" data-id=\"bced8b7\" data-element_type=\"widget\" data-e-type=\"widget\" data-widget_type=\"image.default\">\n\t\t\t\t<div class=\"elementor-widget-container\">\n\t\t\t\t\t\t\t\t\t\t\t\t\t\t\t<img fetchpriority=\"high\" decoding=\"async\" width=\"724\" height=\"1024\" src=\"https:\/\/baltic-seaplane.de\/wp-content\/uploads\/2026\/03\/AOC-Luftfahrtbetriebszeugnis-724x1024.png\" class=\"attachment-large size-large wp-image-4997\" alt=\"AOC Luftfahrtbetriebszeugnis\" srcset=\"https:\/\/baltic-seaplane.de\/wp-content\/uploads\/2026\/03\/AOC-Luftfahrtbetriebszeugnis-724x1024.png 724w, https:\/\/baltic-seaplane.de\/wp-content\/uploads\/2026\/03\/AOC-Luftfahrtbetriebszeugnis-212x300.png 212w, https:\/\/baltic-seaplane.de\/wp-content\/uploads\/2026\/03\/AOC-Luftfahrtbetriebszeugnis-768x1086.png 768w, https:\/\/baltic-seaplane.de\/wp-content\/uploads\/2026\/03\/AOC-Luftfahrtbetriebszeugnis-1086x1536.png 1086w, https:\/\/baltic-seaplane.de\/wp-content\/uploads\/2026\/03\/AOC-Luftfahrtbetriebszeugnis-1448x2048.png 1448w, https:\/\/baltic-seaplane.de\/wp-content\/uploads\/2026\/03\/AOC-Luftfahrtbetriebszeugnis-scaled.png 1810w\" sizes=\"(max-width: 724px) 100vw, 724px\" \/>\t\t\t\t\t\t\t\t\t\t\t\t\t\t\t<\/div>\n\t\t\t\t<\/div>\n\t\t\t\t<div class=\"elementor-element elementor-element-725747b elementor-widget elementor-widget-spacer\" data-id=\"725747b\" data-element_type=\"widget\" data-e-type=\"widget\" data-widget_type=\"spacer.default\">\n\t\t\t\t<div class=\"elementor-widget-container\">\n\t\t\t\t\t\t\t<div class=\"elementor-spacer\">\n\t\t\t<div class=\"elementor-spacer-inner\"><\/div>\n\t\t<\/div>\n\t\t\t\t\t\t<\/div>\n\t\t\t\t<\/div>\n\t\t\t\t<div class=\"elementor-element elementor-element-005e019 elementor-widget elementor-widget-image\" data-id=\"005e019\" data-element_type=\"widget\" data-e-type=\"widget\" data-widget_type=\"image.default\">\n\t\t\t\t<div class=\"elementor-widget-container\">\n\t\t\t\t\t\t\t\t\t\t\t\t\t\t\t<img decoding=\"async\" width=\"724\" height=\"1024\" data-src=\"https:\/\/baltic-seaplane.de\/wp-content\/uploads\/2026\/03\/ATO-EASA-BALTIC-SEAPLANE-Wasserflug-724x1024.png\" class=\"attachment-large size-large wp-image-4441 lazyload\" alt=\"ATO Dokument EASA Seaplane Training\" data-srcset=\"https:\/\/baltic-seaplane.de\/wp-content\/uploads\/2026\/03\/ATO-EASA-BALTIC-SEAPLANE-Wasserflug-724x1024.png 724w, https:\/\/baltic-seaplane.de\/wp-content\/uploads\/2026\/03\/ATO-EASA-BALTIC-SEAPLANE-Wasserflug-212x300.png 212w, https:\/\/baltic-seaplane.de\/wp-content\/uploads\/2026\/03\/ATO-EASA-BALTIC-SEAPLANE-Wasserflug-768x1086.png 768w, https:\/\/baltic-seaplane.de\/wp-content\/uploads\/2026\/03\/ATO-EASA-BALTIC-SEAPLANE-Wasserflug-1086x1536.png 1086w, https:\/\/baltic-seaplane.de\/wp-content\/uploads\/2026\/03\/ATO-EASA-BALTIC-SEAPLANE-Wasserflug-1448x2048.png 1448w, https:\/\/baltic-seaplane.de\/wp-content\/uploads\/2026\/03\/ATO-EASA-BALTIC-SEAPLANE-Wasserflug-scaled.png 1810w\" data-sizes=\"(max-width: 724px) 100vw, 724px\" src=\"data:image\/svg+xml;base64,PHN2ZyB3aWR0aD0iMSIgaGVpZ2h0PSIxIiB4bWxucz0iaHR0cDovL3d3dy53My5vcmcvMjAwMC9zdmciPjwvc3ZnPg==\" style=\"--smush-placeholder-width: 724px; --smush-placeholder-aspect-ratio: 724\/1024;\" \/>\t\t\t\t\t\t\t\t\t\t\t\t\t\t\t<\/div>\n\t\t\t\t<\/div>\n\t\t\t\t<div class=\"elementor-element elementor-element-cc84f52 elementor-widget elementor-widget-spacer\" data-id=\"cc84f52\" data-element_type=\"widget\" data-e-type=\"widget\" data-widget_type=\"spacer.default\">\n\t\t\t\t<div class=\"elementor-widget-container\">\n\t\t\t\t\t\t\t<div class=\"elementor-spacer\">\n\t\t\t<div class=\"elementor-spacer-inner\"><\/div>\n\t\t<\/div>\n\t\t\t\t\t\t<\/div>\n\t\t\t\t<\/div>\n\t\t\t\t<div class=\"elementor-element elementor-element-ca2d227 elementor-widget elementor-widget-image\" data-id=\"ca2d227\" data-element_type=\"widget\" data-e-type=\"widget\" data-widget_type=\"image.default\">\n\t\t\t\t<div class=\"elementor-widget-container\">\n\t\t\t\t\t\t\t\t\t\t\t\t\t\t\t<img decoding=\"async\" width=\"724\" height=\"1024\" data-src=\"https:\/\/baltic-seaplane.de\/wp-content\/uploads\/2026\/03\/FTO-CAAT-EASA-Seaplane-Training-724x1024.png\" class=\"attachment-large size-large wp-image-4442 lazyload\" alt=\"FTO Dokument CAAT Seaplane Training\" data-srcset=\"https:\/\/baltic-seaplane.de\/wp-content\/uploads\/2026\/03\/FTO-CAAT-EASA-Seaplane-Training-724x1024.png 724w, https:\/\/baltic-seaplane.de\/wp-content\/uploads\/2026\/03\/FTO-CAAT-EASA-Seaplane-Training-212x300.png 212w, https:\/\/baltic-seaplane.de\/wp-content\/uploads\/2026\/03\/FTO-CAAT-EASA-Seaplane-Training-768x1086.png 768w, https:\/\/baltic-seaplane.de\/wp-content\/uploads\/2026\/03\/FTO-CAAT-EASA-Seaplane-Training-1086x1536.png 1086w, https:\/\/baltic-seaplane.de\/wp-content\/uploads\/2026\/03\/FTO-CAAT-EASA-Seaplane-Training-1448x2048.png 1448w, https:\/\/baltic-seaplane.de\/wp-content\/uploads\/2026\/03\/FTO-CAAT-EASA-Seaplane-Training-scaled.png 1810w\" data-sizes=\"(max-width: 724px) 100vw, 724px\" src=\"data:image\/svg+xml;base64,PHN2ZyB3aWR0aD0iMSIgaGVpZ2h0PSIxIiB4bWxucz0iaHR0cDovL3d3dy53My5vcmcvMjAwMC9zdmciPjwvc3ZnPg==\" style=\"--smush-placeholder-width: 724px; --smush-placeholder-aspect-ratio: 724\/1024;\" \/>\t\t\t\t\t\t\t\t\t\t\t\t\t\t\t<\/div>\n\t\t\t\t<\/div>\n\t\t\t\t\t<\/div>\n\t\t<\/div>\n\t\t\t\t\t<\/div>\n\t\t<\/section>\n\t\t\t\t<section class=\"elementor-section elementor-top-section elementor-element elementor-element-ebdd836 elementor-section-boxed elementor-section-height-default elementor-section-height-default\" data-id=\"ebdd836\" data-element_type=\"section\" data-e-type=\"section\">\n\t\t\t\t\t\t<div class=\"elementor-container elementor-column-gap-default\">\n\t\t\t\t\t<div class=\"elementor-column elementor-col-100 elementor-top-column elementor-element elementor-element-5a75370\" data-id=\"5a75370\" data-element_type=\"column\" data-e-type=\"column\">\n\t\t\t<div class=\"elementor-widget-wrap\">\n\t\t\t\t\t\t\t<\/div>\n\t\t<\/div>\n\t\t\t\t\t<\/div>\n\t\t<\/section>\n\t\t\t\t<\/div>\n\t\t","protected":false},"excerpt":{"rendered":"<p>Baltic Seaplane &#8211; Kompetencecenter for vandflyvere Om os Baltic Seaplane er en af de f\u00f8rende udbydere af vandflyveruddannelse og vandflyveroperationer i Europa. Vi tilbyder piloter mulighed for at erhverve, forl\u00e6nge eller forny deres SEP (Sea) vandflyverlicens. Derudover underst\u00f8tter vi avanceret tr\u00e6ning i SET (Sea) samt operationer p\u00e5 \u00e5bent vand og h\u00e5rdt vand. Ud over pilottr\u00e6ning [&hellip;]<\/p>\n","protected":false},"author":4,"featured_media":0,"parent":4658,"menu_order":0,"comment_status":"closed","ping_status":"closed","template":"","meta":{"inline_featured_image":false,"footnotes":""},"class_list":["post-4821","page","type-page","status-publish","hentry"],"_links":{"self":[{"href":"https:\/\/baltic-seaplane.de\/da\/wp-json\/wp\/v2\/pages\/4821","targetHints":{"allow":["GET"]}}],"collection":[{"href":"https:\/\/baltic-seaplane.de\/da\/wp-json\/wp\/v2\/pages"}],"about":[{"href":"https:\/\/baltic-seaplane.de\/da\/wp-json\/wp\/v2\/types\/page"}],"author":[{"embeddable":true,"href":"https:\/\/baltic-seaplane.de\/da\/wp-json\/wp\/v2\/users\/4"}],"replies":[{"embeddable":true,"href":"https:\/\/baltic-seaplane.de\/da\/wp-json\/wp\/v2\/comments?post=4821"}],"version-history":[{"count":16,"href":"https:\/\/baltic-seaplane.de\/da\/wp-json\/wp\/v2\/pages\/4821\/revisions"}],"predecessor-version":[{"id":8564,"href":"https:\/\/baltic-seaplane.de\/da\/wp-json\/wp\/v2\/pages\/4821\/revisions\/8564"}],"up":[{"embeddable":true,"href":"https:\/\/baltic-seaplane.de\/da\/wp-json\/wp\/v2\/pages\/4658"}],"wp:attachment":[{"href":"https:\/\/baltic-seaplane.de\/da\/wp-json\/wp\/v2\/media?parent=4821"}],"curies":[{"name":"wp","href":"https:\/\/api.w.org\/{rel}","templated":true}]}}