{"id":4819,"date":"2022-01-24T13:18:39","date_gmt":"2022-01-24T12:18:39","guid":{"rendered":"https:\/\/baltic-seaplane.de\/om-os\/"},"modified":"2026-03-02T10:41:08","modified_gmt":"2026-03-02T09:41:08","slug":"om-os","status":"publish","type":"page","link":"https:\/\/baltic-seaplane.de\/da\/startside\/virksomheden\/om-os\/","title":{"rendered":"Om os"},"content":{"rendered":"\t\t<div data-elementor-type=\"wp-page\" data-elementor-id=\"4819\" class=\"elementor elementor-4819 elementor-358\" data-elementor-post-type=\"page\">\n\t\t\t\t\t\t<section class=\"elementor-section elementor-top-section elementor-element elementor-element-2dbfdd1 elementor-section-boxed elementor-section-height-default elementor-section-height-default\" data-id=\"2dbfdd1\" data-element_type=\"section\" data-e-type=\"section\">\n\t\t\t\t\t\t<div class=\"elementor-container elementor-column-gap-default\">\n\t\t\t\t\t<div class=\"elementor-column elementor-col-100 elementor-top-column elementor-element elementor-element-f234165\" data-id=\"f234165\" data-element_type=\"column\" data-e-type=\"column\" data-settings=\"{&quot;background_background&quot;:&quot;classic&quot;}\">\n\t\t\t<div class=\"elementor-widget-wrap elementor-element-populated\">\n\t\t\t\t\t\t<div class=\"elementor-element elementor-element-e9b20e6 elementor-widget elementor-widget-heading\" data-id=\"e9b20e6\" data-element_type=\"widget\" data-e-type=\"widget\" data-widget_type=\"heading.default\">\n\t\t\t\t<div class=\"elementor-widget-container\">\n\t\t\t\t\t<h3 class=\"elementor-heading-title elementor-size-default\">\"Vandflyvning\" - indbegrebet af flyvefrihed og uafh\u00e6ngighed!\n<\/h3>\t\t\t\t<\/div>\n\t\t\t\t<\/div>\n\t\t\t\t\t<\/div>\n\t\t<\/div>\n\t\t\t\t\t<\/div>\n\t\t<\/section>\n\t\t\t\t<section class=\"elementor-section elementor-top-section elementor-element elementor-element-a412894 elementor-section-content-top elementor-section-boxed elementor-section-height-default elementor-section-height-default\" data-id=\"a412894\" data-element_type=\"section\" data-e-type=\"section\">\n\t\t\t\t\t\t<div class=\"elementor-container elementor-column-gap-default\">\n\t\t\t\t\t<div class=\"elementor-column elementor-col-50 elementor-top-column elementor-element elementor-element-5eeb3ba\" data-id=\"5eeb3ba\" data-element_type=\"column\" data-e-type=\"column\">\n\t\t\t<div class=\"elementor-widget-wrap elementor-element-populated\">\n\t\t\t\t\t\t<div class=\"elementor-element elementor-element-7af213b elementor-widget elementor-widget-text-editor\" data-id=\"7af213b\" data-element_type=\"widget\" data-e-type=\"widget\" data-widget_type=\"text-editor.default\">\n\t\t\t\t<div class=\"elementor-widget-container\">\n\t\t\t\t\t\t\t\t\t<p><span style=\"font-weight: 400;\">Baltic-Seaplane er den f\u00f8rende udbyder af vandflyvning i Tyskland.<\/span><\/p><p><span style=\"font-weight: 400;\">Vi tilbyder piloter en unik mulighed for at erhverve og vedligeholde deres vandflyvercertifikat og for at f\u00e5 en smagspr\u00f8ve p\u00e5 vandflyvning.<\/span><\/p><p><span style=\"font-weight: 400;\">Passagerer kan f\u00e5 en unik oplevelse p\u00e5 sightseeingflyvninger. Vi flyver dem i samarbejde med &#8220;Fly&amp;Sail&#8221; i Flensborg-Sonwik.<\/span><\/p><p><span style=\"font-weight: 400;\">Baltic-Seaplane GmbH&#8221; blev grundlagt i 2015.<\/span> <span style=\"font-weight: 400;\">blev grundlagt p\u00e5 initiativ af fire erfarne vandflyverpiloter og -instrukt\u00f8rer. Samme \u00e5r blev flyveskolen (ATO) etableret, og vores tr\u00e6ningsfly, en Cessna 172P p\u00e5 amfibieflyvere, blev moderniseret og indregistreret i Tyskland.  <\/span><\/p><p><span style=\"font-weight: 400;\">Siden da har vi formidlet denne flyvende frihed p\u00e5 og over Flensborg Fjord, det danske Sydhav og det mecklenburgske s\u00f8h\u00f8jland.<\/span><\/p><p><span style=\"font-weight: 400;\">Kvalificeret tr\u00e6ning i teori og praksis er en selvf\u00f8lge for vores erfarne og kompetente team.<\/span><\/p><p><span style=\"font-weight: 400;\">Oplev gr\u00e6nsel\u00f8s fascination fra b\u00f8lgerne til over skyerne.<\/span><\/p>\t\t\t\t\t\t\t\t<\/div>\n\t\t\t\t<\/div>\n\t\t\t\t<div class=\"elementor-element elementor-element-0febc9e elementor-hidden-widescreen elementor-hidden-desktop elementor-hidden-laptop elementor-widget elementor-widget-heading\" data-id=\"0febc9e\" data-element_type=\"widget\" data-e-type=\"widget\" data-widget_type=\"heading.default\">\n\t\t\t\t<div class=\"elementor-widget-container\">\n\t\t\t\t\t<h2 class=\"elementor-heading-title elementor-size-default\">Vi ser frem til dit bes\u00f8g hos os: \"Baltic-Seaplane\"!\n\n<\/h2>\t\t\t\t<\/div>\n\t\t\t\t<\/div>\n\t\t\t\t<div class=\"elementor-element elementor-element-b306f6e elementor-widget__width-auto elementor-hidden-widescreen elementor-hidden-desktop elementor-hidden-laptop elementor-widget elementor-widget-heading\" data-id=\"b306f6e\" data-element_type=\"widget\" data-e-type=\"widget\" data-widget_type=\"heading.default\">\n\t\t\t\t<div class=\"elementor-widget-container\">\n\t\t\t\t\t<span class=\"elementor-heading-title elementor-size-default\">Lad os flyve med flydere!<\/span>\t\t\t\t<\/div>\n\t\t\t\t<\/div>\n\t\t\t\t<div class=\"elementor-element elementor-element-69cfdde elementor-align-center elementor-hidden-widescreen elementor-hidden-desktop elementor-hidden-laptop elementor-widget elementor-widget-button\" data-id=\"69cfdde\" data-element_type=\"widget\" data-e-type=\"widget\" data-widget_type=\"button.default\">\n\t\t\t\t<div class=\"elementor-widget-container\">\n\t\t\t\t\t\t\t\t\t<div class=\"elementor-button-wrapper\">\n\t\t\t\t\t<a class=\"elementor-button elementor-button-link elementor-size-sm\" href=\"#\">\n\t\t\t\t\t\t<span class=\"elementor-button-content-wrapper\">\n\t\t\t\t\t\t\t\t\t<span class=\"elementor-button-text\">Arranger et indledende m\u00f8de<\/span>\n\t\t\t\t\t<\/span>\n\t\t\t\t\t<\/a>\n\t\t\t\t<\/div>\n\t\t\t\t\t\t\t\t<\/div>\n\t\t\t\t<\/div>\n\t\t\t\t\t<\/div>\n\t\t<\/div>\n\t\t\t\t<div class=\"elementor-column elementor-col-50 elementor-top-column elementor-element elementor-element-5d47bd6\" data-id=\"5d47bd6\" data-element_type=\"column\" data-e-type=\"column\">\n\t\t\t<div class=\"elementor-widget-wrap elementor-element-populated\">\n\t\t\t\t\t\t<div class=\"elementor-element elementor-element-3b91092 elementor-widget elementor-widget-image\" data-id=\"3b91092\" data-element_type=\"widget\" data-e-type=\"widget\" data-widget_type=\"image.default\">\n\t\t\t\t<div class=\"elementor-widget-container\">\n\t\t\t\t\t\t\t\t\t\t\t\t\t\t\t<img fetchpriority=\"high\" decoding=\"async\" width=\"800\" height=\"557\" src=\"https:\/\/baltic-seaplane.de\/wp-content\/uploads\/2022\/01\/cache_2466405675.jpeg\" class=\"attachment-large size-large wp-image-672\" alt=\"\" srcset=\"https:\/\/baltic-seaplane.de\/wp-content\/uploads\/2022\/01\/cache_2466405675.jpeg 920w, https:\/\/baltic-seaplane.de\/wp-content\/uploads\/2022\/01\/cache_2466405675-300x209.jpeg 300w, https:\/\/baltic-seaplane.de\/wp-content\/uploads\/2022\/01\/cache_2466405675-768x535.jpeg 768w, https:\/\/baltic-seaplane.de\/wp-content\/uploads\/2022\/01\/cache_2466405675-600x418.jpeg 600w\" sizes=\"(max-width: 800px) 100vw, 800px\" \/>\t\t\t\t\t\t\t\t\t\t\t\t\t\t\t<\/div>\n\t\t\t\t<\/div>\n\t\t\t\t\t<\/div>\n\t\t<\/div>\n\t\t\t\t\t<\/div>\n\t\t<\/section>\n\t\t\t\t<section class=\"elementor-section elementor-top-section elementor-element elementor-element-68581c4 elementor-section-content-top elementor-hidden-tablet elementor-hidden-mobile elementor-section-boxed elementor-section-height-default elementor-section-height-default\" data-id=\"68581c4\" data-element_type=\"section\" data-e-type=\"section\">\n\t\t\t\t\t\t<div class=\"elementor-container elementor-column-gap-default\">\n\t\t\t\t\t<div class=\"elementor-column elementor-col-50 elementor-top-column elementor-element elementor-element-63e3f96\" data-id=\"63e3f96\" data-element_type=\"column\" data-e-type=\"column\">\n\t\t\t<div class=\"elementor-widget-wrap elementor-element-populated\">\n\t\t\t\t\t\t<div class=\"elementor-element elementor-element-66531cd elementor-hidden-tablet elementor-hidden-mobile elementor-widget elementor-widget-heading\" data-id=\"66531cd\" data-element_type=\"widget\" data-e-type=\"widget\" data-widget_type=\"heading.default\">\n\t\t\t\t<div class=\"elementor-widget-container\">\n\t\t\t\t\t<h2 class=\"elementor-heading-title elementor-size-default\">Vi ser frem til dit bes\u00f8g hos os: \"Baltic-Seaplane\"!\n\n<\/h2>\t\t\t\t<\/div>\n\t\t\t\t<\/div>\n\t\t\t\t<div class=\"elementor-element elementor-element-a9d52ed elementor-align-center baltic-button elementor-widget elementor-widget-button\" data-id=\"a9d52ed\" data-element_type=\"widget\" data-e-type=\"widget\" data-widget_type=\"button.default\">\n\t\t\t\t<div class=\"elementor-widget-container\">\n\t\t\t\t\t\t\t\t\t<div class=\"elementor-button-wrapper\">\n\t\t\t\t\t<a class=\"elementor-button elementor-button-link elementor-size-sm\" href=\"https:\/\/baltic-seaplane.de\/startseite\/kontakt\/\">\n\t\t\t\t\t\t<span class=\"elementor-button-content-wrapper\">\n\t\t\t\t\t\t\t\t\t<span class=\"elementor-button-text\">Arranger et indledende m\u00f8de<\/span>\n\t\t\t\t\t<\/span>\n\t\t\t\t\t<\/a>\n\t\t\t\t<\/div>\n\t\t\t\t\t\t\t\t<\/div>\n\t\t\t\t<\/div>\n\t\t\t\t\t<\/div>\n\t\t<\/div>\n\t\t\t\t<div class=\"elementor-column elementor-col-50 elementor-top-column elementor-element elementor-element-bdcbcf9\" data-id=\"bdcbcf9\" data-element_type=\"column\" data-e-type=\"column\">\n\t\t\t<div class=\"elementor-widget-wrap elementor-element-populated\">\n\t\t\t\t\t\t<div class=\"elementor-element elementor-element-2ab397e elementor-widget__width-auto elementor-widget elementor-widget-heading\" data-id=\"2ab397e\" data-element_type=\"widget\" data-e-type=\"widget\" data-widget_type=\"heading.default\">\n\t\t\t\t<div class=\"elementor-widget-container\">\n\t\t\t\t\t<span class=\"elementor-heading-title elementor-size-default\">Lad os flyve med flydere!<\/span>\t\t\t\t<\/div>\n\t\t\t\t<\/div>\n\t\t\t\t\t<\/div>\n\t\t<\/div>\n\t\t\t\t\t<\/div>\n\t\t<\/section>\n\t\t\t\t<\/div>\n\t\t","protected":false},"excerpt":{"rendered":"<p>&#8220;Vandflyvning&#8221; &#8211; indbegrebet af flyvefrihed og uafh\u00e6ngighed! Baltic-Seaplane er den f\u00f8rende udbyder af vandflyvning i Tyskland. Vi tilbyder piloter en unik mulighed for at erhverve og vedligeholde deres vandflyvercertifikat og for at f\u00e5 en smagspr\u00f8ve p\u00e5 vandflyvning. Passagerer kan f\u00e5 en unik oplevelse p\u00e5 sightseeingflyvninger. Vi flyver dem i samarbejde med &#8220;Fly&amp;Sail&#8221; i Flensborg-Sonwik. Baltic-Seaplane [&hellip;]<\/p>\n","protected":false},"author":4,"featured_media":0,"parent":4821,"menu_order":0,"comment_status":"closed","ping_status":"closed","template":"elementor_theme","meta":{"inline_featured_image":false,"footnotes":""},"class_list":["post-4819","page","type-page","status-publish","hentry"],"_links":{"self":[{"href":"https:\/\/baltic-seaplane.de\/da\/wp-json\/wp\/v2\/pages\/4819","targetHints":{"allow":["GET"]}}],"collection":[{"href":"https:\/\/baltic-seaplane.de\/da\/wp-json\/wp\/v2\/pages"}],"about":[{"href":"https:\/\/baltic-seaplane.de\/da\/wp-json\/wp\/v2\/types\/page"}],"author":[{"embeddable":true,"href":"https:\/\/baltic-seaplane.de\/da\/wp-json\/wp\/v2\/users\/4"}],"replies":[{"embeddable":true,"href":"https:\/\/baltic-seaplane.de\/da\/wp-json\/wp\/v2\/comments?post=4819"}],"version-history":[{"count":1,"href":"https:\/\/baltic-seaplane.de\/da\/wp-json\/wp\/v2\/pages\/4819\/revisions"}],"predecessor-version":[{"id":4820,"href":"https:\/\/baltic-seaplane.de\/da\/wp-json\/wp\/v2\/pages\/4819\/revisions\/4820"}],"up":[{"embeddable":true,"href":"https:\/\/baltic-seaplane.de\/da\/wp-json\/wp\/v2\/pages\/4821"}],"wp:attachment":[{"href":"https:\/\/baltic-seaplane.de\/da\/wp-json\/wp\/v2\/media?parent=4819"}],"curies":[{"name":"wp","href":"https:\/\/api.w.org\/{rel}","templated":true}]}}