{"id":4801,"date":"2022-02-24T14:07:14","date_gmt":"2022-02-24T13:07:14","guid":{"rendered":"https:\/\/baltic-seaplane.de\/venner-og-partnere\/"},"modified":"2026-04-26T10:20:10","modified_gmt":"2026-04-26T08:20:10","slug":"venner-og-partnere","status":"publish","type":"page","link":"https:\/\/baltic-seaplane.de\/da\/startside\/virksomheden\/venner-og-partnere\/","title":{"rendered":"Venner og partnere"},"content":{"rendered":"\t\t<div data-elementor-type=\"wp-page\" data-elementor-id=\"4801\" class=\"elementor elementor-4801 elementor-1240\" data-elementor-post-type=\"page\">\n\t\t\t\t\t\t<section class=\"elementor-section elementor-top-section elementor-element elementor-element-78a8a76 elementor-section-content-middle elementor-reverse-mobile elementor-section-boxed elementor-section-height-default elementor-section-height-default\" data-id=\"78a8a76\" data-element_type=\"section\" data-e-type=\"section\">\n\t\t\t\t\t\t<div class=\"elementor-container elementor-column-gap-no\">\n\t\t\t\t\t<div class=\"elementor-column elementor-col-100 elementor-top-column elementor-element elementor-element-5b95638\" data-id=\"5b95638\" data-element_type=\"column\" data-e-type=\"column\">\n\t\t\t<div class=\"elementor-widget-wrap elementor-element-populated\">\n\t\t\t\t\t\t<div class=\"elementor-element elementor-element-3696eb9 elementor-widget elementor-widget-text-editor\" data-id=\"3696eb9\" data-element_type=\"widget\" data-e-type=\"widget\" data-widget_type=\"text-editor.default\">\n\t\t\t\t<div class=\"elementor-widget-container\">\n\t\t\t\t\t\t\t\t\t<p><span style=\"font-weight: 400;\">Vi har arbejdet sammen med mange af vores partnere i \u00e5revis! Uanset om det drejer sig om flyteknologi, udstyr, generelle luftfartssp\u00f8rgsm\u00e5l eller bare gode b\u00f8ger og billeder, &#8230; stoler vi p\u00e5 vores partneres kvalitet og service. Det rigtige samarbejde garanterer mere sikkerhed og sjov i luften!<\/span><\/p>\t\t\t\t\t\t\t\t<\/div>\n\t\t\t\t<\/div>\n\t\t\t\t<div class=\"elementor-element elementor-element-6a38b0d elementor-widget-divider--view-line elementor-widget elementor-widget-divider\" data-id=\"6a38b0d\" data-element_type=\"widget\" data-e-type=\"widget\" data-widget_type=\"divider.default\">\n\t\t\t\t<div class=\"elementor-widget-container\">\n\t\t\t\t\t\t\t<div class=\"elementor-divider\">\n\t\t\t<span class=\"elementor-divider-separator\">\n\t\t\t\t\t\t<\/span>\n\t\t<\/div>\n\t\t\t\t\t\t<\/div>\n\t\t\t\t<\/div>\n\t\t\t\t\t<\/div>\n\t\t<\/div>\n\t\t\t\t\t<\/div>\n\t\t<\/section>\n\t\t<div class=\"elementor-element elementor-element-fba26f1 e-flex e-con-boxed e-con e-parent\" data-id=\"fba26f1\" data-element_type=\"container\" data-e-type=\"container\">\n\t\t\t\t\t<div class=\"e-con-inner\">\n\t\t<div class=\"elementor-element elementor-element-9f6f0d2 e-con-full e-flex e-con e-child\" data-id=\"9f6f0d2\" data-element_type=\"container\" data-e-type=\"container\">\n\t\t\t\t<div class=\"elementor-element elementor-element-f214823 elementor-widget elementor-widget-image\" data-id=\"f214823\" data-element_type=\"widget\" data-e-type=\"widget\" data-widget_type=\"image.default\">\n\t\t\t\t<div class=\"elementor-widget-container\">\n\t\t\t\t\t\t\t\t\t\t\t\t\t\t\t\t<a href=\"https:\/\/www.thaiseaplane.com\" target=\"_blank\" rel=\"noopener\">\n\t\t\t\t\t\t\t<img fetchpriority=\"high\" decoding=\"async\" width=\"225\" height=\"225\" src=\"https:\/\/baltic-seaplane.de\/wp-content\/uploads\/2026\/03\/Unknown-4.png\" class=\"attachment-large size-large wp-image-5014\" alt=\"LOGO von Thai Seaplane\" srcset=\"https:\/\/baltic-seaplane.de\/wp-content\/uploads\/2026\/03\/Unknown-4.png 225w, https:\/\/baltic-seaplane.de\/wp-content\/uploads\/2026\/03\/Unknown-4-150x150.png 150w\" sizes=\"(max-width: 225px) 100vw, 225px\" \/>\t\t\t\t\t\t\t\t<\/a>\n\t\t\t\t\t\t\t\t\t\t\t\t\t\t\t<\/div>\n\t\t\t\t<\/div>\n\t\t\t\t<div class=\"elementor-element elementor-element-20d4fa0 elementor-widget elementor-widget-heading\" data-id=\"20d4fa0\" data-element_type=\"widget\" data-e-type=\"widget\" data-widget_type=\"heading.default\">\n\t\t\t\t<div class=\"elementor-widget-container\">\n\t\t\t\t\t<h2 class=\"elementor-heading-title elementor-size-default\"><a href=\"https:\/\/www.thaiseaplane.com\" target=\"_blank\" rel=\"noopener\">Thai Seaplane<\/a><\/h2>\t\t\t\t<\/div>\n\t\t\t\t<\/div>\n\t\t\t\t<\/div>\n\t\t<div class=\"elementor-element elementor-element-e776dc8 e-con-full e-flex e-con e-child\" data-id=\"e776dc8\" data-element_type=\"container\" data-e-type=\"container\">\n\t\t\t\t<div class=\"elementor-element elementor-element-da3a38a elementor-widget elementor-widget-image\" data-id=\"da3a38a\" data-element_type=\"widget\" data-e-type=\"widget\" data-widget_type=\"image.default\">\n\t\t\t\t<div class=\"elementor-widget-container\">\n\t\t\t\t\t\t\t\t\t\t\t\t\t\t\t\t<a href=\"http:\/\/www.aopa.de\/\" target=\"_blank\" rel=\"noopener\">\n\t\t\t\t\t\t\t<img decoding=\"async\" width=\"305\" height=\"93\" data-src=\"https:\/\/baltic-seaplane.de\/wp-content\/uploads\/2022\/02\/AOPA_Logo.png\" class=\"attachment-large size-large wp-image-1377 lazyload\" alt=\"\" data-srcset=\"https:\/\/baltic-seaplane.de\/wp-content\/uploads\/2022\/02\/AOPA_Logo.png 305w, https:\/\/baltic-seaplane.de\/wp-content\/uploads\/2022\/02\/AOPA_Logo-300x91.png 300w\" data-sizes=\"(max-width: 305px) 100vw, 305px\" src=\"data:image\/svg+xml;base64,PHN2ZyB3aWR0aD0iMSIgaGVpZ2h0PSIxIiB4bWxucz0iaHR0cDovL3d3dy53My5vcmcvMjAwMC9zdmciPjwvc3ZnPg==\" style=\"--smush-placeholder-width: 305px; --smush-placeholder-aspect-ratio: 305\/93;\" \/>\t\t\t\t\t\t\t\t<\/a>\n\t\t\t\t\t\t\t\t\t\t\t\t\t\t\t<\/div>\n\t\t\t\t<\/div>\n\t\t\t\t<div class=\"elementor-element elementor-element-60c5699 elementor-widget elementor-widget-heading\" data-id=\"60c5699\" data-element_type=\"widget\" data-e-type=\"widget\" data-widget_type=\"heading.default\">\n\t\t\t\t<div class=\"elementor-widget-container\">\n\t\t\t\t\t<h2 class=\"elementor-heading-title elementor-size-default\">AOPA Germany<\/h2>\t\t\t\t<\/div>\n\t\t\t\t<\/div>\n\t\t\t\t<\/div>\n\t\t<div class=\"elementor-element elementor-element-9c0a05c e-con-full e-flex e-con e-child\" data-id=\"9c0a05c\" data-element_type=\"container\" data-e-type=\"container\">\n\t\t\t\t<div class=\"elementor-element elementor-element-4a818ff elementor-widget elementor-widget-image\" data-id=\"4a818ff\" data-element_type=\"widget\" data-e-type=\"widget\" data-widget_type=\"image.default\">\n\t\t\t\t<div class=\"elementor-widget-container\">\n\t\t\t\t\t\t\t\t\t\t\t\t\t\t\t\t<a href=\"https:\/\/seaplanepilotsassociation.org\" target=\"_blank\" rel=\"noopener\">\n\t\t\t\t\t\t\t<img decoding=\"async\" width=\"225\" height=\"225\" data-src=\"https:\/\/baltic-seaplane.de\/wp-content\/uploads\/2026\/03\/Seaplane.jpeg\" class=\"attachment-large size-large wp-image-5018 lazyload\" alt=\"Logo von der Seaplane Association\" data-srcset=\"https:\/\/baltic-seaplane.de\/wp-content\/uploads\/2026\/03\/Seaplane.jpeg 225w, https:\/\/baltic-seaplane.de\/wp-content\/uploads\/2026\/03\/Seaplane-150x150.jpeg 150w\" data-sizes=\"(max-width: 225px) 100vw, 225px\" src=\"data:image\/svg+xml;base64,PHN2ZyB3aWR0aD0iMSIgaGVpZ2h0PSIxIiB4bWxucz0iaHR0cDovL3d3dy53My5vcmcvMjAwMC9zdmciPjwvc3ZnPg==\" style=\"--smush-placeholder-width: 225px; --smush-placeholder-aspect-ratio: 225\/225;\" \/>\t\t\t\t\t\t\t\t<\/a>\n\t\t\t\t\t\t\t\t\t\t\t\t\t\t\t<\/div>\n\t\t\t\t<\/div>\n\t\t\t\t<div class=\"elementor-element elementor-element-4bd46ee elementor-widget elementor-widget-heading\" data-id=\"4bd46ee\" data-element_type=\"widget\" data-e-type=\"widget\" data-widget_type=\"heading.default\">\n\t\t\t\t<div class=\"elementor-widget-container\">\n\t\t\t\t\t<h2 class=\"elementor-heading-title elementor-size-default\"><a href=\"https:\/\/seaplanepilotsassociation.org\" target=\"_blank\" rel=\"noopener\">Seaplane Association <\/a><\/h2>\t\t\t\t<\/div>\n\t\t\t\t<\/div>\n\t\t\t\t<\/div>\n\t\t<div class=\"elementor-element elementor-element-9475761 e-con-full e-flex e-con e-child\" data-id=\"9475761\" data-element_type=\"container\" data-e-type=\"container\">\n\t\t\t\t<div class=\"elementor-element elementor-element-bdb135e elementor-widget elementor-widget-image\" data-id=\"bdb135e\" data-element_type=\"widget\" data-e-type=\"widget\" data-widget_type=\"image.default\">\n\t\t\t\t<div class=\"elementor-widget-container\">\n\t\t\t\t\t\t\t\t\t\t\t\t\t\t\t\t<a href=\"https:\/\/www.mavenpress.de\/\" target=\"_blank\" rel=\"noopener\">\n\t\t\t\t\t\t\t<img decoding=\"async\" width=\"482\" height=\"99\" data-src=\"https:\/\/baltic-seaplane.de\/wp-content\/uploads\/2022\/02\/Mavenpress_Logo.png\" class=\"attachment-large size-large wp-image-1382 lazyload\" alt=\"\" data-srcset=\"https:\/\/baltic-seaplane.de\/wp-content\/uploads\/2022\/02\/Mavenpress_Logo.png 482w, https:\/\/baltic-seaplane.de\/wp-content\/uploads\/2022\/02\/Mavenpress_Logo-300x62.png 300w\" data-sizes=\"(max-width: 482px) 100vw, 482px\" src=\"data:image\/svg+xml;base64,PHN2ZyB3aWR0aD0iMSIgaGVpZ2h0PSIxIiB4bWxucz0iaHR0cDovL3d3dy53My5vcmcvMjAwMC9zdmciPjwvc3ZnPg==\" style=\"--smush-placeholder-width: 482px; --smush-placeholder-aspect-ratio: 482\/99;\" \/>\t\t\t\t\t\t\t\t<\/a>\n\t\t\t\t\t\t\t\t\t\t\t\t\t\t\t<\/div>\n\t\t\t\t<\/div>\n\t\t\t\t<div class=\"elementor-element elementor-element-1bbfcba elementor-widget elementor-widget-heading\" data-id=\"1bbfcba\" data-element_type=\"widget\" data-e-type=\"widget\" data-widget_type=\"heading.default\">\n\t\t\t\t<div class=\"elementor-widget-container\">\n\t\t\t\t\t<h2 class=\"elementor-heading-title elementor-size-default\">MavenPress<\/h2>\t\t\t\t<\/div>\n\t\t\t\t<\/div>\n\t\t\t\t<\/div>\n\t\t\t\t\t<\/div>\n\t\t\t\t<\/div>\n\t\t<div class=\"elementor-element elementor-element-24c7168 e-flex e-con-boxed e-con e-parent\" data-id=\"24c7168\" data-element_type=\"container\" data-e-type=\"container\">\n\t\t\t\t\t<div class=\"e-con-inner\">\n\t\t<div class=\"elementor-element elementor-element-1f674ee e-con-full e-flex e-con e-child\" data-id=\"1f674ee\" data-element_type=\"container\" data-e-type=\"container\">\n\t\t\t\t<div class=\"elementor-element elementor-element-b8a752c elementor-widget elementor-widget-image\" data-id=\"b8a752c\" data-element_type=\"widget\" data-e-type=\"widget\" data-widget_type=\"image.default\">\n\t\t\t\t<div class=\"elementor-widget-container\">\n\t\t\t\t\t\t\t\t\t\t\t\t\t\t\t\t<a href=\"https:\/\/flysail.de\/\" target=\"_blank\" rel=\"noopener\">\n\t\t\t\t\t\t\t<img decoding=\"async\" width=\"234\" height=\"73\" data-src=\"https:\/\/baltic-seaplane.de\/wp-content\/uploads\/2022\/02\/Fly_Sail_Logo_2.jpg\" class=\"attachment-large size-large wp-image-1381 lazyload\" alt=\"\" src=\"data:image\/svg+xml;base64,PHN2ZyB3aWR0aD0iMSIgaGVpZ2h0PSIxIiB4bWxucz0iaHR0cDovL3d3dy53My5vcmcvMjAwMC9zdmciPjwvc3ZnPg==\" style=\"--smush-placeholder-width: 234px; --smush-placeholder-aspect-ratio: 234\/73;\" \/>\t\t\t\t\t\t\t\t<\/a>\n\t\t\t\t\t\t\t\t\t\t\t\t\t\t\t<\/div>\n\t\t\t\t<\/div>\n\t\t\t\t<div class=\"elementor-element elementor-element-30cd98a elementor-widget elementor-widget-heading\" data-id=\"30cd98a\" data-element_type=\"widget\" data-e-type=\"widget\" data-widget_type=\"heading.default\">\n\t\t\t\t<div class=\"elementor-widget-container\">\n\t\t\t\t\t<h2 class=\"elementor-heading-title elementor-size-default\">Fly &amp; Sail<\/h2>\t\t\t\t<\/div>\n\t\t\t\t<\/div>\n\t\t\t\t<\/div>\n\t\t<div class=\"elementor-element elementor-element-d2f26e6 e-con-full e-flex e-con e-child\" data-id=\"d2f26e6\" data-element_type=\"container\" data-e-type=\"container\">\n\t\t\t\t<div class=\"elementor-element elementor-element-7ae1dfe elementor-widget elementor-widget-image\" data-id=\"7ae1dfe\" data-element_type=\"widget\" data-e-type=\"widget\" data-widget_type=\"image.default\">\n\t\t\t\t<div class=\"elementor-widget-container\">\n\t\t\t\t\t\t\t\t\t\t\t\t\t\t\t\t<a href=\"https:\/\/www.nautic-wings.de\" target=\"_blank\" rel=\"noopener\">\n\t\t\t\t\t\t\t<img decoding=\"async\" width=\"233\" height=\"216\" data-src=\"https:\/\/baltic-seaplane.de\/wp-content\/uploads\/2026\/04\/Unknowsfsfn-3.jpeg\" class=\"attachment-large size-large wp-image-13957 lazyload\" alt=\"\" src=\"data:image\/svg+xml;base64,PHN2ZyB3aWR0aD0iMSIgaGVpZ2h0PSIxIiB4bWxucz0iaHR0cDovL3d3dy53My5vcmcvMjAwMC9zdmciPjwvc3ZnPg==\" style=\"--smush-placeholder-width: 233px; --smush-placeholder-aspect-ratio: 233\/216;\" \/>\t\t\t\t\t\t\t\t<\/a>\n\t\t\t\t\t\t\t\t\t\t\t\t\t\t\t<\/div>\n\t\t\t\t<\/div>\n\t\t\t\t<div class=\"elementor-element elementor-element-d3f5365 elementor-widget elementor-widget-heading\" data-id=\"d3f5365\" data-element_type=\"widget\" data-e-type=\"widget\" data-widget_type=\"heading.default\">\n\t\t\t\t<div class=\"elementor-widget-container\">\n\t\t\t\t\t<h2 class=\"elementor-heading-title elementor-size-default\">NAUTIC WINGS<\/h2>\t\t\t\t<\/div>\n\t\t\t\t<\/div>\n\t\t\t\t<\/div>\n\t\t<div class=\"elementor-element elementor-element-9f1f6e4 e-con-full e-flex e-con e-child\" data-id=\"9f1f6e4\" data-element_type=\"container\" data-e-type=\"container\">\n\t\t\t\t<div class=\"elementor-element elementor-element-40f3c54 elementor-widget elementor-widget-image\" data-id=\"40f3c54\" data-element_type=\"widget\" data-e-type=\"widget\" data-widget_type=\"image.default\">\n\t\t\t\t<div class=\"elementor-widget-container\">\n\t\t\t\t\t\t\t\t\t\t\t\t\t\t\t\t<a href=\"https:\/\/www.wipaire.com\/\" target=\"_blank\" rel=\"noopener\">\n\t\t\t\t\t\t\t<img decoding=\"async\" width=\"564\" height=\"225\" data-src=\"https:\/\/baltic-seaplane.de\/wp-content\/uploads\/2022\/02\/Wipaire_Logo.jpg\" class=\"attachment-large size-large wp-image-1385 lazyload\" alt=\"\" data-srcset=\"https:\/\/baltic-seaplane.de\/wp-content\/uploads\/2022\/02\/Wipaire_Logo.jpg 564w, https:\/\/baltic-seaplane.de\/wp-content\/uploads\/2022\/02\/Wipaire_Logo-300x120.jpg 300w\" data-sizes=\"(max-width: 564px) 100vw, 564px\" src=\"data:image\/svg+xml;base64,PHN2ZyB3aWR0aD0iMSIgaGVpZ2h0PSIxIiB4bWxucz0iaHR0cDovL3d3dy53My5vcmcvMjAwMC9zdmciPjwvc3ZnPg==\" style=\"--smush-placeholder-width: 564px; --smush-placeholder-aspect-ratio: 564\/225;\" \/>\t\t\t\t\t\t\t\t<\/a>\n\t\t\t\t\t\t\t\t\t\t\t\t\t\t\t<\/div>\n\t\t\t\t<\/div>\n\t\t\t\t<div class=\"elementor-element elementor-element-22c37c9 elementor-widget elementor-widget-heading\" data-id=\"22c37c9\" data-element_type=\"widget\" data-e-type=\"widget\" data-widget_type=\"heading.default\">\n\t\t\t\t<div class=\"elementor-widget-container\">\n\t\t\t\t\t<h2 class=\"elementor-heading-title elementor-size-default\">Wipaire, Inc.<\/h2>\t\t\t\t<\/div>\n\t\t\t\t<\/div>\n\t\t\t\t<\/div>\n\t\t<div class=\"elementor-element elementor-element-fd9cf6c e-con-full e-flex e-con e-child\" data-id=\"fd9cf6c\" data-element_type=\"container\" data-e-type=\"container\">\n\t\t\t\t<\/div>\n\t\t\t\t\t<\/div>\n\t\t\t\t<\/div>\n\t\t\t\t<\/div>\n\t\t","protected":false},"excerpt":{"rendered":"<p>Vi har arbejdet sammen med mange af vores partnere i \u00e5revis! Uanset om det drejer sig om flyteknologi, udstyr, generelle luftfartssp\u00f8rgsm\u00e5l eller bare gode b\u00f8ger og billeder, &#8230; stoler vi p\u00e5 vores partneres kvalitet og service. Det rigtige samarbejde garanterer mere sikkerhed og sjov i luften! Thai Seaplane AOPA Germany Seaplane Association MavenPress Fly &amp; [&hellip;]<\/p>\n","protected":false},"author":4,"featured_media":0,"parent":4821,"menu_order":0,"comment_status":"closed","ping_status":"closed","template":"elementor_theme","meta":{"inline_featured_image":false,"footnotes":""},"class_list":["post-4801","page","type-page","status-publish","hentry"],"_links":{"self":[{"href":"https:\/\/baltic-seaplane.de\/da\/wp-json\/wp\/v2\/pages\/4801","targetHints":{"allow":["GET"]}}],"collection":[{"href":"https:\/\/baltic-seaplane.de\/da\/wp-json\/wp\/v2\/pages"}],"about":[{"href":"https:\/\/baltic-seaplane.de\/da\/wp-json\/wp\/v2\/types\/page"}],"author":[{"embeddable":true,"href":"https:\/\/baltic-seaplane.de\/da\/wp-json\/wp\/v2\/users\/4"}],"replies":[{"embeddable":true,"href":"https:\/\/baltic-seaplane.de\/da\/wp-json\/wp\/v2\/comments?post=4801"}],"version-history":[{"count":5,"href":"https:\/\/baltic-seaplane.de\/da\/wp-json\/wp\/v2\/pages\/4801\/revisions"}],"predecessor-version":[{"id":13968,"href":"https:\/\/baltic-seaplane.de\/da\/wp-json\/wp\/v2\/pages\/4801\/revisions\/13968"}],"up":[{"embeddable":true,"href":"https:\/\/baltic-seaplane.de\/da\/wp-json\/wp\/v2\/pages\/4821"}],"wp:attachment":[{"href":"https:\/\/baltic-seaplane.de\/da\/wp-json\/wp\/v2\/media?parent=4801"}],"curies":[{"name":"wp","href":"https:\/\/api.w.org\/{rel}","templated":true}]}}