{"id":4736,"date":"2022-01-24T13:14:24","date_gmt":"2022-01-24T12:14:24","guid":{"rendered":"https:\/\/baltic-seaplane.de\/startside\/sightseeing-flyvninger\/charter-af-vandflyver\/"},"modified":"2026-03-02T10:39:24","modified_gmt":"2026-03-02T09:39:24","slug":"charter-af-vandflyver","status":"publish","type":"page","link":"https:\/\/baltic-seaplane.de\/da\/startside\/sightseeing-flyvninger\/charter-af-vandflyver\/","title":{"rendered":"Charter af vandflyver"},"content":{"rendered":"\t\t<div data-elementor-type=\"wp-page\" data-elementor-id=\"4736\" class=\"elementor elementor-4736 elementor-328\" data-elementor-post-type=\"page\">\n\t\t\t\t\t\t<section class=\"elementor-section elementor-top-section elementor-element elementor-element-5fad188 elementor-section-boxed elementor-section-height-default elementor-section-height-default\" data-id=\"5fad188\" data-element_type=\"section\" data-e-type=\"section\">\n\t\t\t\t\t\t<div class=\"elementor-container elementor-column-gap-default\">\n\t\t\t\t\t<div class=\"elementor-column elementor-col-100 elementor-top-column elementor-element elementor-element-eb02384\" data-id=\"eb02384\" data-element_type=\"column\" data-e-type=\"column\" data-settings=\"{&quot;background_background&quot;:&quot;classic&quot;}\">\n\t\t\t<div class=\"elementor-widget-wrap elementor-element-populated\">\n\t\t\t\t\t\t<div class=\"elementor-element elementor-element-3184ef0 elementor-widget elementor-widget-heading\" data-id=\"3184ef0\" data-element_type=\"widget\" data-e-type=\"widget\" data-widget_type=\"heading.default\">\n\t\t\t\t<div class=\"elementor-widget-container\">\n\t\t\t\t\t<h3 class=\"elementor-heading-title elementor-size-default\">Vil du gerne udforske et nyt vandflyveromr\u00e5de eller bare selv flyve til nye destinationer?<\/h3>\t\t\t\t<\/div>\n\t\t\t\t<\/div>\n\t\t\t\t\t<\/div>\n\t\t<\/div>\n\t\t\t\t\t<\/div>\n\t\t<\/section>\n\t\t\t\t<section class=\"elementor-section elementor-top-section elementor-element elementor-element-13ce0e9 elementor-section-content-top elementor-section-boxed elementor-section-height-default elementor-section-height-default\" data-id=\"13ce0e9\" data-element_type=\"section\" data-e-type=\"section\">\n\t\t\t\t\t\t<div class=\"elementor-container elementor-column-gap-default\">\n\t\t\t\t\t<div class=\"elementor-column elementor-col-50 elementor-top-column elementor-element elementor-element-6b1d802\" data-id=\"6b1d802\" data-element_type=\"column\" data-e-type=\"column\">\n\t\t\t<div class=\"elementor-widget-wrap elementor-element-populated\">\n\t\t\t\t\t\t<div class=\"elementor-element elementor-element-2ace94a elementor-widget elementor-widget-text-editor\" data-id=\"2ace94a\" data-element_type=\"widget\" data-e-type=\"widget\" data-widget_type=\"text-editor.default\">\n\t\t\t\t<div class=\"elementor-widget-container\">\n\t\t\t\t\t\t\t\t\t<p><span style=\"font-weight: 400;\">Du kan selvf\u00f8lgelig ogs\u00e5 chartre vores vandflyver. V\u00e6r dog opm\u00e6rksom p\u00e5, at dette af forsikringsm\u00e6ssige \u00e5rsager KUN er muligt med &#8220;SafetyPilot&#8221;!<\/span><\/p><p><span style=\"font-weight: 400;\">Af hensyn til planl\u00e6gningen anbefaler vi, at du sp\u00f8rger i god tid.<\/span><\/p><p><span style=\"font-weight: 400;\">Vores fly ligger os meget p\u00e5 sinde, og din sikkerhed endnu mere! Derfor er der nogle f\u00e5 krav, som du skal opfylde, hvis du gerne vil chartre et af vores fly:  <\/span><\/p><ul><li style=\"font-weight: 400;\" aria-level=\"1\"><span style=\"font-weight: 400;\">Tilg\u00e6ngelighed af alle de s\u00e6dvanlige <\/span><b>juridiske beviser<\/b><span style=\"font-weight: 400;\">: <\/span> <ul><li style=\"font-weight: 400;\" aria-level=\"2\"><span style=\"font-weight: 400;\">gyldig licens,<\/span><\/li><li style=\"font-weight: 400;\" aria-level=\"2\"><span style=\"font-weight: 400;\">gyldig l\u00e6geerkl\u00e6ring,<\/span><\/li><li style=\"font-weight: 400;\" aria-level=\"2\"><span style=\"font-weight: 400;\">gyldig klasseautorisation.<\/span><\/li><\/ul><\/li><li style=\"font-weight: 400;\" aria-level=\"1\"><span style=\"font-weight: 400;\">Indg\u00e5else af en <\/span><b>charterkontrakt<\/b><span style=\"font-weight: 400;\"> med Baltic-Seaplane GmbH.<\/span><\/li><\/ul><p><span style=\"font-weight: 400;\">Hvis disse krav er opfyldt, er der intet, der st\u00e5r i vejen for en charter og din take-off.  <\/span><\/p><p><span style=\"font-weight: 400;\">Lav en aftale, s\u00e5 diskuterer vi alt andet personligt!<\/span><\/p>\t\t\t\t\t\t\t\t<\/div>\n\t\t\t\t<\/div>\n\t\t\t\t<div class=\"elementor-element elementor-element-4b24de0 baltic-button elementor-widget elementor-widget-button\" data-id=\"4b24de0\" data-element_type=\"widget\" data-e-type=\"widget\" data-widget_type=\"button.default\">\n\t\t\t\t<div class=\"elementor-widget-container\">\n\t\t\t\t\t\t\t\t\t<div class=\"elementor-button-wrapper\">\n\t\t\t\t\t<a class=\"elementor-button elementor-button-link elementor-size-sm\" href=\"https:\/\/baltic-seaplane.de\/startseite\/kontakt\/\">\n\t\t\t\t\t\t<span class=\"elementor-button-content-wrapper\">\n\t\t\t\t\t\t\t\t\t<span class=\"elementor-button-text\">Lav en aftale<\/span>\n\t\t\t\t\t<\/span>\n\t\t\t\t\t<\/a>\n\t\t\t\t<\/div>\n\t\t\t\t\t\t\t\t<\/div>\n\t\t\t\t<\/div>\n\t\t\t\t\t<\/div>\n\t\t<\/div>\n\t\t\t\t<div class=\"elementor-column elementor-col-50 elementor-top-column elementor-element elementor-element-93745ba\" data-id=\"93745ba\" data-element_type=\"column\" data-e-type=\"column\">\n\t\t\t<div class=\"elementor-widget-wrap elementor-element-populated\">\n\t\t\t\t\t\t<div class=\"elementor-element elementor-element-4cf867d elementor-widget elementor-widget-image\" data-id=\"4cf867d\" data-element_type=\"widget\" data-e-type=\"widget\" data-widget_type=\"image.default\">\n\t\t\t\t<div class=\"elementor-widget-container\">\n\t\t\t\t\t\t\t\t\t\t\t\t\t\t\t<img fetchpriority=\"high\" decoding=\"async\" width=\"800\" height=\"434\" src=\"https:\/\/baltic-seaplane.de\/wp-content\/uploads\/2022\/04\/Charter_Wasserflug-1024x555.jpg\" class=\"attachment-large size-large wp-image-2117\" alt=\"\" srcset=\"https:\/\/baltic-seaplane.de\/wp-content\/uploads\/2022\/04\/Charter_Wasserflug-1024x555.jpg 1024w, https:\/\/baltic-seaplane.de\/wp-content\/uploads\/2022\/04\/Charter_Wasserflug-300x163.jpg 300w, https:\/\/baltic-seaplane.de\/wp-content\/uploads\/2022\/04\/Charter_Wasserflug-768x417.jpg 768w, https:\/\/baltic-seaplane.de\/wp-content\/uploads\/2022\/04\/Charter_Wasserflug-1536x833.jpg 1536w, https:\/\/baltic-seaplane.de\/wp-content\/uploads\/2022\/04\/Charter_Wasserflug-2048x1111.jpg 2048w, https:\/\/baltic-seaplane.de\/wp-content\/uploads\/2022\/04\/Charter_Wasserflug-600x325.jpg 600w, https:\/\/baltic-seaplane.de\/wp-content\/uploads\/2022\/04\/Charter_Wasserflug-scaled-e1650446047201.jpg 1920w\" sizes=\"(max-width: 800px) 100vw, 800px\" \/>\t\t\t\t\t\t\t\t\t\t\t\t\t\t\t<\/div>\n\t\t\t\t<\/div>\n\t\t\t\t\t<\/div>\n\t\t<\/div>\n\t\t\t\t\t<\/div>\n\t\t<\/section>\n\t\t\t\t<\/div>\n\t\t","protected":false},"excerpt":{"rendered":"<p>Vil du gerne udforske et nyt vandflyveromr\u00e5de eller bare selv flyve til nye destinationer? Du kan selvf\u00f8lgelig ogs\u00e5 chartre vores vandflyver. V\u00e6r dog opm\u00e6rksom p\u00e5, at dette af forsikringsm\u00e6ssige \u00e5rsager KUN er muligt med &#8220;SafetyPilot&#8221;! Af hensyn til planl\u00e6gningen anbefaler vi, at du sp\u00f8rger i god tid. Vores fly ligger os meget p\u00e5 sinde, og [&hellip;]<\/p>\n","protected":false},"author":4,"featured_media":0,"parent":4536,"menu_order":0,"comment_status":"closed","ping_status":"closed","template":"elementor_theme","meta":{"inline_featured_image":false,"footnotes":""},"class_list":["post-4736","page","type-page","status-publish","hentry"],"_links":{"self":[{"href":"https:\/\/baltic-seaplane.de\/da\/wp-json\/wp\/v2\/pages\/4736","targetHints":{"allow":["GET"]}}],"collection":[{"href":"https:\/\/baltic-seaplane.de\/da\/wp-json\/wp\/v2\/pages"}],"about":[{"href":"https:\/\/baltic-seaplane.de\/da\/wp-json\/wp\/v2\/types\/page"}],"author":[{"embeddable":true,"href":"https:\/\/baltic-seaplane.de\/da\/wp-json\/wp\/v2\/users\/4"}],"replies":[{"embeddable":true,"href":"https:\/\/baltic-seaplane.de\/da\/wp-json\/wp\/v2\/comments?post=4736"}],"version-history":[{"count":1,"href":"https:\/\/baltic-seaplane.de\/da\/wp-json\/wp\/v2\/pages\/4736\/revisions"}],"predecessor-version":[{"id":4737,"href":"https:\/\/baltic-seaplane.de\/da\/wp-json\/wp\/v2\/pages\/4736\/revisions\/4737"}],"up":[{"embeddable":true,"href":"https:\/\/baltic-seaplane.de\/da\/wp-json\/wp\/v2\/pages\/4536"}],"wp:attachment":[{"href":"https:\/\/baltic-seaplane.de\/da\/wp-json\/wp\/v2\/media?parent=4736"}],"curies":[{"name":"wp","href":"https:\/\/api.w.org\/{rel}","templated":true}]}}