{"id":4728,"date":"2022-01-24T13:14:52","date_gmt":"2022-01-24T12:14:52","guid":{"rendered":"https:\/\/baltic-seaplane.de\/startside\/sightseeing-flyvninger\/charterflyvning-til-lands\/"},"modified":"2026-03-02T10:39:18","modified_gmt":"2026-03-02T09:39:18","slug":"charterflyvning-til-lands","status":"publish","type":"page","link":"https:\/\/baltic-seaplane.de\/da\/startside\/sightseeing-flyvninger\/charterflyvning-til-lands\/","title":{"rendered":"Charterflyvning til lands"},"content":{"rendered":"\t\t<div data-elementor-type=\"wp-page\" data-elementor-id=\"4728\" class=\"elementor elementor-4728 elementor-336\" data-elementor-post-type=\"page\">\n\t\t\t\t\t\t<section class=\"elementor-section elementor-top-section elementor-element elementor-element-62e4644 elementor-section-boxed elementor-section-height-default elementor-section-height-default\" data-id=\"62e4644\" data-element_type=\"section\" data-e-type=\"section\">\n\t\t\t\t\t\t<div class=\"elementor-container elementor-column-gap-default\">\n\t\t\t\t\t<div class=\"elementor-column elementor-col-100 elementor-top-column elementor-element elementor-element-43befc1\" data-id=\"43befc1\" data-element_type=\"column\" data-e-type=\"column\" data-settings=\"{&quot;background_background&quot;:&quot;classic&quot;}\">\n\t\t\t<div class=\"elementor-widget-wrap elementor-element-populated\">\n\t\t\t\t\t\t<div class=\"elementor-element elementor-element-42d552c elementor-widget elementor-widget-heading\" data-id=\"42d552c\" data-element_type=\"widget\" data-e-type=\"widget\" data-widget_type=\"heading.default\">\n\t\t\t\t<div class=\"elementor-widget-container\">\n\t\t\t\t\t<h3 class=\"elementor-heading-title elementor-size-default\">Vil du gerne selv flyve p\u00e5 ferie eller bare udforske nye destinationer?<\/h3>\t\t\t\t<\/div>\n\t\t\t\t<\/div>\n\t\t\t\t\t<\/div>\n\t\t<\/div>\n\t\t\t\t\t<\/div>\n\t\t<\/section>\n\t\t\t\t<section class=\"elementor-section elementor-top-section elementor-element elementor-element-71d5b14 elementor-section-content-top elementor-section-boxed elementor-section-height-default elementor-section-height-default\" data-id=\"71d5b14\" data-element_type=\"section\" data-e-type=\"section\">\n\t\t\t\t\t\t<div class=\"elementor-container elementor-column-gap-default\">\n\t\t\t\t\t<div class=\"elementor-column elementor-col-50 elementor-top-column elementor-element elementor-element-b0bcda3\" data-id=\"b0bcda3\" data-element_type=\"column\" data-e-type=\"column\">\n\t\t\t<div class=\"elementor-widget-wrap elementor-element-populated\">\n\t\t\t\t\t\t<div class=\"elementor-element elementor-element-eb1067b elementor-widget elementor-widget-text-editor\" data-id=\"eb1067b\" data-element_type=\"widget\" data-e-type=\"widget\" data-widget_type=\"text-editor.default\">\n\t\t\t\t<div class=\"elementor-widget-container\">\n\t\t\t\t\t\t\t\t\t<p><span style=\"font-weight: 400;\">Du kan selvf\u00f8lgelig ogs\u00e5 chartre vores landfly.<\/span><\/p><p><span style=\"font-weight: 400;\">Af hensyn til planl\u00e6gningen anbefaler vi, at du sp\u00f8rger i god tid.<\/span><\/p><p><span style=\"font-weight: 400;\">Vores fly ligger os meget p\u00e5 sinde, og din sikkerhed endnu mere! Derfor er der nogle f\u00e5 krav, som du skal opfylde, hvis du gerne vil chartre et af vores fly:   <\/span><\/p><ul><li style=\"font-weight: 400;\" aria-level=\"1\"><span style=\"font-weight: 400;\">Tilg\u00e6ngelighed af alle de s\u00e6dvanlige <\/span><b>juridiske beviser<\/b><span style=\"font-weight: 400;\">: <\/span> <ul><li style=\"font-weight: 400;\" aria-level=\"2\"><span style=\"font-weight: 400;\">gyldig licens,<\/span><\/li><li style=\"font-weight: 400;\" aria-level=\"2\"><span style=\"font-weight: 400;\">gyldig l\u00e6geerkl\u00e6ring,<\/span><\/li><li style=\"font-weight: 400;\" aria-level=\"2\"><span style=\"font-weight: 400;\">gyldig klasseautorisation.<\/span><\/li><\/ul><\/li><li style=\"font-weight: 400;\" aria-level=\"1\"><span style=\"font-weight: 400;\">Indg\u00e5else af en <\/span><b>charterkontrakt<\/b><span style=\"font-weight: 400;\"> med Baltic-Seaplane GmbH.<\/span><\/li><\/ul><p><span style=\"font-weight: 400;\">Hvis disse krav er opfyldt, er der intet, der st\u00e5r i vejen for en charter og din take-off.  <\/span><\/p><p><span style=\"font-weight: 400;\">Lav en aftale, s\u00e5 diskuterer vi alt andet personligt!<\/span><\/p>\t\t\t\t\t\t\t\t<\/div>\n\t\t\t\t<\/div>\n\t\t\t\t\t<\/div>\n\t\t<\/div>\n\t\t\t\t<div class=\"elementor-column elementor-col-50 elementor-top-column elementor-element elementor-element-aea56b8\" data-id=\"aea56b8\" data-element_type=\"column\" data-e-type=\"column\">\n\t\t\t<div class=\"elementor-widget-wrap elementor-element-populated\">\n\t\t\t\t\t\t<div class=\"elementor-element elementor-element-06bd2c8 elementor-hidden-tablet elementor-hidden-mobile elementor-widget elementor-widget-heading\" data-id=\"06bd2c8\" data-element_type=\"widget\" data-e-type=\"widget\" data-widget_type=\"heading.default\">\n\t\t\t\t<div class=\"elementor-widget-container\">\n\t\t\t\t\t<h2 class=\"elementor-heading-title elementor-size-default\">.<\/h2>\t\t\t\t<\/div>\n\t\t\t\t<\/div>\n\t\t\t\t<div class=\"elementor-element elementor-element-58080de elementor-widget elementor-widget-image\" data-id=\"58080de\" data-element_type=\"widget\" data-e-type=\"widget\" data-widget_type=\"image.default\">\n\t\t\t\t<div class=\"elementor-widget-container\">\n\t\t\t\t\t\t\t\t\t\t\t\t\t\t\t<img fetchpriority=\"high\" decoding=\"async\" width=\"800\" height=\"532\" src=\"https:\/\/baltic-seaplane.de\/wp-content\/uploads\/2022\/04\/Charter_Landflug-1024x681.jpg\" class=\"attachment-large size-large wp-image-2748\" alt=\"\" srcset=\"https:\/\/baltic-seaplane.de\/wp-content\/uploads\/2022\/04\/Charter_Landflug-1024x681.jpg 1024w, https:\/\/baltic-seaplane.de\/wp-content\/uploads\/2022\/04\/Charter_Landflug-300x199.jpg 300w, https:\/\/baltic-seaplane.de\/wp-content\/uploads\/2022\/04\/Charter_Landflug-768x511.jpg 768w, https:\/\/baltic-seaplane.de\/wp-content\/uploads\/2022\/04\/Charter_Landflug-1536x1021.jpg 1536w, https:\/\/baltic-seaplane.de\/wp-content\/uploads\/2022\/04\/Charter_Landflug-2048x1362.jpg 2048w, https:\/\/baltic-seaplane.de\/wp-content\/uploads\/2022\/04\/Charter_Landflug-600x399.jpg 600w\" sizes=\"(max-width: 800px) 100vw, 800px\" \/>\t\t\t\t\t\t\t\t\t\t\t\t\t\t\t<\/div>\n\t\t\t\t<\/div>\n\t\t\t\t\t<\/div>\n\t\t<\/div>\n\t\t\t\t\t<\/div>\n\t\t<\/section>\n\t\t\t\t<section class=\"elementor-section elementor-top-section elementor-element elementor-element-d7055f3 elementor-section-boxed elementor-section-height-default elementor-section-height-default\" data-id=\"d7055f3\" data-element_type=\"section\" data-e-type=\"section\">\n\t\t\t\t\t\t<div class=\"elementor-container elementor-column-gap-default\">\n\t\t\t\t\t<div class=\"elementor-column elementor-col-100 elementor-top-column elementor-element elementor-element-839c5de\" data-id=\"839c5de\" data-element_type=\"column\" data-e-type=\"column\">\n\t\t\t<div class=\"elementor-widget-wrap elementor-element-populated\">\n\t\t\t\t\t\t<div class=\"elementor-element elementor-element-0c6dd32 baltic-button elementor-widget elementor-widget-button\" data-id=\"0c6dd32\" data-element_type=\"widget\" data-e-type=\"widget\" data-widget_type=\"button.default\">\n\t\t\t\t<div class=\"elementor-widget-container\">\n\t\t\t\t\t\t\t\t\t<div class=\"elementor-button-wrapper\">\n\t\t\t\t\t<a class=\"elementor-button elementor-button-link elementor-size-sm\" href=\"https:\/\/baltic-seaplane.de\/startseite\/kontakt\/\">\n\t\t\t\t\t\t<span class=\"elementor-button-content-wrapper\">\n\t\t\t\t\t\t\t\t\t<span class=\"elementor-button-text\">Lav en aftale<\/span>\n\t\t\t\t\t<\/span>\n\t\t\t\t\t<\/a>\n\t\t\t\t<\/div>\n\t\t\t\t\t\t\t\t<\/div>\n\t\t\t\t<\/div>\n\t\t\t\t\t<\/div>\n\t\t<\/div>\n\t\t\t\t\t<\/div>\n\t\t<\/section>\n\t\t\t\t<\/div>\n\t\t","protected":false},"excerpt":{"rendered":"<p>Sie m\u00f6chten in den Urlaub selbst fliegen oder einfach nur neue Destinationen erkunden? Nat\u00fcrlich k\u00f6nnen Sie unser Landflugzeug auch chartern. Aus terminlichen Gr\u00fcnden empfiehlt sich eine rechtzeitige Anfrage. Unsere Flugzeuge sind uns lieb und teuer, Ihre Sicherheit noch mehr! Deshalb gibt es einige (wenige) Voraussetzungen, die Sie erf\u00fcllen sollten, wenn Sie eines unserer Flugzeuge chartern [&hellip;]<\/p>\n","protected":false},"author":4,"featured_media":0,"parent":4536,"menu_order":0,"comment_status":"closed","ping_status":"closed","template":"elementor_theme","meta":{"inline_featured_image":false,"footnotes":""},"class_list":["post-4728","page","type-page","status-publish","hentry"],"_links":{"self":[{"href":"https:\/\/baltic-seaplane.de\/da\/wp-json\/wp\/v2\/pages\/4728","targetHints":{"allow":["GET"]}}],"collection":[{"href":"https:\/\/baltic-seaplane.de\/da\/wp-json\/wp\/v2\/pages"}],"about":[{"href":"https:\/\/baltic-seaplane.de\/da\/wp-json\/wp\/v2\/types\/page"}],"author":[{"embeddable":true,"href":"https:\/\/baltic-seaplane.de\/da\/wp-json\/wp\/v2\/users\/4"}],"replies":[{"embeddable":true,"href":"https:\/\/baltic-seaplane.de\/da\/wp-json\/wp\/v2\/comments?post=4728"}],"version-history":[{"count":3,"href":"https:\/\/baltic-seaplane.de\/da\/wp-json\/wp\/v2\/pages\/4728\/revisions"}],"predecessor-version":[{"id":4731,"href":"https:\/\/baltic-seaplane.de\/da\/wp-json\/wp\/v2\/pages\/4728\/revisions\/4731"}],"up":[{"embeddable":true,"href":"https:\/\/baltic-seaplane.de\/da\/wp-json\/wp\/v2\/pages\/4536"}],"wp:attachment":[{"href":"https:\/\/baltic-seaplane.de\/da\/wp-json\/wp\/v2\/media?parent=4728"}],"curies":[{"name":"wp","href":"https:\/\/api.w.org\/{rel}","templated":true}]}}