{"id":4574,"date":"2022-01-24T13:13:00","date_gmt":"2022-01-24T12:13:00","guid":{"rendered":"https:\/\/baltic-seaplane.de\/kunstflyvning\/"},"modified":"2026-03-02T10:38:11","modified_gmt":"2026-03-02T09:38:11","slug":"kunstflyvning","status":"publish","type":"page","link":"https:\/\/baltic-seaplane.de\/da\/startside\/flyveskole\/kunstflyvning\/","title":{"rendered":"Kunstflyvning"},"content":{"rendered":"\t\t<div data-elementor-type=\"wp-page\" data-elementor-id=\"4574\" class=\"elementor elementor-4574 elementor-324\" data-elementor-post-type=\"page\">\n\t\t\t\t\t\t<section class=\"elementor-section elementor-top-section elementor-element elementor-element-36935f6 elementor-section-boxed elementor-section-height-default elementor-section-height-default\" data-id=\"36935f6\" data-element_type=\"section\" data-e-type=\"section\">\n\t\t\t\t\t\t<div class=\"elementor-container elementor-column-gap-default\">\n\t\t\t\t\t<div class=\"elementor-column elementor-col-100 elementor-top-column elementor-element elementor-element-92e6c85\" data-id=\"92e6c85\" data-element_type=\"column\" data-e-type=\"column\" data-settings=\"{&quot;background_background&quot;:&quot;classic&quot;}\">\n\t\t\t<div class=\"elementor-widget-wrap elementor-element-populated\">\n\t\t\t\t\t\t<div class=\"elementor-element elementor-element-2836011 elementor-widget elementor-widget-heading\" data-id=\"2836011\" data-element_type=\"widget\" data-e-type=\"widget\" data-widget_type=\"heading.default\">\n\t\t\t\t<div class=\"elementor-widget-container\">\n\t\t\t\t\t<h3 class=\"elementor-heading-title elementor-size-default\">Tr\u00e6ning i kunstflyvning<\/h3>\t\t\t\t<\/div>\n\t\t\t\t<\/div>\n\t\t\t\t\t<\/div>\n\t\t<\/div>\n\t\t\t\t\t<\/div>\n\t\t<\/section>\n\t\t\t\t<section class=\"elementor-section elementor-top-section elementor-element elementor-element-7bd3422 elementor-section-content-middle elementor-section-boxed elementor-section-height-default elementor-section-height-default\" data-id=\"7bd3422\" data-element_type=\"section\" data-e-type=\"section\">\n\t\t\t\t\t\t<div class=\"elementor-container elementor-column-gap-no\">\n\t\t\t\t\t<div class=\"elementor-column elementor-col-50 elementor-top-column elementor-element elementor-element-f1cff19\" data-id=\"f1cff19\" data-element_type=\"column\" data-e-type=\"column\">\n\t\t\t<div class=\"elementor-widget-wrap elementor-element-populated\">\n\t\t\t\t\t\t<div class=\"elementor-element elementor-element-98757db elementor-list-item-link-full_width elementor-widget elementor-widget-icon-list\" data-id=\"98757db\" data-element_type=\"widget\" data-e-type=\"widget\" data-widget_type=\"icon-list.default\">\n\t\t\t\t<div class=\"elementor-widget-container\">\n\t\t\t\t\t\t\t<ul class=\"elementor-icon-list-items\">\n\t\t\t\t\t\t\t<li class=\"elementor-icon-list-item\">\n\t\t\t\t\t\t\t\t\t\t\t<span class=\"elementor-icon-list-icon\">\n\t\t\t\t\t\t\t<i aria-hidden=\"true\" class=\"fas fa-list\"><\/i>\t\t\t\t\t\t<\/span>\n\t\t\t\t\t\t\t\t\t\t<span class=\"elementor-icon-list-text\">Foruds\u00e6tninger er mindst 30 flyvetimer som fart\u00f8jschef eller sv\u00e6veflyvepilot (efter opn\u00e5else af certifikat).<\/span>\n\t\t\t\t\t\t\t\t\t<\/li>\n\t\t\t\t\t\t\t\t<li class=\"elementor-icon-list-item\">\n\t\t\t\t\t\t\t\t\t\t\t<span class=\"elementor-icon-list-icon\">\n\t\t\t\t\t\t\t<i aria-hidden=\"true\" class=\"far fa-clock\"><\/i>\t\t\t\t\t\t<\/span>\n\t\t\t\t\t\t\t\t\t\t<span class=\"elementor-icon-list-text\">Uddannelsens varighed: ca. 5 dage, inklusive soloflyvning. Afh\u00e6ngigt af vejret og aftalen.<\/span>\n\t\t\t\t\t\t\t\t\t<\/li>\n\t\t\t\t\t\t\t\t<li class=\"elementor-icon-list-item\">\n\t\t\t\t\t\t\t\t\t\t\t<span class=\"elementor-icon-list-icon\">\n\t\t\t\t\t\t\t<i aria-hidden=\"true\" class=\"fas fa-route\"><\/i>\t\t\t\t\t\t<\/span>\n\t\t\t\t\t\t\t\t\t\t<span class=\"elementor-icon-list-text\">Procedure:<ul style=\"padding-left:3%\"><li>Teoretisk undervisning i kunstflyvning og flyvemaskinen,<\/li><li>Mindst 5 bloktimer med tr\u00e6ning p\u00e5 en kunstflyver,<\/li><li>Soloflyvning med flyveordre.<\/li><\/ul><\/span>\n\t\t\t\t\t\t\t\t\t<\/li>\n\t\t\t\t\t\t\t\t<li class=\"elementor-icon-list-item\">\n\t\t\t\t\t\t\t\t\t\t\t<span class=\"elementor-icon-list-icon\">\n\t\t\t\t\t\t\t<svg xmlns=\"http:\/\/www.w3.org\/2000\/svg\" xmlns:xlink=\"http:\/\/www.w3.org\/1999\/xlink\" id=\"Layer_1\" x=\"0px\" y=\"0px\" viewBox=\"0 0 512 512\" style=\"enable-background:new 0 0 512 512;\" xml:space=\"preserve\"><circle style=\"fill:#F0F0F0;\" cx=\"256\" cy=\"256\" r=\"256\"><\/circle><g>\t<path style=\"fill:#0052B4;\" d=\"M52.92,100.142c-20.109,26.163-35.272,56.318-44.101,89.077h133.178L52.92,100.142z\"><\/path>\t<path style=\"fill:#0052B4;\" d=\"M503.181,189.219c-8.829-32.758-23.993-62.913-44.101-89.076l-89.075,89.076H503.181z\"><\/path>\t<path style=\"fill:#0052B4;\" d=\"M8.819,322.784c8.83,32.758,23.993,62.913,44.101,89.075l89.074-89.075L8.819,322.784L8.819,322.784  z\"><\/path>\t<path style=\"fill:#0052B4;\" d=\"M411.858,52.921c-26.163-20.109-56.317-35.272-89.076-44.102v133.177L411.858,52.921z\"><\/path>\t<path style=\"fill:#0052B4;\" d=\"M100.142,459.079c26.163,20.109,56.318,35.272,89.076,44.102V370.005L100.142,459.079z\"><\/path>\t<path style=\"fill:#0052B4;\" d=\"M189.217,8.819c-32.758,8.83-62.913,23.993-89.075,44.101l89.075,89.075V8.819z\"><\/path>\t<path style=\"fill:#0052B4;\" d=\"M322.783,503.181c32.758-8.83,62.913-23.993,89.075-44.101l-89.075-89.075V503.181z\"><\/path>\t<path style=\"fill:#0052B4;\" d=\"M370.005,322.784l89.075,89.076c20.108-26.162,35.272-56.318,44.101-89.076H370.005z\"><\/path><\/g><g>\t<path style=\"fill:#D80027;\" d=\"M509.833,222.609h-220.44h-0.001V2.167C278.461,0.744,267.317,0,256,0  c-11.319,0-22.461,0.744-33.391,2.167v220.44v0.001H2.167C0.744,233.539,0,244.683,0,256c0,11.319,0.744,22.461,2.167,33.391  h220.44h0.001v220.442C233.539,511.256,244.681,512,256,512c11.317,0,22.461-0.743,33.391-2.167v-220.44v-0.001h220.442  C511.256,278.461,512,267.319,512,256C512,244.683,511.256,233.539,509.833,222.609z\"><\/path>\t<path style=\"fill:#D80027;\" d=\"M322.783,322.784L322.783,322.784L437.019,437.02c5.254-5.252,10.266-10.743,15.048-16.435  l-97.802-97.802h-31.482V322.784z\"><\/path>\t<path style=\"fill:#D80027;\" d=\"M189.217,322.784h-0.002L74.98,437.019c5.252,5.254,10.743,10.266,16.435,15.048l97.802-97.804  V322.784z\"><\/path>\t<path style=\"fill:#D80027;\" d=\"M189.217,189.219v-0.002L74.981,74.98c-5.254,5.252-10.266,10.743-15.048,16.435l97.803,97.803  H189.217z\"><\/path>\t<path style=\"fill:#D80027;\" d=\"M322.783,189.219L322.783,189.219L437.02,74.981c-5.252-5.254-10.743-10.266-16.435-15.047  l-97.802,97.803V189.219z\"><\/path><\/g><g><\/g><g><\/g><g><\/g><g><\/g><g><\/g><g><\/g><g><\/g><g><\/g><g><\/g><g><\/g><g><\/g><g><\/g><g><\/g><g><\/g><g><\/g><\/svg>\t\t\t\t\t\t<\/span>\n\t\t\t\t\t\t\t\t\t\t<span class=\"elementor-icon-list-text\">Kan ogs\u00e5 gennemf\u00f8res p\u00e5 engelsk.<\/span>\n\t\t\t\t\t\t\t\t\t<\/li>\n\t\t\t\t\t\t<\/ul>\n\t\t\t\t\t\t<\/div>\n\t\t\t\t<\/div>\n\t\t\t\t<div class=\"elementor-element elementor-element-cbbc08d elementor-hidden-widescreen elementor-hidden-desktop elementor-hidden-laptop elementor-widget-divider--view-line elementor-widget elementor-widget-divider\" data-id=\"cbbc08d\" data-element_type=\"widget\" data-e-type=\"widget\" data-widget_type=\"divider.default\">\n\t\t\t\t<div class=\"elementor-widget-container\">\n\t\t\t\t\t\t\t<div class=\"elementor-divider\">\n\t\t\t<span class=\"elementor-divider-separator\">\n\t\t\t\t\t\t<\/span>\n\t\t<\/div>\n\t\t\t\t\t\t<\/div>\n\t\t\t\t<\/div>\n\t\t\t\t\t<\/div>\n\t\t<\/div>\n\t\t\t\t<div class=\"elementor-column elementor-col-50 elementor-top-column elementor-element elementor-element-576b2b9\" data-id=\"576b2b9\" data-element_type=\"column\" data-e-type=\"column\">\n\t\t\t<div class=\"elementor-widget-wrap elementor-element-populated\">\n\t\t\t\t\t\t<div class=\"elementor-element elementor-element-02dfc07 elementor-list-item-link-full_width elementor-widget elementor-widget-icon-list\" data-id=\"02dfc07\" data-element_type=\"widget\" data-e-type=\"widget\" data-widget_type=\"icon-list.default\">\n\t\t\t\t<div class=\"elementor-widget-container\">\n\t\t\t\t\t\t\t<ul class=\"elementor-icon-list-items\">\n\t\t\t\t\t\t\t<li class=\"elementor-icon-list-item\">\n\t\t\t\t\t\t\t\t\t\t\t<span class=\"elementor-icon-list-icon\">\n\t\t\t\t\t\t\t<i aria-hidden=\"true\" class=\"fas fa-euro-sign\"><\/i>\t\t\t\t\t\t<\/span>\n\t\t\t\t\t\t\t\t\t\t<span class=\"elementor-icon-list-text\">Vores all-inclusive tilbud: Desv\u00e6rre er der ingen kunstflyvningstr\u00e6ning i \u00f8jeblikket!<\/span>\n\t\t\t\t\t\t\t\t\t<\/li>\n\t\t\t\t\t\t\t\t<li class=\"elementor-icon-list-item\">\n\t\t\t\t\t\t\t\t\t\t\t<span class=\"elementor-icon-list-icon\">\n\t\t\t\t\t\t\t<svg xmlns=\"http:\/\/www.w3.org\/2000\/svg\" xmlns:xlink=\"http:\/\/www.w3.org\/1999\/xlink\" id=\"Ebene_1\" data-name=\"Ebene 1\" width=\"100\" height=\"100\" viewBox=\"0 0 100 100\"><defs><style>.cls-1{fill:none;}.cls-2{clip-path:url(#clip-path);}.cls-3{fill:#4468b5;}.cls-4{fill:#fff;}<\/style><clipPath id=\"clip-path\"><rect class=\"cls-1\" width=\"100\" height=\"100\"><\/rect><\/clipPath><\/defs><g class=\"cls-2\"><path class=\"cls-3\" d=\"M88.36,100c-.4866-20.972-8.3821-31.0646-15.9371-36.3977-2.3683-1.6718-4.1321-2.4729-14.8677-9.4481C42.6971,44.5,39.7172,41.9032,37.3537,38.4925a26.1062,26.1062,0,0,1-4.58-15.4883Q39.832,24.6819,46.89,26.36,34.7046,13.8534,22.519,1.3473,10.153,13.8247-2.2128,26.3021q7.5814-1.9521,15.1633-3.904a34.6585,34.6585,0,0,0,.2706,7.0568,35.8344,35.8344,0,0,0,1.7972,7.1828c3.2616,9.0184,10.1447,16.98,19.47,22.8733q10.8548,6.86,21.71,13.719a33.07,33.07,0,0,1,9.3336,10.8154A25.6724,25.6724,0,0,1,68.2185,100Z\"><\/path><path class=\"cls-3\" d=\"M7.916,101.4766l.0347-1.5108c.4048-17.6865,5.9741-30.4922,16.5542-38.0615,1.0615-.76,2.0107-1.3516,3.583-2.332,2.0913-1.3037,5.2515-3.2735,11.3315-7.2774C53.76,42.85,56.94,40.147,59.2139,36.8188a24.98,24.98,0,0,0,4.28-12.9809L46.3306,27.9746,75.26-2.1221l29.5175,30.1914L86.3818,23.2681a37.2389,37.2389,0,0,1-.3525,5.4277,38.32,38.32,0,0,1-1.87,7.5732c-3.3526,9.396-10.29,17.6714-20.0635,23.9331L42.44,74.0723a31.417,31.417,0,0,0-8.8711,10.43,24.9016,24.9016,0,0,0-2.54,15.2724l.2622,1.7022Z\"><\/path><path class=\"cls-4\" d=\"M75.2681,0Q87.6341,12.648,100,25.2958q-7.5816-1.9789-15.1633-3.9574a35.6,35.6,0,0,1-.2707,7.1532,36.7258,36.7258,0,0,1-1.7971,7.2809c-3.2616,9.1415-10.1448,17.2121-19.47,23.1856l-21.71,13.9063A33.3813,33.3813,0,0,0,32.255,83.8275,26.3388,26.3388,0,0,0,29.5687,100H9.4272c.4866-21.2584,8.3821-31.4889,15.9371-36.8948,2.3682-1.6946,4.132-2.5066,14.8676-9.577C55.09,43.7425,58.07,41.11,60.4334,37.6525a26.7113,26.7113,0,0,0,4.58-15.7q-7.0578,1.7007-14.1158,3.4016L75.2681,0M75.25-4.2437,73.1385-2.0469,48.7675,23.3073,41.7634,30.594l9.8258-2.3679,10.2483-2.47a23.1561,23.1561,0,0,1-3.8427,10.2291C56,38.903,53.5638,41.2107,38.6071,51.0612c-6.07,3.9977-9.2208,5.9617-11.3057,7.2614-1.5947.994-2.5572,1.594-3.6561,2.38C12.6673,68.5581,6.89,81.7569,6.474,99.9324l-.0692,3.0216H33.0134L32.4881,99.55a23.4346,23.4346,0,0,1,2.3945-14.3723,29.9164,29.9164,0,0,1,8.41-9.8966L63.35,62.4329l1.5415-.9874c10.0519-6.4387,17.1958-14.973,20.6592-24.68A39.8211,39.8211,0,0,0,87.4917,28.9c.1721-1.2326.284-2.478.3355-3.7277L99.254,28.154l10.3006,2.6887-7.4424-7.612L88.465,9.2725,77.38-2.065,75.25-4.2437Z\"><\/path><\/g><\/svg>\t\t\t\t\t\t<\/span>\n\t\t\t\t\t\t\t\t\t\t<span class=\"elementor-icon-list-text\">Vi tilpasser altid din tr\u00e6ning til dine individuelle forkundskaber og er s\u00e5 fleksible som muligt, n\u00e5r det g\u00e6lder dine tidsm\u00e6ssige pr\u00e6ferencer!<\/span>\n\t\t\t\t\t\t\t\t\t<\/li>\n\t\t\t\t\t\t\t\t<li class=\"elementor-icon-list-item\">\n\t\t\t\t\t\t\t\t\t\t\t<span class=\"elementor-icon-list-icon\">\n\t\t\t\t\t\t\t<i aria-hidden=\"true\" class=\"fas fa-info\"><\/i>\t\t\t\t\t\t<\/span>\n\t\t\t\t\t\t\t\t\t\t<span class=\"elementor-icon-list-text\">I henhold til EASA-reglerne skal uddannelsen v\u00e6re afsluttet inden for 6 m\u00e5neder efter start!<\/span>\n\t\t\t\t\t\t\t\t\t<\/li>\n\t\t\t\t\t\t\t\t<li class=\"elementor-icon-list-item\">\n\t\t\t\t\t\t\t\t\t\t\t<span class=\"elementor-icon-list-icon\">\n\t\t\t\t\t\t\t<i aria-hidden=\"true\" class=\"fas fa-gift\"><\/i>\t\t\t\t\t\t<\/span>\n\t\t\t\t\t\t\t\t\t\t<span class=\"elementor-icon-list-text\">Kunstflyvercertifikatet kan ogs\u00e5 k\u00f8bes som en voucher.<\/span>\n\t\t\t\t\t\t\t\t\t<\/li>\n\t\t\t\t\t\t\t\t<li class=\"elementor-icon-list-item\">\n\t\t\t\t\t\t\t\t\t\t\t<span class=\"elementor-icon-list-icon\">\n\t\t\t\t\t\t\t<i aria-hidden=\"true\" class=\"fas fa-people-arrows\"><\/i>\t\t\t\t\t\t<\/span>\n\t\t\t\t\t\t\t\t\t\t<span class=\"elementor-icon-list-text\">Vi arrangerer ogs\u00e5 gruppetr\u00e6ningskurser samt briefinger som en del af flyveinstrukt\u00f8ruddannelsen eller videreuddannelse.<\/span>\n\t\t\t\t\t\t\t\t\t<\/li>\n\t\t\t\t\t\t<\/ul>\n\t\t\t\t\t\t<\/div>\n\t\t\t\t<\/div>\n\t\t\t\t<div class=\"elementor-element elementor-element-fa4361f elementor-hidden-widescreen elementor-hidden-desktop elementor-hidden-laptop elementor-widget-divider--view-line elementor-widget elementor-widget-divider\" data-id=\"fa4361f\" data-element_type=\"widget\" data-e-type=\"widget\" data-widget_type=\"divider.default\">\n\t\t\t\t<div class=\"elementor-widget-container\">\n\t\t\t\t\t\t\t<div class=\"elementor-divider\">\n\t\t\t<span class=\"elementor-divider-separator\">\n\t\t\t\t\t\t<\/span>\n\t\t<\/div>\n\t\t\t\t\t\t<\/div>\n\t\t\t\t<\/div>\n\t\t\t\t\t<\/div>\n\t\t<\/div>\n\t\t\t\t\t<\/div>\n\t\t<\/section>\n\t\t\t\t<section class=\"elementor-section elementor-top-section elementor-element elementor-element-a8f91d7 elementor-section-boxed elementor-section-height-default elementor-section-height-default\" data-id=\"a8f91d7\" data-element_type=\"section\" data-e-type=\"section\">\n\t\t\t\t\t\t<div class=\"elementor-container elementor-column-gap-default\">\n\t\t\t\t\t<div class=\"elementor-column elementor-col-100 elementor-top-column elementor-element elementor-element-5d72cf7\" data-id=\"5d72cf7\" data-element_type=\"column\" data-e-type=\"column\">\n\t\t\t<div class=\"elementor-widget-wrap elementor-element-populated\">\n\t\t\t\t\t\t<div class=\"elementor-element elementor-element-7e2d0d1 elementor-widget elementor-widget-heading\" data-id=\"7e2d0d1\" data-element_type=\"widget\" data-e-type=\"widget\" data-widget_type=\"heading.default\">\n\t\t\t\t<div class=\"elementor-widget-container\">\n\t\t\t\t\t<h3 class=\"elementor-heading-title elementor-size-default\">Hvis du har yderligere sp\u00f8rgsm\u00e5l om <u>kunstflyvningstr\u00e6ning<\/u> eller gerne vil lave en aftale, er du velkommen til at kontakte os!<\/h3>\t\t\t\t<\/div>\n\t\t\t\t<\/div>\n\t\t\t\t<div class=\"elementor-element elementor-element-d5358da elementor-mobile-button-align-stretch elementor-button-align-stretch elementor-widget elementor-widget-global elementor-global-4640 elementor-global-3242 elementor-widget-form\" data-id=\"d5358da\" data-element_type=\"widget\" data-e-type=\"widget\" data-settings=\"{&quot;step_next_label&quot;:&quot;N\\u00e6ste&quot;,&quot;step_previous_label&quot;:&quot;Tidligere&quot;,&quot;button_width&quot;:&quot;100&quot;,&quot;step_type&quot;:&quot;number_text&quot;,&quot;step_icon_shape&quot;:&quot;circle&quot;}\" data-widget_type=\"form.default\">\n\t\t\t\t<div class=\"elementor-widget-container\">\n\t\t\t\t\t\t\t<form class=\"elementor-form\" method=\"post\" name=\"Ny formular\" aria-label=\"Ny formular\">\n\t\t\t<input type=\"hidden\" name=\"post_id\" value=\"4574\"\/>\n\t\t\t<input type=\"hidden\" name=\"form_id\" value=\"d5358da\"\/>\n\t\t\t<input type=\"hidden\" name=\"referer_title\" value=\"\" \/>\n\n\t\t\t\n\t\t\t<div class=\"elementor-form-fields-wrapper elementor-labels-above\">\n\t\t\t\t\t\t\t\t<div class=\"elementor-field-type-text elementor-field-group elementor-column elementor-field-group-name elementor-col-100\">\n\t\t\t\t\t\t\t\t\t\t\t\t<label for=\"form-field-name\" class=\"elementor-field-label\">\n\t\t\t\t\t\t\t\tNavn\t\t\t\t\t\t\t<\/label>\n\t\t\t\t\t\t\t\t\t\t\t\t\t\t<input size=\"1\" type=\"text\" name=\"form_fields[name]\" id=\"form-field-name\" class=\"elementor-field elementor-size-sm  elementor-field-textual\" placeholder=\"Navn\">\n\t\t\t\t\t\t\t\t\t\t\t<\/div>\n\t\t\t\t\t\t\t\t<div class=\"elementor-field-type-email elementor-field-group elementor-column elementor-field-group-email elementor-col-100 elementor-field-required\">\n\t\t\t\t\t\t\t\t\t\t\t\t<label for=\"form-field-email\" class=\"elementor-field-label\">\n\t\t\t\t\t\t\t\te-mail\t\t\t\t\t\t\t<\/label>\n\t\t\t\t\t\t\t\t\t\t\t\t\t\t<input size=\"1\" type=\"email\" name=\"form_fields[email]\" id=\"form-field-email\" class=\"elementor-field elementor-size-sm  elementor-field-textual\" placeholder=\"e-mail\" required=\"required\">\n\t\t\t\t\t\t\t\t\t\t\t<\/div>\n\t\t\t\t\t\t\t\t<div class=\"elementor-field-type-textarea elementor-field-group elementor-column elementor-field-group-message elementor-col-100\">\n\t\t\t\t\t\t\t\t\t\t\t\t<label for=\"form-field-message\" class=\"elementor-field-label\">\n\t\t\t\t\t\t\t\tBesked\t\t\t\t\t\t\t<\/label>\n\t\t\t\t\t\t<textarea class=\"elementor-field-textual elementor-field  elementor-size-sm\" name=\"form_fields[message]\" id=\"form-field-message\" rows=\"4\" placeholder=\"Besked\"><\/textarea>\t\t\t\t<\/div>\n\t\t\t\t\t\t\t\t<div class=\"elementor-field-type-acceptance elementor-field-group elementor-column elementor-field-group-field_43adae7 elementor-col-100 elementor-field-required\">\n\t\t\t\t\t\t\t<div class=\"elementor-field-subgroup\">\n\t\t\t<span class=\"elementor-field-option\">\n\t\t\t\t<input type=\"checkbox\" name=\"form_fields[field_43adae7]\" id=\"form-field-field_43adae7\" class=\"elementor-field elementor-size-sm  elementor-acceptance-field\" required=\"required\">\n\t\t\t\t<label for=\"form-field-field_43adae7\">Jeg bekr\u00e6fter hermed, at jeg har l\u00e6st <a href=\"https:\/\/baltic-seaplane.de\/datenschutz\/\">privatlivspolitikken*<\/a>.<\/label>\t\t\t<\/span>\n\t\t<\/div>\n\t\t\t\t\t\t<\/div>\n\t\t\t\t\t\t\t\t<div class=\"elementor-field-type-text\">\n\t\t\t\t\t<input size=\"1\" type=\"text\" name=\"form_fields[field_1cd2a80]\" id=\"form-field-field_1cd2a80\" class=\"elementor-field elementor-size-sm \" style=\"display:none !important;\">\t\t\t\t<\/div>\n\t\t\t\t\t\t\t\t<div class=\"elementor-field-type-recaptcha_v3 elementor-field-group elementor-column elementor-field-group-field_b14d035 elementor-col-100 recaptcha_v3-inline\">\n\t\t\t\t\t<div class=\"elementor-field\" id=\"form-field-field_b14d035\"><div class=\"elementor-g-recaptcha\" data-sitekey=\"6Lcoc7kfAAAAAMWQQckwQGrIkwjiI3Yrluvz_dfv\" data-type=\"v3\" data-action=\"Form\" data-badge=\"inline\" data-size=\"invisible\"><\/div><\/div>\t\t\t\t<\/div>\n\t\t\t\t\t\t\t\t<div class=\"elementor-field-group elementor-column elementor-field-type-submit elementor-col-100 e-form__buttons\">\n\t\t\t\t\t<button class=\"elementor-button elementor-size-sm\" type=\"submit\">\n\t\t\t\t\t\t<span class=\"elementor-button-content-wrapper\">\n\t\t\t\t\t\t\t\t\t\t\t\t\t\t\t\t\t\t\t\t\t\t<span class=\"elementor-button-text\">Send<\/span>\n\t\t\t\t\t\t\t\t\t\t\t\t\t<\/span>\n\t\t\t\t\t<\/button>\n\t\t\t\t<\/div>\n\t\t\t<\/div>\n\t\t<\/form>\n\t\t\t\t\t\t<\/div>\n\t\t\t\t<\/div>\n\t\t\t\t\t<\/div>\n\t\t<\/div>\n\t\t\t\t\t<\/div>\n\t\t<\/section>\n\t\t\t\t<\/div>\n\t\t","protected":false},"excerpt":{"rendered":"<p>Tr\u00e6ning i kunstflyvning Foruds\u00e6tninger er mindst 30 flyvetimer som fart\u00f8jschef eller sv\u00e6veflyvepilot (efter opn\u00e5else af certifikat). Uddannelsens varighed: ca. 5 dage, inklusive soloflyvning. Afh\u00e6ngigt af vejret og aftalen. Procedure: Teoretisk undervisning i kunstflyvning og flyvemaskinen, Mindst 5 bloktimer med tr\u00e6ning p\u00e5 en kunstflyver, Soloflyvning med flyveordre. Kan ogs\u00e5 gennemf\u00f8res p\u00e5 engelsk. Vores all-inclusive tilbud: Desv\u00e6rre [&hellip;]<\/p>\n","protected":false},"author":4,"featured_media":0,"parent":4625,"menu_order":0,"comment_status":"closed","ping_status":"closed","template":"elementor_theme","meta":{"inline_featured_image":false,"footnotes":""},"class_list":["post-4574","page","type-page","status-publish","hentry"],"_links":{"self":[{"href":"https:\/\/baltic-seaplane.de\/da\/wp-json\/wp\/v2\/pages\/4574","targetHints":{"allow":["GET"]}}],"collection":[{"href":"https:\/\/baltic-seaplane.de\/da\/wp-json\/wp\/v2\/pages"}],"about":[{"href":"https:\/\/baltic-seaplane.de\/da\/wp-json\/wp\/v2\/types\/page"}],"author":[{"embeddable":true,"href":"https:\/\/baltic-seaplane.de\/da\/wp-json\/wp\/v2\/users\/4"}],"replies":[{"embeddable":true,"href":"https:\/\/baltic-seaplane.de\/da\/wp-json\/wp\/v2\/comments?post=4574"}],"version-history":[{"count":1,"href":"https:\/\/baltic-seaplane.de\/da\/wp-json\/wp\/v2\/pages\/4574\/revisions"}],"predecessor-version":[{"id":4577,"href":"https:\/\/baltic-seaplane.de\/da\/wp-json\/wp\/v2\/pages\/4574\/revisions\/4577"}],"up":[{"embeddable":true,"href":"https:\/\/baltic-seaplane.de\/da\/wp-json\/wp\/v2\/pages\/4625"}],"wp:attachment":[{"href":"https:\/\/baltic-seaplane.de\/da\/wp-json\/wp\/v2\/media?parent=4574"}],"curies":[{"name":"wp","href":"https:\/\/api.w.org\/{rel}","templated":true}]}}