{"id":4568,"date":"2022-02-03T17:20:03","date_gmt":"2022-02-03T16:20:03","guid":{"rendered":"https:\/\/baltic-seaplane.de\/generelle-vilkaar-og-betingelser\/"},"modified":"2026-03-02T10:38:48","modified_gmt":"2026-03-02T09:38:48","slug":"generelle-vilkaar-og-betingelser","status":"publish","type":"page","link":"https:\/\/baltic-seaplane.de\/da\/startside\/generelle-vilkaar-og-betingelser\/","title":{"rendered":"Generelle vilk\u00e5r og betingelser"},"content":{"rendered":"\t\t<div data-elementor-type=\"wp-page\" data-elementor-id=\"4568\" class=\"elementor elementor-4568 elementor-823\" data-elementor-post-type=\"page\">\n\t\t\t\t\t\t<section class=\"elementor-section elementor-top-section elementor-element elementor-element-dacaa00 elementor-section-boxed elementor-section-height-default elementor-section-height-default\" data-id=\"dacaa00\" data-element_type=\"section\" data-e-type=\"section\">\n\t\t\t\t\t\t<div class=\"elementor-container elementor-column-gap-default\">\n\t\t\t\t\t<div class=\"elementor-column elementor-col-100 elementor-top-column elementor-element elementor-element-daafe23\" data-id=\"daafe23\" data-element_type=\"column\" data-e-type=\"column\">\n\t\t\t<div class=\"elementor-widget-wrap elementor-element-populated\">\n\t\t\t\t\t\t<div class=\"elementor-element elementor-element-7ec4c23 elementor-widget elementor-widget-text-editor\" data-id=\"7ec4c23\" data-element_type=\"widget\" data-e-type=\"widget\" data-widget_type=\"text-editor.default\">\n\t\t\t\t<div class=\"elementor-widget-container\">\n\t\t\t\t\t\t\t\t\t<h2><strong>Generelle vilk\u00e5r og betingelser<\/strong><br><strong>Flyveskolen Baltic Seaplane GmbH, HBR 11005, Flensborg.<\/strong><\/h2><h2>\u00a71 Omfanget af GTC&#8217;ernes gyldighed<\/h2><p>De f\u00f8lgende generelle vilk\u00e5r og betingelser (GTC) for &#8220;Flugschule Baltic Seaplane GmbH&#8221; (i det f\u00f8lgende ben\u00e6vnt &#8220;flyveskolen&#8221;) g\u00e6lder for alle kontrakter, uddannelsesaftaler, fjernundervisningskontrakter, tjenester, leverancer, charter og andre tjenester, der er indg\u00e5et af den med en kontraktpartner (i det f\u00f8lgende ben\u00e6vnt &#8220;flyveelev&#8221; eller &#8220;bruger&#8221;).<br>Vi g\u00f8r hermed udtrykkeligt indsigelse mod eventuelle afvigende vilk\u00e5r og betingelser hos en potentiel kontraktpartner.<br>Ved at bruge den service, der tilbydes af flyveskolen og bruge hjemmesiden, accepterer brugeren\/kunden\/eleven disse vilk\u00e5r og betingelser uden begr\u00e6nsning eller forbehold og anerkender, at andre ordninger og aftaler mellem ham\/hende og &#8220;flyveskolen&#8221; vedr\u00f8rende emnet dermed bliver ugyldige<br>Flyveskolen forbeholder sig ret til at \u00e6ndre disse vilk\u00e5r og betingelser til enhver tid og uden at angive grunde med virkning for fremtiden. De \u00e6ndrede vilk\u00e5r og betingelser vil blive sendt til kontraktpartnerne via e-mail, fax eller brev mindst to uger f\u00f8r de tr\u00e6der i kraft. Hvis piloteleven ikke g\u00f8r indsigelse mod de nye GTC&#8217;ers gyldighed inden for to uger efter modtagelsen, anses de \u00e6ndrede GTC&#8217;er for at v\u00e6re accepteret. Flyveskolen skal g\u00f8re piloteleven opm\u00e6rksom p\u00e5 betydningen af denne to-ugers periode i den e-mail, fax eller det brev, der indeholder de \u00e6ndrede vilk\u00e5r og betingelser.   <\/p><h2>\u00a72 Uddannelsesm\u00e5l<\/h2><p>Flyveskolen uddanner eleven med henblik p\u00e5 at erhverve en tilladelse\/godkendelse eller et certifikat i overensstemmelse med de lovbestemte bestemmelser fra Federal Aviation Office eller den statslige luftfartsmyndighed. Der gives ingen garanti for, at uddannelsen lykkes.  <\/p><h2>\u00a73 Minimumsalder<\/h2><p>Minimumsalderen for kursusdeltagere er 14 \u00e5r. Mindre\u00e5rige skal have skriftligt samtykke fra en for\u00e6lder eller v\u00e6rge for at deltage i kurset. <\/p><h2>\u00a74 Uddannelse<\/h2><p>Alle programmer\/kurser ledes af uddannede, erfarne og statscertificerede flyveinstrukt\u00f8rer. Der undervises i teori og praksis i overensstemmelse med de tr\u00e6ningsprogrammer, der kr\u00e6ves i henhold til love og regler. Flyveskolen er alene ansvarlig for tilrettel\u00e6ggelsen af de godkendte uddannelseskurser og gennemf\u00f8relsen af de udbudte kurser. Piloteleven er forpligtet til samvittighedsfuldt og \u00f8jeblikkeligt at overholde alle regler, der er foreskrevet ved lov eller forskrift, samt instruktioner og individuelle instruktioner fra uddannelsespersonalet.   <\/p><h2>\u00a75 Registrering, indg\u00e5else af kontrakt og tidlig annullering<\/h2><h3>\u00a75.1 Princip<\/h3><p>Tilmelding til et kursus kan ske skriftligt, pr. fax, pr. e-mail eller direkte p\u00e5 flyveskolen. Ved tilmelding indg\u00e5s en kontrakt, og der foretages en reservation til den p\u00e5g\u00e6ldende uddannelse.<br>Da de administrative omkostninger er st\u00f8rst i begyndelsen af uddannelsen, forfalder et eventuelt administrationsgebyr straks ved indg\u00e5else af kontrakten og refunderes ikke, selv om uddannelsen aflyses. <\/p><h3>\u00a75.2 Kontrakt om tilbageholdelse eller anvendelse<\/h3><p>Omkostningerne ved en eventuel ejerskabskontrakt forfalder straks i \u00e9t bel\u00f8b ved indg\u00e5else. Forsinket brug p\u00e5 grund af forsinket betaling skal b\u00e6res af kontraktpartneren. Ingen omkostninger kan refunderes i tilf\u00e6lde af for tidlig opsigelse af kontrakten.  <\/p><h3>\u00a75.3 Fjernundervisningsprogrammer<\/h3><p>Omkostningerne til et fjernundervisningskursus og det tilh\u00f8rende fysiske kursus forfalder i m\u00e5nedlige rater umiddelbart efter kontraktens indg\u00e5else. Da fjernundervisningskurser er tredjepartsydelser, kan ingen omkostninger til fjernundervisningskurset refunderes. Klasseundervisningen er en del af kontrakten og en bindende del af fjernundervisningskurset og leveres af flyveskolen. En refusion af omkostningerne til klasseundervisningskurset er derfor ikke mulig.   <\/p><h3>5,4 $ Alle andre kurser<\/h3><p>Omkostningerne til den teoretiske del af uddannelsen skal som regel betales umiddelbart efter kontraktens indg\u00e5else. Parterne aftaler en konventionalbod p\u00e5 15 % i tilf\u00e6lde af for tidlig opsigelse af kontrakten. Praktisk tr\u00e6ning (flyvetr\u00e6ning), der allerede er p\u00e5begyndt, vil blive opkr\u00e6vet i henhold til den tid og indsats, der er involveret.  <\/p><h2>\u00a76 Datoer<\/h2><p>Datoer, der ikke er specificeret i en kontrakt (f.eks. for praktisk flyvetr\u00e6ning eller individuelle lektioner), aftales. I tilf\u00e6lde af praktisk flyvetr\u00e6ning er vejrforholdene afg\u00f8rende, hvorfor datoerne ikke kan aftales bindende p\u00e5 forh\u00e5nd, n\u00e5r kontrakten indg\u00e5s. <\/p><h2>\u00a77 Regnskab<\/h2><h3>\u00a77.1 Valuta, skat, afl\u00f8nning<\/h3><p>Alle priser er i euro og inkluderer den aktuelt g\u00e6ldende lovpligtige moms. Priserne er beregnet i henhold til den aktuelt g\u00e6ldende gebyrliste, som kan ses p\u00e5 flyveskolen\/hjemmesiden. <\/p><h3>$7.1.1 Fritagelse for oms\u00e6tningsafgift<\/h3><p>Uddannelser, der er klassificeret som erhvervsuddannelse eller videreuddannelse, kan tilbydes momsfrit i henhold til \u00a7 4 (21) UStG (den tyske momslov), forudsat at der foreligger en tilladelse. Dette kr\u00e6ver en individuel afklaring i hvert enkelt tilf\u00e6lde.   <\/p><h3>\u00a77.1.2 Levering af fakturaer<\/h3><p>Fakturaer og rykkere udsendes fortrinsvis elektronisk via e-mail. P\u00e5 kundens s\u00e6rlige anmodning kan dette g\u00f8res med en elektronisk signatur. Denne udtrykkelige anmodning skal frems\u00e6ttes skriftligt. Alternativt kan fakturaen eller p\u00e5mindelsen sendes med posten.   <\/p><h3>\u00a77.2 Beregning af effekt<\/h3><p>Tjenester faktureres p\u00e5 grundlag af de faktiske udgifter i overensstemmelse med den g\u00e6ldende gebyrliste.<br>Undtaget herfra er<br>Tjenester, der udtrykkeligt tilbydes til en fast pris<br>Omkostninger til teoretisk uddannelse, herunder fjernundervisningskurser<br>Administrationsgebyrer<br>Uddannelse af flyveledere<br>Fastholdelsesaftale<br>Udnyttelsesaftale<\/p><h3>\u00a77.3 Eksterne tjenester<\/h3><p>Flyveskolen anbefaler generelt, at du afregner tredjepartsydelser direkte med udbyderen. Som en ekstra service afregner vi hotelomkostninger, catering, handling, landings-, ankomst- og afgangsgebyrer osv. med tredjeparter. Brugeren vil blive faktureret for de afholdte omkostninger i dokumenteret omfang plus gebyrer for clearing af transaktioner, f.eks. checkgebyrer, overf\u00f8rselsgebyrer, behandlingsgebyrer (op til maksimalt 20 %).  <\/p><h3>\u00a77.4 Efterf\u00f8lgende endelige l\u00f8nopg\u00f8relser<\/h3><p>Indflyvnings-, rute- eller lignende gebyrer opkr\u00e6ves ofte af flyveskolen som flyets ejer eller operat\u00f8r med forsinkelse. Dette resulterer i en forsinkelse i faktureringen af brugeren. Som f\u00f8lge heraf kan den endelige faktura blive forsinket med op til 12 m\u00e5neder efter uddannelsens afslutning.  <\/p><h3>\u00a77.5 Certificering og korrektion<\/h3><p>Der opkr\u00e6ves et behandlingsgebyr p\u00e5 10 euro for certifikater, der udstedes efter s\u00e6rlig anmodning fra den studerende\/brugeren.<\/p><h3>\u00a77.6 Betaling for tjenester<\/h3><h4>\u00a77.6.1 Forfaldsdato<\/h4><p>Alle ydelser forfalder som udgangspunkt til betaling straks ved modtagelse af fakturaen uden fradrag, med undtagelse af Acontobetaling ved betaling via bankoverf\u00f8rsel i henhold til \u00a7 7.6.2 Der udstedes ingen fakturaer for acontobetalinger. De krediteres den respektive kundekonto.  <\/p><h4>\u00a77.6.2 Kontooplysninger<\/h4><p>Postbank, IBAN: DE55 4401 0046 0222 8184 64, BIC: PBNKDEFF<\/p><h4>\u00a77.6.3 Betalingsmetoder<\/h4><p>Fakturaer kan afregnes enten ved direkte debiteringstilladelse (SEPA direct debit mandate), ved bankoverf\u00f8rsel, ved kortbetaling eller efter fakturering.<br>I tilf\u00e6lde af afregning ved bankoverf\u00f8rsel efter fakturering skal der altid betales et acontobel\u00f8b p\u00e5 \u20ac 2.000. Dette forfalder til betaling umiddelbart f\u00f8r starten af den praktiske flyvetr\u00e6ning. Acontobetalingen vil blive afregnet ved afslutningen af uddannelsen. Eventuelle overbetalinger vil blive refunderet med det samme. Den endelige faktura kan forsinkes med op til 6 m\u00e5neder efter uddannelsens afslutning i henhold til \u00a7 7.3.2.     <\/p><h4>\u00a77.6.4 Manglende betaling af direkte debiteringer<\/h4><p>Hvis kunden foretager en uautoriseret eller ulovlig tilbagef\u00f8rsel af fakturabel\u00f8b for den leverede ydelse eller dele heraf, er flyveskolen berettiget til at opkr\u00e6ve det p\u00e5g\u00e6ldende bel\u00f8b inklusive de afholdte bookingomkostninger plus standard bankgebyrer og renter. <\/p><h4>\u00a77.6.5 Veksler og checks<\/h4><p>Veksler eller checks accepteres kun som betalingsmiddel. Rabatter og eventuelle inkassoomkostninger afholdes af debitor. Veksler forl\u00e6nges generelt ikke.  <\/p><h4>\u00a77.6.6 Misligholdelse af betaling<\/h4><p>Hvis betalingsdatoen overskrides med mere end 4 uger efter modtagelse af fakturaen, opkr\u00e6ves der morarenter p\u00e5 5 % over den respektive basisrentesats uden behov for en formel p\u00e5mindelse. I tilf\u00e6lde af forsinket betaling er kontraktpartneren forpligtet til at godtg\u00f8re alle f\u00f8r- og udenretslige rykker- og inkassoomkostninger ud over morarenterne. <\/p><h3>\u00a77.7 Undervisningsmateriale<\/h3><p>Alle udleverede tr\u00e6ningsmaterialer (f.eks. b\u00e6rbar computer, b\u00f8ger osv.) er til l\u00e5ns fra flyveskolen. De skal returneres til flyveskolen i perfekt stand senest ved afslutningen af uddannelsen. Uddannelsens afslutning er afslutningen af uddannelsen eller manglende best\u00e5else af eksamen. Hvis dokumenterne ikke returneres eller er i ubrugelig stand, vil den nye v\u00e6rdi minus afskrivning blive opkr\u00e6vet. Fjernundervisningskurser er en undtagelse fra denne regel. Fjernundervisningskurser er en tredjepartstjeneste og bliver den studerendes ejendom.     <\/p><h4>\u00a77.7.1 B\u00e6rbar computer eller notebook<\/h4><p>N\u00e5r du l\u00e5ner en b\u00e6rbar computer, notebook eller tablet, skal du v\u00e6re s\u00e6rlig opm\u00e6rksom p\u00e5 omhyggelig h\u00e5ndtering. I tilf\u00e6lde af skader for\u00e5rsaget af forkert h\u00e5ndtering opkr\u00e6ves den nye v\u00e6rdi. Kun den beskadigede laptop eller notebook bliver derefter elevens ejendom, softwaren forbliver skolens ejendom.  <\/p><h4>\u00a77.7.2 Levering af varer og fjernundervisningskurser<\/h4><p>Leverede varer (f.eks. korrespondancekurser, Aristo, computere osv.) forbliver flyveskolens ejendom, indtil k\u00f8bsprisen er betalt fuldt ud.<\/p><h3>\u00a77.8 Pris\u00e6ndringer<\/h3><p>Leverand\u00f8ren er bemyndiget til at tilpasse den p\u00e5g\u00e6ldende prisliste til \u00e6ndrede markedsforhold i tilf\u00e6lde af v\u00e6sentlige \u00e6ndringer i indk\u00f8bsomkostninger, \u00e6ndringer i moms eller indk\u00f8bspriser, dog h\u00f8jst \u00e9n gang i kvartalet. I tilf\u00e6lde af prisstigninger, der v\u00e6sentligt overstiger den almindelige stigning i leveomkostningerne, har kunden ret til at opsige kontrakten. I s\u00e5danne tilf\u00e6lde skal udbyderen informere kunden i tekstform. Undtaget herfra er fjernundervisningskurser, der er underlagt kontrol af FernUSG eller Zentralstelle f\u00fcr Fernunterricht.   <\/p><h2>\u00a78 Datterselskabsaftaler<\/h2><p>Eventuelle till\u00e6gsaftaler, \u00e6ndringer og tilf\u00f8jelser til kontrakter m\u00e5 kun indg\u00e5s skriftligt og skal accepteres og bekr\u00e6ftes af &#8220;Flyveskolen&#8221;.<\/p><h2>\u00a79 Opf\u00f8lgende tr\u00e6ning<\/h2><p>Opf\u00f8lgningstr\u00e6ning vil blive opkr\u00e6vet separat til kostpris.<\/p><h2>\u00a710 Husregler<\/h2><p>Husordenen tr\u00e6der i kraft, n\u00e5r man g\u00e5r ind i en bygning, hvor flyveskolen er placeret, eller hvor der afholdes kurser, og kunden skal overholde den. Husordenen er sl\u00e5et op. <\/p><h2>\u00a711 Afregning af praktiske tr\u00e6ningsflyvninger<\/h2><h3>\u00a711.1 Flyvetjeneste og hvileperioder<\/h3><p>Flyve-, tjeneste- og hviletider skal overholdes i henhold til lovkrav.<\/p><h3>\u00a711.2 Regnskabsrelevant arbejdstid for flyveinstrukt\u00f8ren eller teoriinstrukt\u00f8ren<\/h3><p>De praktiske tr\u00e6ningskurser, der gennemf\u00f8res med kunden, faktureres som f\u00f8lger: Al praktisk flyvetr\u00e6ning begynder med en briefing og slutter med en de-briefing. Instrukt\u00f8rens arbejdstid anerkendes altid her. Det vil sige fra check-in (undervisningsaktivitetens start med briefing) til check-out (undervisningsaktivitetens afslutning med de-briefing). Pauser efter anmodning fra den studerende i l\u00f8bet af tr\u00e6ningsperioden er ogs\u00e5 faktureret.   <\/p><h3>\u00a711.3 Faktureringsrelevante data om flyet<\/h3><p>Faktureringstiderne for flyet beregnes i henhold til bloktid (taxik\u00f8rsel med henblik p\u00e5 at lette indtil fuldst\u00e6ndig stilstand efter flyvningen).<\/p><h3>\u00a711.4 Regnskabsbilag<\/h3><p>L\u00e6rerens arbejdstid og flyets bloktid registreres ved hj\u00e6lp af regnskabssedlen. Eleven og l\u00e6reren skal opbevare denne med s\u00e6rlig omhu og bekr\u00e6fte den med deres underskrift. P\u00e5 baggrund af denne dokumentation faktureres den studerende. Eventuelle efterf\u00f8lgende \u00e6ndringer skal dokumenteres tydeligt.   <\/p><h2>\u00a712 Ansvar<\/h2><p>P\u00e5 grund af den s\u00e6rlige risiko under uddannelsen af piloter er der behov for yderligere regler p\u00e5 trods af indg\u00e5elsen af passende lovpligtige forsikringer.<\/p><h3>\u00a712.1 Kundens eller den studerendes ansvar<\/h3><p>I princippet er kunden personligt ansvarlig for skader af enhver art, som de er ansvarlige for. Den studerende er ansvarlig for skader, som han\/hun culp\u00f8st har for\u00e5rsaget. Hans\/hendes skyld antages, hvis skaden er relateret til manglende overholdelse af instruktionerne fra skolens personale, undervisningspersonalet eller i forbindelse med en overtr\u00e6delse af juridiske forpligtelser. <\/p><h3>\u00a712.2<\/h3><p>&#8211; ikke relevant &#8211;<\/p><h3>\u00a712.3 Ansvar for studenterejede fly<\/h3><p>Ved brug af studenterejede fly til tr\u00e6ningsform\u00e5l er ejeren af flyet ansvarlig for at tegne den n\u00f8dvendige forsikring. Ejeren eller forsikringstageren er udtrykkeligt ansvarlig for en eventuel selvrisiko, n\u00e5r der er sket en skade. Flyveskolen og dens ansatte er generelt fritaget for ansvar. Undtagelser er fors\u00e6tlige handlinger og grov uagtsomhed.   <\/p><h2>\u00a713 Retsmidler<\/h2><p>Eventuelle krav, der udspringer af kontraktforholdet, for\u00e6ldes i henhold til de lovbestemte frister.<\/p><h2>\u00a714 Annullering af uddannelses- eller servicekontrakten<\/h2><h3>\u00a714.1 Generelle oplysninger om annullering<\/h3><p>Uddannelseskontrakten kan til enhver tid opsiges af begge parter.<\/p><h3>\u00a714.2 Aflysning af flyveskolen<\/h3><p>Aflysning fra flyveskolens side kan kun finde sted af s\u00e6rlige grunde. S\u00e6rlige grunde er f.eks.:<br>Overtr\u00e6delse af regler eller manglende overholdelse af instruktioner fra tr\u00e6ningspersonalet<br>Grov tilsides\u00e6ttelse af husreglerne<br>Manglende betaling af fakturaer <\/p><h3>\u00a714.2 Aflysning fra de(n) studerende<\/h3><p>I tilf\u00e6lde af for tidlig aflysning fra elevens side forfalder alle allerede leverede ydelser under alle omst\u00e6ndigheder. Omkostningerne til den praktiske flyvetr\u00e6ning vil blive opkr\u00e6vet i st\u00f8rrelsen af de dokumenterede omkostninger i overensstemmelse med \u00a7 7.3 (eksterne omkostninger). <\/p><h2>\u00a715 Charter af fly<\/h2><h3>\u00a715.1 Brugerens eller befragterens forpligtelser<\/h3><p>P\u00e5 det aftalte tidspunkt for brug er kontraktens genstand (fly) til r\u00e5dighed p\u00e5 den aftalte flyveplads.<br>Destinationsflyvepladsen efter returflyvninger er afgangsflyvepladsen for bestemmelsen &#8211; uanset andre skriftlige aftaler. Mellemlandinger p\u00e5 andre flyvepladser er til enhver tid mulige.<br>Undercharter eller underleasing er udtrykkeligt udelukket.<br>Den af brugeren ansatte pilot skal v\u00e6re i besiddelse af eller have opn\u00e5et et gyldigt flyvecertifikat og alle n\u00f8dvendige tilladelser, der kr\u00e6ves for at operere det udpegede luftfart\u00f8j. Medmindre han selv er pilot, skal brugeren sikre, at han opfylder disse krav.<br>Hvis brugeren ikke har nogen erfaring med denne type luftfart\u00f8j, skal tiden til forskelstr\u00e6ning eller tilv\u00e6nning l\u00e6gges til brugsperioden.  <\/p><h3>\u00a715.2 Flyveskolens forpligtelser<\/h3><p>Flyveskolen skal stille flyet til r\u00e5dighed for charteren p\u00e5 den aftalte flyveplads til brug i en sikker og luftdygtig stand p\u00e5 det aftalte tidspunkt for brug.<\/p><h3>\u00a715.3 Brugerbetaling<\/h3><p>Den aftalte pris fremg\u00e5r af tilbuddet eller de i flyveskolens lokaler opsl\u00e5ede prislister, idet det i tvivlstilf\u00e6lde er de i tilbuddet opsl\u00e5ede prislister, der er g\u00e6ldende.<br>Denne pris inkluderer de n\u00f8dvendige br\u00e6ndstofomkostninger for brugsperioden.<br>Ikke inkluderet i prisen er alle andre omkostninger, der opst\u00e5r p\u00e5 grund af den specifikke flyvning i brugsperioden, herunder landingsgebyrer, indflyvningsgebyrer, parkeringsgebyrer p\u00e5 tredjeparts flyvepladser og andre afgifter, der stammer fra den specifikke flyvning eller de specifikke flyvninger. Afsnit 7 g\u00e6lder tilsvarende.<br>Prisen inkluderer fuld kaskoforsikring med en selvrisiko, der skal b\u00e6res af brugeren (charterkunden) i tilf\u00e6lde af skade. St\u00f8rrelsen af selvrisikoen afh\u00e6nger af flytypen og skal oplyses inden brug.<br>Brugeren skal foretage den l\u00f8bende vedligeholdelse, pleje og sikre opbevaring af flyet, som er n\u00f8dvendig i brugsperioden.<br>Hvis der er behov for optankning under flyvningerne eller i l\u00f8bet af flyvningen, er brugeren selv ansvarlig for at foretage optankningen. Der m\u00e5 kun tankes autoriseret br\u00e6ndstof. Brugeren kan kr\u00e6ve refusion af br\u00e6ndstofprisen fra flyveskolen mod fremvisning af de relevante kvitteringer. Ekstra omkostninger p\u00e5 grund af tankning i udlandet eller forskellen til prisen p\u00e5 br\u00e6ndstof i EDXF p\u00e5 samme tidspunkt skal dog b\u00e6res af brugeren.     <\/p><h3>\u00a715.4 Forsikrings- og ansvarsbetingelser<\/h3><p>Brugeren er ansvarlig for enhver skade p\u00e5 flyet. Is\u00e6r er brugeren ogs\u00e5 ansvarlig for \u00f8konomiske konsekvenstab og andre \u00f8konomiske tab som f\u00f8lge af enhver skade p\u00e5 flyet.<br>I det omfang den tegnede forsikring giver erstatning, er brugeren selv fritaget for sin forpligtelse til at betale erstatning.<br>I tilf\u00e6lde af skade skal brugeren betale den aftalte selvrisiko i dette bel\u00f8b, uden at det ber\u00f8rer yderligere krav. Hvis kaskoforsikringen benyttes, skal der desuden betales en ekstra pr\u00e6mie p\u00e5 15 % for den forsikring, som ejeren har tegnet. Brugeren h\u00e6fter for denne ekstra betaling.<br>Brugeren h\u00e6fter for enhver forsinket tilbagelevering eller for sen tilbagelevering af flyet. Den aftalte tilbageleveringsdato skal overholdes. Desuden g\u00f8res der opm\u00e6rksom p\u00e5, at forsinket tilbagelevering kan medf\u00f8re \u00f8konomiske tab, som kan overstige brugerbetalingen for perioden med forsinket tilbagelevering.<br>Brugeren er fritaget for ansvar, hvis han kan bevise, at tabet, skaden eller den forsinkede tilbagelevering skyldes omst\u00e6ndigheder, som han ikke kunne have undg\u00e5et ved at udvise rimelig omhu.     <\/p><h3>\u00a715.5 Annullering af charter<\/h3><p>En charterkontrakt kan til enhver tid annulleres, men f\u00f8rst efter at varen er returneret, og flyveskolen har overtaget den. Annulleringen skal ske skriftligt (ogs\u00e5 tilladt via e-mail). <\/p><h3>\u00a715.6 Sikkerhedsstillelse<\/h3><p>Brugeren skal betale flyveskolen et depositum p\u00e5 det overskydende bel\u00f8b f\u00f8r flyvningens start, ud over betaling af brugsgebyret. Depositummet er ikke renteb\u00e6rende. Hvis brugeren accepterer en direkte debiteringsprocedure, skal depositummet ikke betales.  <\/p><h3>\u00a715.7 S\u00e6rlige betingelser for chartre<\/h3><p>Hvis denne kontrakt best\u00e5r af flere personer fra brugerens side, h\u00e6fter de solidarisk for alle forpligtelser, der f\u00f8lger af denne kontrakt.<br>Der er ikke indg\u00e5et nogen till\u00e6gsaftaler, \u00e6ndringer eller tilf\u00f8jelser.<br>\u00c6ndringer af kontrakten skal ske skriftligt. Oph\u00e6velse af kravet om skriftlighed skal ogs\u00e5 ske skriftligt.<br>Brugeren er ogs\u00e5 ansvarlig for overholdelse af flyvesikkerhedsforpligtelser og skal holde flyveskolen skadesl\u00f8s for ethvert krav, der opst\u00e5r som f\u00f8lge af overtr\u00e6delse af flyvesikkerhedsforpligtelser i forhold til kontraktgenstanden i det interne forhold. Dette g\u00e6lder ikke, hvis skaden skyldes mangler ved selve flyet, som flyveskolen har undladt at udbedre, selv om den var bekendt med manglen.  <\/p><h2>\u00a716 V\u00e6rneting<\/h2><p>V\u00e6rneting er Flensborg.<br>Tysk lov g\u00e6lder. Hvis ordren blev afgivet som forbruger, og det s\u00e6dvanlige opholdssted p\u00e5 tidspunktet for ordren er i et andet land, forbliver anvendelsen af ufravigelige lovbestemmelser i dette land up\u00e5virket af det lovvalg, der er foretaget i s\u00e6tning 1. For alle tvister, der opst\u00e5r i forbindelse med kontraktforholdet, skal sagen, hvis ordregiveren er en erhvervsdrivende, en offentligretlig juridisk person eller en offentligretlig specialfond, anl\u00e6gges ved den domstol, der har kompetence til at behandle ordregiverens hjemsted. Leverand\u00f8ren er ogs\u00e5 berettiget til at anl\u00e6gge sag ved ordregiverens hovedforretningssted. I alle andre henseender g\u00e6lder de g\u00e6ldende lovbestemmelser for lokal og international jurisdiktion.    <\/p><h2>\u00a716 Klausul om adskillelse<\/h2><p>Skulle enkelte bestemmelser i denne kontrakt v\u00e6re ugyldige, p\u00e5virker dette ikke gyldigheden af den resterende del af kontrakten. Den ugyldige bestemmelse skal erstattes af en bestemmelse, der kommer s\u00e5 t\u00e6t som muligt p\u00e5 en juridisk tilladt m\u00e5de til det \u00f8konomiske form\u00e5l med den ugyldige bestemmelse. <\/p><p>Generelle vilk\u00e5r og betingelser, Baltic Seaplane GmbH, REV1, Flensborg, 30.01.2022<\/p>\t\t\t\t\t\t\t\t<\/div>\n\t\t\t\t<\/div>\n\t\t\t\t\t<\/div>\n\t\t<\/div>\n\t\t\t\t\t<\/div>\n\t\t<\/section>\n\t\t\t\t<\/div>\n\t\t","protected":false},"excerpt":{"rendered":"<p>Generelle vilk\u00e5r og betingelserFlyveskolen Baltic Seaplane GmbH, HBR 11005, Flensborg. \u00a71 Omfanget af GTC&#8217;ernes gyldighed De f\u00f8lgende generelle vilk\u00e5r og betingelser (GTC) for &#8220;Flugschule Baltic Seaplane GmbH&#8221; (i det f\u00f8lgende ben\u00e6vnt &#8220;flyveskolen&#8221;) g\u00e6lder for alle kontrakter, uddannelsesaftaler, fjernundervisningskontrakter, tjenester, leverancer, charter og andre tjenester, der er indg\u00e5et af den med en kontraktpartner (i det f\u00f8lgende [&hellip;]<\/p>\n","protected":false},"author":4,"featured_media":0,"parent":4658,"menu_order":0,"comment_status":"closed","ping_status":"closed","template":"elementor_theme","meta":{"inline_featured_image":false,"footnotes":""},"class_list":["post-4568","page","type-page","status-publish","hentry"],"_links":{"self":[{"href":"https:\/\/baltic-seaplane.de\/da\/wp-json\/wp\/v2\/pages\/4568","targetHints":{"allow":["GET"]}}],"collection":[{"href":"https:\/\/baltic-seaplane.de\/da\/wp-json\/wp\/v2\/pages"}],"about":[{"href":"https:\/\/baltic-seaplane.de\/da\/wp-json\/wp\/v2\/types\/page"}],"author":[{"embeddable":true,"href":"https:\/\/baltic-seaplane.de\/da\/wp-json\/wp\/v2\/users\/4"}],"replies":[{"embeddable":true,"href":"https:\/\/baltic-seaplane.de\/da\/wp-json\/wp\/v2\/comments?post=4568"}],"version-history":[{"count":3,"href":"https:\/\/baltic-seaplane.de\/da\/wp-json\/wp\/v2\/pages\/4568\/revisions"}],"predecessor-version":[{"id":4580,"href":"https:\/\/baltic-seaplane.de\/da\/wp-json\/wp\/v2\/pages\/4568\/revisions\/4580"}],"up":[{"embeddable":true,"href":"https:\/\/baltic-seaplane.de\/da\/wp-json\/wp\/v2\/pages\/4658"}],"wp:attachment":[{"href":"https:\/\/baltic-seaplane.de\/da\/wp-json\/wp\/v2\/media?parent=4568"}],"curies":[{"name":"wp","href":"https:\/\/api.w.org\/{rel}","templated":true}]}}