{"id":4550,"date":"2022-01-24T13:13:23","date_gmt":"2022-01-24T12:13:23","guid":{"rendered":"https:\/\/baltic-seaplane.de\/udvidelse-icao-sprogniveau-4\/"},"modified":"2026-03-02T10:38:12","modified_gmt":"2026-03-02T09:38:12","slug":"udvidelse-icao-sprogniveau-4","status":"publish","type":"page","link":"https:\/\/baltic-seaplane.de\/da\/startside\/flyveskole\/udvidelse-icao-sprogniveau-4\/","title":{"rendered":"Udvidelse ICAO sprogniveau 4"},"content":{"rendered":"\t\t<div data-elementor-type=\"wp-page\" data-elementor-id=\"4550\" class=\"elementor elementor-4550\" data-elementor-post-type=\"page\">\n\t\t\t\t\t\t<section class=\"elementor-section elementor-top-section elementor-element elementor-element-483f844 elementor-section-boxed elementor-section-height-default elementor-section-height-default\" data-id=\"483f844\" data-element_type=\"section\" data-e-type=\"section\">\n\t\t\t\t\t\t<div class=\"elementor-container elementor-column-gap-default\">\n\t\t\t\t\t<div class=\"elementor-column elementor-col-100 elementor-top-column elementor-element elementor-element-142c2a7\" data-id=\"142c2a7\" data-element_type=\"column\" data-e-type=\"column\" data-settings=\"{&quot;background_background&quot;:&quot;classic&quot;}\">\n\t\t\t<div class=\"elementor-widget-wrap elementor-element-populated\">\n\t\t\t\t\t\t<div class=\"elementor-element elementor-element-ea1c0f6 elementor-widget elementor-widget-heading\" data-id=\"ea1c0f6\" data-element_type=\"widget\" data-e-type=\"widget\" data-widget_type=\"heading.default\">\n\t\t\t\t<div class=\"elementor-widget-container\">\n\t\t\t\t\t<h3 class=\"elementor-heading-title elementor-size-default\">Udvidelse ICAO sprogniveau 4<\/h3>\t\t\t\t<\/div>\n\t\t\t\t<\/div>\n\t\t\t\t\t<\/div>\n\t\t<\/div>\n\t\t\t\t\t<\/div>\n\t\t<\/section>\n\t\t\t\t<section class=\"elementor-section elementor-top-section elementor-element elementor-element-20c8f4b elementor-section-content-middle elementor-section-boxed elementor-section-height-default elementor-section-height-default\" data-id=\"20c8f4b\" data-element_type=\"section\" data-e-type=\"section\">\n\t\t\t\t\t\t<div class=\"elementor-container elementor-column-gap-no\">\n\t\t\t\t\t<div class=\"elementor-column elementor-col-50 elementor-top-column elementor-element elementor-element-340b1d0\" data-id=\"340b1d0\" data-element_type=\"column\" data-e-type=\"column\">\n\t\t\t<div class=\"elementor-widget-wrap elementor-element-populated\">\n\t\t\t\t\t\t<div class=\"elementor-element elementor-element-b27f65e elementor-list-item-link-full_width elementor-widget elementor-widget-icon-list\" data-id=\"b27f65e\" data-element_type=\"widget\" data-e-type=\"widget\" data-widget_type=\"icon-list.default\">\n\t\t\t\t<div class=\"elementor-widget-container\">\n\t\t\t\t\t\t\t<ul class=\"elementor-icon-list-items\">\n\t\t\t\t\t\t\t<li class=\"elementor-icon-list-item\">\n\t\t\t\t\t\t\t\t\t\t\t<span class=\"elementor-icon-list-icon\">\n\t\t\t\t\t\t\t<i aria-hidden=\"true\" class=\"far fa-arrow-alt-circle-right\"><\/i>\t\t\t\t\t\t<\/span>\n\t\t\t\t\t\t\t\t\t\t<span class=\"elementor-icon-list-text\">Fornyelsespr\u00f8ve for engelsk niveau 4 i henhold til ICAO's krav.<\/span>\n\t\t\t\t\t\t\t\t\t<\/li>\n\t\t\t\t\t\t\t\t<li class=\"elementor-icon-list-item\">\n\t\t\t\t\t\t\t\t\t\t\t<span class=\"elementor-icon-list-icon\">\n\t\t\t\t\t\t\t<i aria-hidden=\"true\" class=\"far fa-arrow-alt-circle-right\"><\/i>\t\t\t\t\t\t<\/span>\n\t\t\t\t\t\t\t\t\t\t<span class=\"elementor-icon-list-text\">Testen \"Lytteforst\u00e5else\" best\u00e5r af otte sp\u00f8rgsm\u00e5l, hver med tre svarmuligheder.<\/span>\n\t\t\t\t\t\t\t\t\t<\/li>\n\t\t\t\t\t\t\t\t<li class=\"elementor-icon-list-item\">\n\t\t\t\t\t\t\t\t\t\t\t<span class=\"elementor-icon-list-icon\">\n\t\t\t\t\t\t\t<i aria-hidden=\"true\" class=\"far fa-arrow-alt-circle-right\"><\/i>\t\t\t\t\t\t<\/span>\n\t\t\t\t\t\t\t\t\t\t<span class=\"elementor-icon-list-text\">Sprogpr\u00f8ven best\u00e5r af et ca. 20 minutter langt interview med eksaminatoren om et luftfartsrelateret emne.<\/span>\n\t\t\t\t\t\t\t\t\t<\/li>\n\t\t\t\t\t\t<\/ul>\n\t\t\t\t\t\t<\/div>\n\t\t\t\t<\/div>\n\t\t\t\t<div class=\"elementor-element elementor-element-2ed1eb7 elementor-hidden-widescreen elementor-hidden-desktop elementor-hidden-laptop elementor-widget-divider--view-line elementor-widget elementor-widget-divider\" data-id=\"2ed1eb7\" data-element_type=\"widget\" data-e-type=\"widget\" data-widget_type=\"divider.default\">\n\t\t\t\t<div class=\"elementor-widget-container\">\n\t\t\t\t\t\t\t<div class=\"elementor-divider\">\n\t\t\t<span class=\"elementor-divider-separator\">\n\t\t\t\t\t\t<\/span>\n\t\t<\/div>\n\t\t\t\t\t\t<\/div>\n\t\t\t\t<\/div>\n\t\t\t\t\t<\/div>\n\t\t<\/div>\n\t\t\t\t<div class=\"elementor-column elementor-col-50 elementor-top-column elementor-element elementor-element-4edfd78\" data-id=\"4edfd78\" data-element_type=\"column\" data-e-type=\"column\">\n\t\t\t<div class=\"elementor-widget-wrap elementor-element-populated\">\n\t\t\t\t\t\t<div class=\"elementor-element elementor-element-acf065c elementor-list-item-link-full_width elementor-widget elementor-widget-icon-list\" data-id=\"acf065c\" data-element_type=\"widget\" data-e-type=\"widget\" data-widget_type=\"icon-list.default\">\n\t\t\t\t<div class=\"elementor-widget-container\">\n\t\t\t\t\t\t\t<ul class=\"elementor-icon-list-items\">\n\t\t\t\t\t\t\t<li class=\"elementor-icon-list-item\">\n\t\t\t\t\t\t\t\t\t\t\t<span class=\"elementor-icon-list-icon\">\n\t\t\t\t\t\t\t<i aria-hidden=\"true\" class=\"far fa-arrow-alt-circle-right\"><\/i>\t\t\t\t\t\t<\/span>\n\t\t\t\t\t\t\t\t\t\t<span class=\"elementor-icon-list-text\">Denne test kan ogs\u00e5 udf\u00f8res under en (passende) flyvetur!<\/span>\n\t\t\t\t\t\t\t\t\t<\/li>\n\t\t\t\t\t\t\t\t<li class=\"elementor-icon-list-item\">\n\t\t\t\t\t\t\t\t\t\t\t<span class=\"elementor-icon-list-icon\">\n\t\t\t\t\t\t\t<i aria-hidden=\"true\" class=\"far fa-arrow-alt-circle-right\"><\/i>\t\t\t\t\t\t<\/span>\n\t\t\t\t\t\t\t\t\t\t<span class=\"elementor-icon-list-text\">Vigtigt: Hvis udl\u00f8bsdatoen for sprogniveauet er overskredet, skal den f\u00f8rste pr\u00f8ve tages igen!<\/span>\n\t\t\t\t\t\t\t\t\t<\/li>\n\t\t\t\t\t\t<\/ul>\n\t\t\t\t\t\t<\/div>\n\t\t\t\t<\/div>\n\t\t\t\t<div class=\"elementor-element elementor-element-d81f867 elementor-hidden-widescreen elementor-hidden-desktop elementor-hidden-laptop elementor-widget-divider--view-line elementor-widget elementor-widget-divider\" data-id=\"d81f867\" data-element_type=\"widget\" data-e-type=\"widget\" data-widget_type=\"divider.default\">\n\t\t\t\t<div class=\"elementor-widget-container\">\n\t\t\t\t\t\t\t<div class=\"elementor-divider\">\n\t\t\t<span class=\"elementor-divider-separator\">\n\t\t\t\t\t\t<\/span>\n\t\t<\/div>\n\t\t\t\t\t\t<\/div>\n\t\t\t\t<\/div>\n\t\t\t\t\t<\/div>\n\t\t<\/div>\n\t\t\t\t\t<\/div>\n\t\t<\/section>\n\t\t\t\t<section class=\"elementor-section elementor-top-section elementor-element elementor-element-f702d45 elementor-section-boxed elementor-section-height-default elementor-section-height-default\" data-id=\"f702d45\" data-element_type=\"section\" data-e-type=\"section\">\n\t\t\t\t\t\t<div class=\"elementor-container elementor-column-gap-default\">\n\t\t\t\t\t<div class=\"elementor-column elementor-col-100 elementor-top-column elementor-element elementor-element-3e30796\" data-id=\"3e30796\" data-element_type=\"column\" data-e-type=\"column\">\n\t\t\t<div class=\"elementor-widget-wrap elementor-element-populated\">\n\t\t\t\t\t\t<div class=\"elementor-element elementor-element-900888b elementor-widget elementor-widget-heading\" data-id=\"900888b\" data-element_type=\"widget\" data-e-type=\"widget\" data-widget_type=\"heading.default\">\n\t\t\t\t<div class=\"elementor-widget-container\">\n\t\t\t\t\t<h3 class=\"elementor-heading-title elementor-size-default\">Kontakt os, hvis du har yderligere sp\u00f8rgsm\u00e5l om forl\u00e6ngelsen eller for at aftale en tid!<\/h3>\t\t\t\t<\/div>\n\t\t\t\t<\/div>\n\t\t\t\t\t<\/div>\n\t\t<\/div>\n\t\t\t\t\t<\/div>\n\t\t<\/section>\n\t\t\t\t<section class=\"elementor-section elementor-top-section elementor-element elementor-element-300d0b0 elementor-section-boxed elementor-section-height-default elementor-section-height-default\" data-id=\"300d0b0\" data-element_type=\"section\" data-e-type=\"section\">\n\t\t\t\t\t\t<div class=\"elementor-container elementor-column-gap-default\">\n\t\t\t\t\t<div class=\"elementor-column elementor-col-100 elementor-top-column elementor-element elementor-element-c9385d4\" data-id=\"c9385d4\" data-element_type=\"column\" data-e-type=\"column\">\n\t\t\t<div class=\"elementor-widget-wrap elementor-element-populated\">\n\t\t\t\t\t\t<div class=\"elementor-element elementor-element-1b56d07 elementor-mobile-button-align-stretch elementor-button-align-stretch elementor-widget elementor-widget-global elementor-global-4640 elementor-global-3242 elementor-widget-form\" data-id=\"1b56d07\" data-element_type=\"widget\" data-e-type=\"widget\" data-settings=\"{&quot;step_next_label&quot;:&quot;N\\u00e6ste&quot;,&quot;step_previous_label&quot;:&quot;Tidligere&quot;,&quot;button_width&quot;:&quot;100&quot;,&quot;step_type&quot;:&quot;number_text&quot;,&quot;step_icon_shape&quot;:&quot;circle&quot;}\" data-widget_type=\"form.default\">\n\t\t\t\t<div class=\"elementor-widget-container\">\n\t\t\t\t\t\t\t<form class=\"elementor-form\" method=\"post\" name=\"Ny formular\" aria-label=\"Ny formular\">\n\t\t\t<input type=\"hidden\" name=\"post_id\" value=\"4550\"\/>\n\t\t\t<input type=\"hidden\" name=\"form_id\" value=\"1b56d07\"\/>\n\t\t\t<input type=\"hidden\" name=\"referer_title\" value=\"\" \/>\n\n\t\t\t\n\t\t\t<div class=\"elementor-form-fields-wrapper elementor-labels-above\">\n\t\t\t\t\t\t\t\t<div class=\"elementor-field-type-html elementor-field-group elementor-column elementor-field-group-field_c475172 elementor-col-100\">\n\t\t\t\t\t<div style=\"color:#0b2a4a; font-weight:600; line-height:1.2;\">\nDine kontaktoplysninger\n<\/div>\t\t\t\t<\/div>\n\t\t\t\t\t\t\t\t<div class=\"elementor-field-type-text elementor-field-group elementor-column elementor-field-group-name elementor-col-50 elementor-field-required elementor-mark-required\">\n\t\t\t\t\t\t\t\t\t\t\t\t<label for=\"form-field-name\" class=\"elementor-field-label\">\n\t\t\t\t\t\t\t\tNavn\t\t\t\t\t\t\t<\/label>\n\t\t\t\t\t\t\t\t\t\t\t\t\t\t<input size=\"1\" type=\"text\" name=\"form_fields[name]\" id=\"form-field-name\" class=\"elementor-field elementor-size-sm  elementor-field-textual\" placeholder=\"Navn\" required=\"required\">\n\t\t\t\t\t\t\t\t\t\t\t<\/div>\n\t\t\t\t\t\t\t\t<div class=\"elementor-field-type-email elementor-field-group elementor-column elementor-field-group-email elementor-col-50 elementor-field-required elementor-mark-required\">\n\t\t\t\t\t\t\t\t\t\t\t\t<label for=\"form-field-email\" class=\"elementor-field-label\">\n\t\t\t\t\t\t\t\te-mail\t\t\t\t\t\t\t<\/label>\n\t\t\t\t\t\t\t\t\t\t\t\t\t\t<input size=\"1\" type=\"email\" name=\"form_fields[email]\" id=\"form-field-email\" class=\"elementor-field elementor-size-sm  elementor-field-textual\" placeholder=\"E-mail-adresse\" required=\"required\">\n\t\t\t\t\t\t\t\t\t\t\t<\/div>\n\t\t\t\t\t\t\t\t<div class=\"elementor-field-type-tel elementor-field-group elementor-column elementor-field-group-field_543ee8c elementor-col-60\">\n\t\t\t\t\t\t\t\t\t\t\t\t<label for=\"form-field-field_543ee8c\" class=\"elementor-field-label\">\n\t\t\t\t\t\t\t\tTelefon <span style=\"color:#999;\">(hvis du gerne vil have, at vi ringer tilbage)<\/span> \t\t\t\t\t\t\t<\/label>\n\t\t\t\t\t\t\t\t<input size=\"1\" type=\"tel\" name=\"form_fields[field_543ee8c]\" id=\"form-field-field_543ee8c\" class=\"elementor-field elementor-size-sm  elementor-field-textual\" placeholder=\"Telefonnummer\" pattern=\"[0-9()#&amp;+*-=.]+\" title=\"Kun tal og telefonkarakterer (#,-,*, o.s.v.) accepteres.\">\n\n\t\t\t\t\t\t<\/div>\n\t\t\t\t\t\t\t\t<div class=\"elementor-field-type-html elementor-field-group elementor-column elementor-field-group-field_c549f56 elementor-col-100\">\n\t\t\t\t\t<div style=\"color:#0b2a4a; font-weight:600; line-height:1.2;margin-top:25px\">\nTr\u00e6ning\n<\/div>\t\t\t\t<\/div>\n\t\t\t\t\t\t\t\t<div class=\"elementor-field-type-select elementor-field-group elementor-column elementor-field-group-field_aa96157 elementor-col-60 elementor-field-required elementor-mark-required\">\n\t\t\t\t\t\t\t\t\t\t\t\t<label for=\"form-field-field_aa96157\" class=\"elementor-field-label\">\n\t\t\t\t\t\t\t\t<div style=\"  font-family: inherit; font-size: 18px; font-weight: 600; color: #0b2a4a; line-height: 1.2;  \">ANMODNING OM TR\u00c6NING:<\/div>s\t\t\t\t\t\t\t<\/label>\n\t\t\t\t\t\t\t\t<div class=\"elementor-field elementor-select-wrapper remove-before \">\n\t\t\t<div class=\"select-caret-down-wrapper\">\n\t\t\t\t<i aria-hidden=\"true\" class=\"eicon-caret-down\"><\/i>\t\t\t<\/div>\n\t\t\t<select name=\"form_fields[field_aa96157]\" id=\"form-field-field_aa96157\" class=\"elementor-field-textual elementor-size-sm\" required=\"required\">\n\t\t\t\t\t\t\t\t\t<option value=\"Fornyelse af SEP (s\u00f8)\">Fornyelse af SEP (s\u00f8)<\/option>\n\t\t\t\t\t\t\t\t\t<option value=\"Fornyelse af SEP (s\u00f8)\">Fornyelse af SEP (s\u00f8)<\/option>\n\t\t\t\t\t\t\t\t\t<option value=\"SEP (s\u00f8) vandflyvercertifikat\">SEP (s\u00f8) vandflyvercertifikat<\/option>\n\t\t\t\t\t\t\t\t\t<option value=\"Fornyelse af SEP (land)\">Fornyelse af SEP (land)<\/option>\n\t\t\t\t\t\t\t\t\t<option value=\"Fornyelse af SEP (land)\">Fornyelse af SEP (land)<\/option>\n\t\t\t\t\t\t\t\t\t<option value=\"Kontrolflyvning\">Kontrolflyvning<\/option>\n\t\t\t\t\t\t\t\t\t<option value=\"Individuel tr\u00e6ning\/anmodning\">Individuel tr\u00e6ning\/anmodning<\/option>\n\t\t\t\t\t\t\t<\/select>\n\t\t<\/div>\n\t\t\t\t\t\t<\/div>\n\t\t\t\t\t\t\t\t<div class=\"elementor-field-type-textarea elementor-field-group elementor-column elementor-field-group-field_b6fbef1 elementor-col-100\">\n\t\t\t\t\t\t\t\t\t\t\t\t<label for=\"form-field-field_b6fbef1\" class=\"elementor-field-label\">\n\t\t\t\t\t\t\t\tIndividuelle tr\u00e6ningsm\u00e5l | Besked <span style=\"color:#999;\">(valgfrit)<\/span>\t\t\t\t\t\t\t<\/label>\n\t\t\t\t\t\t<textarea class=\"elementor-field-textual elementor-field  elementor-size-sm\" name=\"form_fields[field_b6fbef1]\" id=\"form-field-field_b6fbef1\" rows=\"4\" placeholder=\"z. f.eks. vandflyvetr\u00e6ning, genopfriskningskurser, s\u00e6rlige man\u00f8vrer eller sp\u00f8rgsm\u00e5l om tr\u00e6ning eller vandflyvning i almindelighed.\"><\/textarea>\t\t\t\t<\/div>\n\t\t\t\t\t\t\t\t<div class=\"elementor-field-type-html elementor-field-group elementor-column elementor-field-group-field_94e0825 elementor-col-100\">\n\t\t\t\t\t<div style=\"color:#0b2a4a; font-weight:600; line-height:1.2;margin-top:25px\">\nPlanl\u00e6gning<span style=\"font-size:22px;color:#999999;\">\n(valgfrit)\n<\/span>\n<\/div>\t\t\t\t<\/div>\n\t\t\t\t\t\t\t\t<div class=\"elementor-field-type-checkbox elementor-field-group elementor-column elementor-field-group-field_8dbebd2 elementor-col-100\">\n\t\t\t\t\t\t\t\t\t\t\t\t<label for=\"form-field-field_8dbebd2\" class=\"elementor-field-label\">\n\t\t\t\t\t\t\t\tLicenstype\t\t\t\t\t\t\t<\/label>\n\t\t\t\t\t\t<div class=\"elementor-field-subgroup  elementor-subgroup-inline\"><span class=\"elementor-field-option\"><input type=\"checkbox\" value=\"LAPL (A)\" id=\"form-field-field_8dbebd2-0\" name=\"form_fields[field_8dbebd2][]\"> <label for=\"form-field-field_8dbebd2-0\">LAPL (A)<\/label><\/span><span class=\"elementor-field-option\"><input type=\"checkbox\" value=\"PPL (A)\" id=\"form-field-field_8dbebd2-1\" name=\"form_fields[field_8dbebd2][]\"> <label for=\"form-field-field_8dbebd2-1\">PPL (A)<\/label><\/span><span class=\"elementor-field-option\"><input type=\"checkbox\" value=\"CPL (A)\" id=\"form-field-field_8dbebd2-2\" name=\"form_fields[field_8dbebd2][]\"> <label for=\"form-field-field_8dbebd2-2\">CPL (A)<\/label><\/span><span class=\"elementor-field-option\"><input type=\"checkbox\" value=\"ATPL\" id=\"form-field-field_8dbebd2-3\" name=\"form_fields[field_8dbebd2][]\"> <label for=\"form-field-field_8dbebd2-3\">ATPL<\/label><\/span><\/div>\t\t\t\t<\/div>\n\t\t\t\t\t\t\t\t<div class=\"elementor-field-type-text elementor-field-group elementor-column elementor-field-group-field_89773ad elementor-col-25\">\n\t\t\t\t\t\t\t\t\t\t\t\t<label for=\"form-field-field_89773ad\" class=\"elementor-field-label\">\n\t\t\t\t\t\t\t\tFlyvetimer<br>SEP (land)\t\t\t\t\t\t\t<\/label>\n\t\t\t\t\t\t\t\t\t\t\t\t\t\t<input size=\"1\" type=\"text\" name=\"form_fields[field_89773ad]\" id=\"form-field-field_89773ad\" class=\"elementor-field elementor-size-sm  elementor-field-textual\" placeholder=\"FH SEP (land)\">\n\t\t\t\t\t\t\t\t\t\t\t<\/div>\n\t\t\t\t\t\t\t\t<div class=\"elementor-field-type-text elementor-field-group elementor-column elementor-field-group-field_e519e38 elementor-col-25\">\n\t\t\t\t\t\t\t\t\t\t\t\t<label for=\"form-field-field_e519e38\" class=\"elementor-field-label\">\n\t\t\t\t\t\t\t\tFlyvetimer<br>SEP (hav)\t\t\t\t\t\t\t<\/label>\n\t\t\t\t\t\t\t\t\t\t\t\t\t\t<input size=\"1\" type=\"text\" name=\"form_fields[field_e519e38]\" id=\"form-field-field_e519e38\" class=\"elementor-field elementor-size-sm  elementor-field-textual\" placeholder=\"FH SEP (hav)\">\n\t\t\t\t\t\t\t\t\t\t\t<\/div>\n\t\t\t\t\t\t\t\t<div class=\"elementor-field-type-text elementor-field-group elementor-column elementor-field-group-field_ca9a8a0 elementor-col-20\">\n\t\t\t\t\t\t\t\t\t\t\t\t<label for=\"form-field-field_ca9a8a0\" class=\"elementor-field-label\">\n\t\t\t\t\t\t\t\tFlyvetimer<br>sidste 12 m\u00e5neder.\t\t\t\t\t\t\t<\/label>\n\t\t\t\t\t\t\t\t\t\t\t\t\t\t<input size=\"1\" type=\"text\" name=\"form_fields[field_ca9a8a0]\" id=\"form-field-field_ca9a8a0\" class=\"elementor-field elementor-size-sm  elementor-field-textual\" placeholder=\"FH L12M\">\n\t\t\t\t\t\t\t\t\t\t\t<\/div>\n\t\t\t\t\t\t\t\t<div class=\"elementor-field-type-date elementor-field-group elementor-column elementor-field-group-field_59cc77a elementor-col-50\">\n\t\t\t\t\t\t\t\t\t\t\t\t<label for=\"form-field-field_59cc77a\" class=\"elementor-field-label\">\n\t\t\t\t\t\t\t\t<div style=\"  font-family: inherit; font-size: 18px; font-weight: 600; color: #0b2a4a; line-height: 1.2;  \">  TID RUM<\/div><div style=\"font-family: inherit; font-size: 13px; color: #777777; font-style: italic; line-height: 1.4;\">  V\u00e6lg venligst en l\u00e6ngere periode, s\u00e5 vi kan tage h\u00f8jde for vejrrelaterede uds\u00e6ttelser.  <\/div>Startdato\t\t\t\t\t\t\t<\/label>\n\t\t\t\t\t\t\n\t\t<input type=\"date\" name=\"form_fields[field_59cc77a]\" id=\"form-field-field_59cc77a\" class=\"elementor-field elementor-size-sm  elementor-field-textual elementor-date-field\" placeholder=\"V\u00e6lg dato\" pattern=\"[0-9]{4}-[0-9]{2}-[0-9]{2}\">\n\t\t\t\t\t\t<\/div>\n\t\t\t\t\t\t\t\t<div class=\"elementor-field-type-date elementor-field-group elementor-column elementor-field-group-field_895854b elementor-col-50\">\n\t\t\t\t\t\t\t\t\t\t\t\t<label for=\"form-field-field_895854b\" class=\"elementor-field-label\">\n\t\t\t\t\t\t\t\t<br><br>Slutdato\t\t\t\t\t\t\t<\/label>\n\t\t\t\t\t\t\n\t\t<input type=\"date\" name=\"form_fields[field_895854b]\" id=\"form-field-field_895854b\" class=\"elementor-field elementor-size-sm  elementor-field-textual elementor-date-field\" placeholder=\"V\u00e6lg dato\" pattern=\"[0-9]{4}-[0-9]{2}-[0-9]{2}\">\n\t\t\t\t\t\t<\/div>\n\t\t\t\t\t\t\t\t<div class=\"elementor-field-type-html elementor-field-group elementor-column elementor-field-group-field_49b9627 elementor-col-100\">\n\t\t\t\t\t<div style=\"color:#0b2a4a; font-weight:600; line-height:1.2;margin-top:25px\">\nUPLOAD LICENS<span style=\"font-size:22px;color:#999999;\">\n(valgfrit)\n<\/span>\n<\/div>\t\t\t\t<\/div>\n\t\t\t\t\t\t\t\t<div class=\"elementor-field-type-upload elementor-field-group elementor-column elementor-field-group-field_c47c8f5 elementor-col-100\">\n\t\t\t\t\t\t\t\t\t\t\t\t<label for=\"form-field-field_c47c8f5\" class=\"elementor-field-label\">\n\t\t\t\t\t\t\t\tNyttig til forl\u00e6ngelse\/fornyelse <span style=\"color:#999;\">(valgfri | PDF | JPEG)<\/span>  \t\t\t\t\t\t\t<\/label>\n\t\t\t\t\t\t\t\t<input type=\"file\" name=\"form_fields[field_c47c8f5][]\" id=\"form-field-field_c47c8f5\" class=\"elementor-field elementor-size-sm  elementor-upload-field\" multiple=\"multiple\">\n\n\t\t\t\t\t\t<\/div>\n\t\t\t\t\t\t\t\t<div class=\"elementor-field-type-recaptcha_v3 elementor-field-group elementor-column elementor-field-group-field_b14d035 elementor-col-100 recaptcha_v3-inline\">\n\t\t\t\t\t<div class=\"elementor-field\" id=\"form-field-field_b14d035\"><div class=\"elementor-g-recaptcha\" data-sitekey=\"6Lcoc7kfAAAAAMWQQckwQGrIkwjiI3Yrluvz_dfv\" data-type=\"v3\" data-action=\"Form\" data-badge=\"inline\" data-size=\"invisible\"><\/div><\/div>\t\t\t\t<\/div>\n\t\t\t\t\t\t\t\t<div class=\"elementor-field-type-text\">\n\t\t\t\t\t<input size=\"1\" type=\"text\" name=\"form_fields[field_1cd2a80]\" id=\"form-field-field_1cd2a80\" class=\"elementor-field elementor-size-sm \" style=\"display:none !important;\">\t\t\t\t<\/div>\n\t\t\t\t\t\t\t\t<div class=\"elementor-field-type-acceptance elementor-field-group elementor-column elementor-field-group-field_43adae7 elementor-col-100 elementor-field-required elementor-mark-required\">\n\t\t\t\t\t\t\t<div class=\"elementor-field-subgroup\">\n\t\t\t<span class=\"elementor-field-option\">\n\t\t\t\t<input type=\"checkbox\" name=\"form_fields[field_43adae7]\" id=\"form-field-field_43adae7\" class=\"elementor-field elementor-size-sm  elementor-acceptance-field\" required=\"required\">\n\t\t\t\t<label for=\"form-field-field_43adae7\">Jeg har l\u00e6st <a href=\"https:\/\/baltic-seaplane.de\/da\/beskyttelse-af-data\/\">privatlivspolitikken<\/a> og accepterer behandlingen af mine data til behandling af min tr\u00e6ningsforesp\u00f8rgsel.<\/label>\t\t\t<\/span>\n\t\t<\/div>\n\t\t\t\t\t\t<\/div>\n\t\t\t\t\t\t\t\t<div class=\"elementor-field-group elementor-column elementor-field-type-submit elementor-col-100 e-form__buttons\">\n\t\t\t\t\t<button class=\"elementor-button elementor-size-lg\" type=\"submit\">\n\t\t\t\t\t\t<span class=\"elementor-button-content-wrapper\">\n\t\t\t\t\t\t\t\t\t\t\t\t\t\t\t\t\t\t\t\t\t\t<span class=\"elementor-button-text\">Send foresp\u00f8rgsel om tr\u00e6ning<\/span>\n\t\t\t\t\t\t\t\t\t\t\t\t\t<\/span>\n\t\t\t\t\t<\/button>\n\t\t\t\t<\/div>\n\t\t\t<\/div>\n\t\t<\/form>\n\t\t\t\t\t\t<\/div>\n\t\t\t\t<\/div>\n\t\t\t\t\t<\/div>\n\t\t<\/div>\n\t\t\t\t\t<\/div>\n\t\t<\/section>\n\t\t\t\t<\/div>\n\t\t","protected":false},"excerpt":{"rendered":"<p>Udvidelse ICAO sprogniveau 4 Fornyelsespr\u00f8ve for engelsk niveau 4 i henhold til ICAO&#8217;s krav. Testen &#8220;Lytteforst\u00e5else&#8221; best\u00e5r af otte sp\u00f8rgsm\u00e5l, hver med tre svarmuligheder. Sprogpr\u00f8ven best\u00e5r af et ca. 20 minutter langt interview med eksaminatoren om et luftfartsrelateret emne. Denne test kan ogs\u00e5 udf\u00f8res under en (passende) flyvetur! Vigtigt: Hvis udl\u00f8bsdatoen for sprogniveauet er overskredet, [&hellip;]<\/p>\n","protected":false},"author":4,"featured_media":0,"parent":4625,"menu_order":0,"comment_status":"closed","ping_status":"closed","template":"elementor_theme","meta":{"inline_featured_image":false,"footnotes":""},"class_list":["post-4550","page","type-page","status-publish","hentry"],"_links":{"self":[{"href":"https:\/\/baltic-seaplane.de\/da\/wp-json\/wp\/v2\/pages\/4550","targetHints":{"allow":["GET"]}}],"collection":[{"href":"https:\/\/baltic-seaplane.de\/da\/wp-json\/wp\/v2\/pages"}],"about":[{"href":"https:\/\/baltic-seaplane.de\/da\/wp-json\/wp\/v2\/types\/page"}],"author":[{"embeddable":true,"href":"https:\/\/baltic-seaplane.de\/da\/wp-json\/wp\/v2\/users\/4"}],"replies":[{"embeddable":true,"href":"https:\/\/baltic-seaplane.de\/da\/wp-json\/wp\/v2\/comments?post=4550"}],"version-history":[{"count":1,"href":"https:\/\/baltic-seaplane.de\/da\/wp-json\/wp\/v2\/pages\/4550\/revisions"}],"predecessor-version":[{"id":4551,"href":"https:\/\/baltic-seaplane.de\/da\/wp-json\/wp\/v2\/pages\/4550\/revisions\/4551"}],"up":[{"embeddable":true,"href":"https:\/\/baltic-seaplane.de\/da\/wp-json\/wp\/v2\/pages\/4625"}],"wp:attachment":[{"href":"https:\/\/baltic-seaplane.de\/da\/wp-json\/wp\/v2\/media?parent=4550"}],"curies":[{"name":"wp","href":"https:\/\/api.w.org\/{rel}","templated":true}]}}