{"id":11784,"date":"2026-04-01T00:27:57","date_gmt":"2026-03-31T22:27:57","guid":{"rendered":"https:\/\/baltic-seaplane.de\/dehavilland-dhc-2-beaver-vandflyver-i-tyskland\/"},"modified":"2026-04-15T17:25:39","modified_gmt":"2026-04-15T15:25:39","slug":"dehavilland-dhc-2-beaver-vandflyver-i-tyskland","status":"publish","type":"page","link":"https:\/\/baltic-seaplane.de\/da\/viden-om-vandflyvere\/vandflyvere-tyskland\/dehavilland-dhc-2-beaver-vandflyver-i-tyskland\/","title":{"rendered":"DeHavilland DHC-2 Beaver vandflyver i Tyskland"},"content":{"rendered":"\t\t<div data-elementor-type=\"wp-page\" data-elementor-id=\"11784\" class=\"elementor elementor-11784 elementor-10749\" data-elementor-post-type=\"page\">\n\t\t\t\t<div class=\"elementor-element elementor-element-87cd697 e-con-full e-flex e-con e-parent\" data-id=\"87cd697\" data-element_type=\"container\" data-e-type=\"container\" data-settings=\"{&quot;background_background&quot;:&quot;classic&quot;}\">\n\t\t<div class=\"elementor-element elementor-element-370d5d2 e-con-full e-flex elementor-invisible e-con e-child\" data-id=\"370d5d2\" data-element_type=\"container\" data-e-type=\"container\" data-settings=\"{&quot;animation&quot;:&quot;fadeInUp&quot;,&quot;background_background&quot;:&quot;classic&quot;}\">\n\t\t\t\t<div class=\"elementor-element elementor-element-8f8454a elementor-widget elementor-widget-image\" data-id=\"8f8454a\" data-element_type=\"widget\" data-e-type=\"widget\" data-widget_type=\"image.default\">\n\t\t\t\t<div class=\"elementor-widget-container\">\n\t\t\t\t\t\t\t\t\t\t\t\t\t\t\t<img decoding=\"async\" width=\"199\" height=\"250\" data-src=\"https:\/\/baltic-seaplane.de\/wp-content\/uploads\/2022\/01\/LOGO-WEISS-BALTIC-SEAPLANE-2024_250px.png\" class=\"attachment-full size-full wp-image-6032 lazyload\" alt=\"Logo von der BALTIC SEAPLANE GmbH\" src=\"data:image\/svg+xml;base64,PHN2ZyB3aWR0aD0iMSIgaGVpZ2h0PSIxIiB4bWxucz0iaHR0cDovL3d3dy53My5vcmcvMjAwMC9zdmciPjwvc3ZnPg==\" style=\"--smush-placeholder-width: 199px; --smush-placeholder-aspect-ratio: 199\/250;\" \/>\t\t\t\t\t\t\t\t\t\t\t\t\t\t\t<\/div>\n\t\t\t\t<\/div>\n\t\t\t\t<div class=\"elementor-element elementor-element-9b39cf7 elementor-widget-divider--view-line elementor-widget elementor-widget-divider\" data-id=\"9b39cf7\" data-element_type=\"widget\" data-e-type=\"widget\" data-widget_type=\"divider.default\">\n\t\t\t\t<div class=\"elementor-widget-container\">\n\t\t\t\t\t\t\t<div class=\"elementor-divider\">\n\t\t\t<span class=\"elementor-divider-separator\">\n\t\t\t\t\t\t<\/span>\n\t\t<\/div>\n\t\t\t\t\t\t<\/div>\n\t\t\t\t<\/div>\n\t\t\t\t<div class=\"elementor-element elementor-element-8687aec elementor-widget elementor-widget-heading\" data-id=\"8687aec\" data-element_type=\"widget\" data-e-type=\"widget\" data-widget_type=\"heading.default\">\n\t\t\t\t<div class=\"elementor-widget-container\">\n\t\t\t\t\t<h1 class=\"elementor-heading-title elementor-size-default\">Vandflyvere i Tyskland<\/h1>\t\t\t\t<\/div>\n\t\t\t\t<\/div>\n\t\t\t\t<div class=\"elementor-element elementor-element-2b19e99 elementor-widget elementor-widget-heading\" data-id=\"2b19e99\" data-element_type=\"widget\" data-e-type=\"widget\" data-widget_type=\"heading.default\">\n\t\t\t\t<div class=\"elementor-widget-container\">\n\t\t\t\t\t<h2 class=\"elementor-heading-title elementor-size-default\">Beaver DHC-2<\/h2>\t\t\t\t<\/div>\n\t\t\t\t<\/div>\n\t\t\t\t<div class=\"elementor-element elementor-element-f19aacc elementor-widget elementor-widget-heading\" data-id=\"f19aacc\" data-element_type=\"widget\" data-e-type=\"widget\" data-widget_type=\"heading.default\">\n\t\t\t\t<div class=\"elementor-widget-container\">\n\t\t\t\t\t<h3 class=\"elementor-heading-title elementor-size-default\">Klassisk buskfly i vandflyvning<\/h3>\t\t\t\t<\/div>\n\t\t\t\t<\/div>\n\t\t\t\t<\/div>\n\t\t\t\t<\/div>\n\t\t<div class=\"elementor-element elementor-element-b8c1190 e-con-full e-flex e-con e-parent\" data-id=\"b8c1190\" data-element_type=\"container\" data-e-type=\"container\">\n\t\t\t\t<\/div>\n\t\t<div class=\"elementor-element elementor-element-b6765c1 e-flex e-con-boxed e-con e-parent\" data-id=\"b6765c1\" data-element_type=\"container\" data-e-type=\"container\" data-settings=\"{&quot;background_background&quot;:&quot;classic&quot;}\">\n\t\t\t\t\t<div class=\"e-con-inner\">\n\t\t<div class=\"elementor-element elementor-element-baabcf9 e-con-full e-flex e-con e-child\" data-id=\"baabcf9\" data-element_type=\"container\" data-e-type=\"container\">\n\t\t\t\t<div class=\"elementor-element elementor-element-0bc47cc elementor-widget elementor-widget-heading\" data-id=\"0bc47cc\" data-element_type=\"widget\" data-e-type=\"widget\" data-widget_type=\"heading.default\">\n\t\t\t\t<div class=\"elementor-widget-container\">\n\t\t\t\t\t<h2 class=\"elementor-heading-title elementor-size-default\">Egenskaber og brug i vandflyvning\n<\/h2>\t\t\t\t<\/div>\n\t\t\t\t<\/div>\n\t\t\t\t<div class=\"elementor-element elementor-element-872c637 elementor-widget elementor-widget-text-editor\" data-id=\"872c637\" data-element_type=\"widget\" data-e-type=\"widget\" data-widget_type=\"text-editor.default\">\n\t\t\t\t<div class=\"elementor-widget-container\">\n\t\t\t\t\t\t\t\t\t<p data-start=\"1222\" data-end=\"1446\">Beaver er specielt udviklet til brug under kr\u00e6vende forhold.<br data-start=\"1309\" data-end=\"1312\">Dens robuste design og h\u00f8je nyttelast g\u00f8r den velegnet til transportflyvninger, tr\u00e6ning og operationer p\u00e5 korte vandoverflader.<\/p><ul data-start=\"1448\" data-end=\"1626\"><li data-section-id=\"yqfo6g\" data-start=\"1448\" data-end=\"1502\">Start og landing p\u00e5 vand og land (amfibie)<\/li><li data-section-id=\"ehl2xf\" data-start=\"1503\" data-end=\"1564\">Stabile flyveegenskaber ved lave hastigheder<\/li><li data-section-id=\"1l28l3n\" data-start=\"1565\" data-end=\"1626\">Brug i kommercielle flyoperationer og tr\u00e6ning<\/li><\/ul>\t\t\t\t\t\t\t\t<\/div>\n\t\t\t\t<\/div>\n\t\t\t\t<\/div>\n\t\t<div class=\"elementor-element elementor-element-4112a30 e-con-full e-flex e-con e-child\" data-id=\"4112a30\" data-element_type=\"container\" data-e-type=\"container\">\n\t\t\t\t<\/div>\n\t\t\t\t\t<\/div>\n\t\t\t\t<\/div>\n\t\t<div class=\"elementor-element elementor-element-866d4a4 e-flex e-con-boxed e-con e-parent\" data-id=\"866d4a4\" data-element_type=\"container\" data-e-type=\"container\">\n\t\t\t\t\t<div class=\"e-con-inner\">\n\t\t<div class=\"elementor-element elementor-element-862cdd5 e-con-full e-flex e-con e-child\" data-id=\"862cdd5\" data-element_type=\"container\" data-e-type=\"container\">\n\t\t\t\t<div class=\"elementor-element elementor-element-fc6e05f elementor-widget elementor-widget-heading\" data-id=\"fc6e05f\" data-element_type=\"widget\" data-e-type=\"widget\" data-widget_type=\"heading.default\">\n\t\t\t\t<div class=\"elementor-widget-container\">\n\t\t\t\t\t<h2 class=\"elementor-heading-title elementor-size-default\">Egenskaber og brug i vandflyvning\n<\/h2>\t\t\t\t<\/div>\n\t\t\t\t<\/div>\n\t\t\t\t<div class=\"elementor-element elementor-element-39e0eb3 elementor-widget elementor-widget-text-editor\" data-id=\"39e0eb3\" data-element_type=\"widget\" data-e-type=\"widget\" data-widget_type=\"text-editor.default\">\n\t\t\t\t<div class=\"elementor-widget-container\">\n\t\t\t\t\t\t\t\t\t<p data-start=\"1222\" data-end=\"1446\">Beaver er eksemplarisk for klassiske vandflyvere, der bruges over hele verden.<br data-start=\"1879\" data-end=\"1882\">Mange af nutidens vandflyveroperationer er baseret p\u00e5 koncepter, der blev etableret med dette fly.<\/p>\t\t\t\t\t\t\t\t<\/div>\n\t\t\t\t<\/div>\n\t\t\t\t<\/div>\n\t\t<div class=\"elementor-element elementor-element-d9d84ab e-con-full e-flex e-con e-child\" data-id=\"d9d84ab\" data-element_type=\"container\" data-e-type=\"container\">\n\t\t\t\t<\/div>\n\t\t\t\t\t<\/div>\n\t\t\t\t<\/div>\n\t\t<div class=\"elementor-element elementor-element-3d8b38d e-flex e-con-boxed e-con e-parent\" data-id=\"3d8b38d\" data-element_type=\"container\" data-e-type=\"container\" data-settings=\"{&quot;background_background&quot;:&quot;classic&quot;}\">\n\t\t\t\t\t<div class=\"e-con-inner\">\n\t\t<div class=\"elementor-element elementor-element-072bf4e e-con-full e-flex e-con e-child\" data-id=\"072bf4e\" data-element_type=\"container\" data-e-type=\"container\">\n\t\t\t\t<div class=\"elementor-element elementor-element-71ca790 elementor-widget elementor-widget-heading\" data-id=\"71ca790\" data-element_type=\"widget\" data-e-type=\"widget\" data-widget_type=\"heading.default\">\n\t\t\t\t<div class=\"elementor-widget-container\">\n\t\t\t\t\t<h3 class=\"elementor-heading-title elementor-size-default\">Et overblik over pr\u00e6stationsdata<\/h3>\t\t\t\t<\/div>\n\t\t\t\t<\/div>\n\t\t\t\t<\/div>\n\t\t<div class=\"elementor-element elementor-element-0668b7e e-con-full e-flex e-con e-child\" data-id=\"0668b7e\" data-element_type=\"container\" data-e-type=\"container\">\n\t\t<div class=\"elementor-element elementor-element-1438510 e-con-full e-flex e-con e-child\" data-id=\"1438510\" data-element_type=\"container\" data-e-type=\"container\">\n\t\t\t\t<div class=\"elementor-element elementor-element-1b0eecd elementor-widget elementor-widget-heading\" data-id=\"1b0eecd\" data-element_type=\"widget\" data-e-type=\"widget\" data-widget_type=\"heading.default\">\n\t\t\t\t<div class=\"elementor-widget-container\">\n\t\t\t\t\t<h3 class=\"elementor-heading-title elementor-size-default\">Motor<\/h3>\t\t\t\t<\/div>\n\t\t\t\t<\/div>\n\t\t\t\t<div class=\"elementor-element elementor-element-89d8e17 elementor-widget elementor-widget-text-editor\" data-id=\"89d8e17\" data-element_type=\"widget\" data-e-type=\"widget\" data-widget_type=\"text-editor.default\">\n\t\t\t\t<div class=\"elementor-widget-container\">\n\t\t\t\t\t\t\t\t\t<p data-start=\"710\" data-end=\"835\">1 \u00d7 Pratt &amp; Whitney R-985 (ca. 450 hk)<\/p>\t\t\t\t\t\t\t\t<\/div>\n\t\t\t\t<\/div>\n\t\t\t\t<\/div>\n\t\t<div class=\"elementor-element elementor-element-b308c88 e-con-full e-flex e-con e-child\" data-id=\"b308c88\" data-element_type=\"container\" data-e-type=\"container\">\n\t\t\t\t<div class=\"elementor-element elementor-element-15ad98e elementor-widget elementor-widget-heading\" data-id=\"15ad98e\" data-element_type=\"widget\" data-e-type=\"widget\" data-widget_type=\"heading.default\">\n\t\t\t\t<div class=\"elementor-widget-container\">\n\t\t\t\t\t<h3 class=\"elementor-heading-title elementor-size-default\">K\u00f8rehastighed\n<\/h3>\t\t\t\t<\/div>\n\t\t\t\t<\/div>\n\t\t\t\t<div class=\"elementor-element elementor-element-a665f03 elementor-widget elementor-widget-text-editor\" data-id=\"a665f03\" data-element_type=\"widget\" data-e-type=\"widget\" data-widget_type=\"text-editor.default\">\n\t\t\t\t<div class=\"elementor-widget-container\">\n\t\t\t\t\t\t\t\t\t<p>ca. 110 kt<\/p>\t\t\t\t\t\t\t\t<\/div>\n\t\t\t\t<\/div>\n\t\t\t\t<\/div>\n\t\t<div class=\"elementor-element elementor-element-acf4731 e-con-full e-flex e-con e-child\" data-id=\"acf4731\" data-element_type=\"container\" data-e-type=\"container\">\n\t\t\t\t<div class=\"elementor-element elementor-element-609d046 elementor-widget elementor-widget-heading\" data-id=\"609d046\" data-element_type=\"widget\" data-e-type=\"widget\" data-widget_type=\"heading.default\">\n\t\t\t\t<div class=\"elementor-widget-container\">\n\t\t\t\t\t<h3 class=\"elementor-heading-title elementor-size-default\">R\u00e6kkevidde<\/h3>\t\t\t\t<\/div>\n\t\t\t\t<\/div>\n\t\t\t\t<div class=\"elementor-element elementor-element-71e65ea elementor-widget elementor-widget-text-editor\" data-id=\"71e65ea\" data-element_type=\"widget\" data-e-type=\"widget\" data-widget_type=\"text-editor.default\">\n\t\t\t\t<div class=\"elementor-widget-container\">\n\t\t\t\t\t\t\t\t\t<p>op til 380 NM<\/p>\t\t\t\t\t\t\t\t<\/div>\n\t\t\t\t<\/div>\n\t\t\t\t<\/div>\n\t\t<div class=\"elementor-element elementor-element-6614674 e-con-full e-flex e-con e-child\" data-id=\"6614674\" data-element_type=\"container\" data-e-type=\"container\">\n\t\t\t\t<div class=\"elementor-element elementor-element-3b02e6a elementor-widget elementor-widget-heading\" data-id=\"3b02e6a\" data-element_type=\"widget\" data-e-type=\"widget\" data-widget_type=\"heading.default\">\n\t\t\t\t<div class=\"elementor-widget-container\">\n\t\t\t\t\t<h3 class=\"elementor-heading-title elementor-size-default\">S\u00e6der<\/h3>\t\t\t\t<\/div>\n\t\t\t\t<\/div>\n\t\t\t\t<div class=\"elementor-element elementor-element-3ab0fe1 elementor-widget elementor-widget-text-editor\" data-id=\"3ab0fe1\" data-element_type=\"widget\" data-e-type=\"widget\" data-widget_type=\"text-editor.default\">\n\t\t\t\t<div class=\"elementor-widget-container\">\n\t\t\t\t\t\t\t\t\t<p>op til 6 personer<\/p>\t\t\t\t\t\t\t\t<\/div>\n\t\t\t\t<\/div>\n\t\t\t\t<\/div>\n\t\t\t\t<\/div>\n\t\t<div class=\"elementor-element elementor-element-1212de0 e-con-full e-flex e-con e-child\" data-id=\"1212de0\" data-element_type=\"container\" data-e-type=\"container\">\n\t\t\t\t<\/div>\n\t\t\t\t\t<\/div>\n\t\t\t\t<\/div>\n\t\t<div class=\"elementor-element elementor-element-dc80d9d e-flex e-con-boxed e-con e-parent\" data-id=\"dc80d9d\" data-element_type=\"container\" data-e-type=\"container\" data-settings=\"{&quot;background_background&quot;:&quot;classic&quot;}\">\n\t\t\t\t\t<div class=\"e-con-inner\">\n\t\t<div class=\"elementor-element elementor-element-c539746 e-con-full e-flex e-con e-child\" data-id=\"c539746\" data-element_type=\"container\" data-e-type=\"container\">\n\t\t\t\t<div class=\"elementor-element elementor-element-075b582 elementor-widget elementor-widget-heading\" data-id=\"075b582\" data-element_type=\"widget\" data-e-type=\"widget\" data-widget_type=\"heading.default\">\n\t\t\t\t<div class=\"elementor-widget-container\">\n\t\t\t\t\t<h2 class=\"elementor-heading-title elementor-size-default\">Brug i dagens flyoperationer<\/h2>\t\t\t\t<\/div>\n\t\t\t\t<\/div>\n\t\t\t\t<div class=\"elementor-element elementor-element-69deeda elementor-widget elementor-widget-text-editor\" data-id=\"69deeda\" data-element_type=\"widget\" data-e-type=\"widget\" data-widget_type=\"text-editor.default\">\n\t\t\t\t<div class=\"elementor-widget-container\">\n\t\t\t\t\t\t\t\t\t<p data-start=\"1222\" data-end=\"1446\"><span style=\"letter-spacing: normal; caret-color: #000000; color: #000000; font-size: medium;\">Vandflyvere som Beaver bruges stadig i dag til tr\u00e6ning, transfer og individuelle flyvninger.<\/span><br style=\"letter-spacing: normal; caret-color: #000000; color: #000000;\" data-start=\"1046\" data-end=\"1049\"><span style=\"letter-spacing: normal; caret-color: #000000; color: #000000; font-size: medium;\">De kombinerer klassisk flyteknologi med kravene til moderne vandflyveoperationer.<\/span><\/p>\t\t\t\t\t\t\t\t<\/div>\n\t\t\t\t<\/div>\n\t\t\t\t<\/div>\n\t\t<div class=\"elementor-element elementor-element-0f71b8d e-con-full e-flex e-con e-child\" data-id=\"0f71b8d\" data-element_type=\"container\" data-e-type=\"container\">\n\t\t\t\t<\/div>\n\t\t\t\t\t<\/div>\n\t\t\t\t<\/div>\n\t\t<div class=\"elementor-element elementor-element-ce1e6e4 e-flex e-con-boxed e-con e-parent\" data-id=\"ce1e6e4\" data-element_type=\"container\" data-e-type=\"container\" data-settings=\"{&quot;background_background&quot;:&quot;classic&quot;}\">\n\t\t\t\t\t<div class=\"e-con-inner\">\n\t\t<div class=\"elementor-element elementor-element-1c4dae6 e-con-full e-flex e-con e-child\" data-id=\"1c4dae6\" data-element_type=\"container\" data-e-type=\"container\">\n\t\t\t\t<div class=\"elementor-element elementor-element-4a21275 elementor-widget elementor-widget-heading\" data-id=\"4a21275\" data-element_type=\"widget\" data-e-type=\"widget\" data-widget_type=\"heading.default\">\n\t\t\t\t<div class=\"elementor-widget-container\">\n\t\t\t\t\t<h2 class=\"elementor-heading-title elementor-size-default\">Flere vandflyvere\n<\/h2>\t\t\t\t<\/div>\n\t\t\t\t<\/div>\n\t\t\t\t<div class=\"elementor-element elementor-element-7d9920e elementor-widget elementor-widget-text-editor\" data-id=\"7d9920e\" data-element_type=\"widget\" data-e-type=\"widget\" data-widget_type=\"text-editor.default\">\n\t\t\t\t<div class=\"elementor-widget-container\">\n\t\t\t\t\t\t\t\t\t<p data-start=\"1327\" data-end=\"1412\">En oversigt over andre vandflyvere og flyvende b\u00e5de i Tyskland kan findes her: <em><a href=\"https:\/\/baltic-seaplane.de\/da\/vandflyvere-tyskland\/\">Flere vandflyvere<\/a><\/em><\/p>\t\t\t\t\t\t\t\t<\/div>\n\t\t\t\t<\/div>\n\t\t\t\t<\/div>\n\t\t\t\t\t<\/div>\n\t\t\t\t<\/div>\n\t\t<div class=\"elementor-element elementor-element-d47dcd3 e-flex e-con-boxed e-con e-parent\" data-id=\"d47dcd3\" data-element_type=\"container\" data-e-type=\"container\" data-settings=\"{&quot;background_background&quot;:&quot;classic&quot;}\">\n\t\t\t\t\t<div class=\"e-con-inner\">\n\t\t\t\t<div class=\"elementor-element elementor-element-a8949cd elementor-widget elementor-widget-heading\" data-id=\"a8949cd\" data-element_type=\"widget\" data-e-type=\"widget\" data-widget_type=\"heading.default\">\n\t\t\t\t<div class=\"elementor-widget-container\">\n\t\t\t\t\t<h2 class=\"elementor-heading-title elementor-size-default\">Oplev flyvning med vandflyver\n<\/h2>\t\t\t\t<\/div>\n\t\t\t\t<\/div>\n\t\t\t\t<div class=\"elementor-element elementor-element-452c006 elementor-widget elementor-widget-heading\" data-id=\"452c006\" data-element_type=\"widget\" data-e-type=\"widget\" data-widget_type=\"heading.default\">\n\t\t\t\t<div class=\"elementor-widget-container\">\n\t\t\t\t\t<p class=\"elementor-heading-title elementor-size-default\">Vandflyvning kan stadig opleves i dag - fra passagerens perspektiv eller som en del af et flyveundervisningsprogram. Selv uden et certifikat. <\/p>\t\t\t\t<\/div>\n\t\t\t\t<\/div>\n\t\t\t\t<div class=\"elementor-element elementor-element-32fa6f4 elementor-widget elementor-widget-spacer\" data-id=\"32fa6f4\" data-element_type=\"widget\" data-e-type=\"widget\" data-widget_type=\"spacer.default\">\n\t\t\t\t<div class=\"elementor-widget-container\">\n\t\t\t\t\t\t\t<div class=\"elementor-spacer\">\n\t\t\t<div class=\"elementor-spacer-inner\"><\/div>\n\t\t<\/div>\n\t\t\t\t\t\t<\/div>\n\t\t\t\t<\/div>\n\t\t<div class=\"elementor-element elementor-element-04ec937 e-con-full e-flex e-con e-child\" data-id=\"04ec937\" data-element_type=\"container\" data-e-type=\"container\">\n\t\t\t\t<div class=\"elementor-element elementor-element-bae5d44 elementor-widget__width-auto premium-lq__none elementor-widget elementor-widget-premium-addon-button\" data-id=\"bae5d44\" data-element_type=\"widget\" data-e-type=\"widget\" data-widget_type=\"premium-addon-button.default\">\n\t\t\t\t<div class=\"elementor-widget-container\">\n\t\t\t\t\t\n\n\t\t<a class=\"premium-button premium-button-none premium-btn-sm premium-button-none\" href=\"https:\/\/baltic-seaplane.de\/da\/startside\/datoer\/datoer-for-en-sightseeingflyvning-i-vandflyver\/\">\n\t\t\t<div class=\"premium-button-text-icon-wrapper\">\n\t\t\t\t\n\t\t\t\t\t\t\t\t\t<span >\n\t\t\t\t\t\tOplev sightseeingflyvning\t\t\t\t\t<\/span>\n\t\t\t\t\t\t\t<\/div>\n\n\t\t\t\n\t\t\t\n\t\t\t\n\t\t<\/a>\n\n\n\t\t\t\t\t\t<\/div>\n\t\t\t\t<\/div>\n\t\t\t\t<div class=\"elementor-element elementor-element-53b8842 elementor-widget__width-auto premium-lq__none elementor-widget elementor-widget-premium-addon-button\" data-id=\"53b8842\" data-element_type=\"widget\" data-e-type=\"widget\" data-widget_type=\"premium-addon-button.default\">\n\t\t\t\t<div class=\"elementor-widget-container\">\n\t\t\t\t\t\n\n\t\t<a class=\"premium-button premium-button-none premium-btn-sm premium-button-none\" href=\"https:\/\/baltic-seaplane.de\/da\/startside\/proeveflyvning-med-vandflyver\/\">\n\t\t\t<div class=\"premium-button-text-icon-wrapper\">\n\t\t\t\t\n\t\t\t\t\t\t\t\t\t<span >\n\t\t\t\t\t\tFlyv selv\t\t\t\t\t<\/span>\n\t\t\t\t\t\t\t<\/div>\n\n\t\t\t\n\t\t\t\n\t\t\t\n\t\t<\/a>\n\n\n\t\t\t\t\t\t<\/div>\n\t\t\t\t<\/div>\n\t\t\t\t<\/div>\n\t\t\t\t\t<\/div>\n\t\t\t\t<\/div>\n\t\t\t\t<\/div>\n\t\t","protected":false},"excerpt":{"rendered":"<p>Vandflyvere i Tyskland Beaver DHC-2 Klassisk buskfly i vandflyvning Egenskaber og brug i vandflyvning Beaver er specielt udviklet til brug under kr\u00e6vende forhold.Dens robuste design og h\u00f8je nyttelast g\u00f8r den velegnet til transportflyvninger, tr\u00e6ning og operationer p\u00e5 korte vandoverflader. Start og landing p\u00e5 vand og land (amfibie) Stabile flyveegenskaber ved lave hastigheder Brug i kommercielle [&hellip;]<\/p>\n","protected":false},"author":21,"featured_media":0,"parent":11795,"menu_order":1,"comment_status":"closed","ping_status":"closed","template":"","meta":{"inline_featured_image":false,"footnotes":""},"class_list":["post-11784","page","type-page","status-publish","hentry"],"_links":{"self":[{"href":"https:\/\/baltic-seaplane.de\/da\/wp-json\/wp\/v2\/pages\/11784","targetHints":{"allow":["GET"]}}],"collection":[{"href":"https:\/\/baltic-seaplane.de\/da\/wp-json\/wp\/v2\/pages"}],"about":[{"href":"https:\/\/baltic-seaplane.de\/da\/wp-json\/wp\/v2\/types\/page"}],"author":[{"embeddable":true,"href":"https:\/\/baltic-seaplane.de\/da\/wp-json\/wp\/v2\/users\/21"}],"replies":[{"embeddable":true,"href":"https:\/\/baltic-seaplane.de\/da\/wp-json\/wp\/v2\/comments?post=11784"}],"version-history":[{"count":2,"href":"https:\/\/baltic-seaplane.de\/da\/wp-json\/wp\/v2\/pages\/11784\/revisions"}],"predecessor-version":[{"id":11913,"href":"https:\/\/baltic-seaplane.de\/da\/wp-json\/wp\/v2\/pages\/11784\/revisions\/11913"}],"up":[{"embeddable":true,"href":"https:\/\/baltic-seaplane.de\/da\/wp-json\/wp\/v2\/pages\/11795"}],"wp:attachment":[{"href":"https:\/\/baltic-seaplane.de\/da\/wp-json\/wp\/v2\/media?parent=11784"}],"curies":[{"name":"wp","href":"https:\/\/api.w.org\/{rel}","templated":true}]}}