{"id":11667,"date":"2026-04-08T10:56:36","date_gmt":"2026-04-08T08:56:36","guid":{"rendered":"https:\/\/baltic-seaplane.de\/startside\/sightseeingflyvning-med-vandflyver\/sightseeingflyvning-mueritz-sail\/bog\/"},"modified":"2026-04-15T17:01:19","modified_gmt":"2026-04-15T15:01:19","slug":"bog","status":"publish","type":"page","link":"https:\/\/baltic-seaplane.de\/da\/startside\/sightseeingflyvning-med-vandflyver\/sightseeingflyvning-mueritz-sail\/bog\/","title":{"rendered":"book mueritz sejl"},"content":{"rendered":"\t\t<div data-elementor-type=\"wp-page\" data-elementor-id=\"11667\" class=\"elementor elementor-11667 elementor-11363\" data-elementor-post-type=\"page\">\n\t\t\t\t<div class=\"elementor-element elementor-element-5eebd87 e-flex e-con-boxed e-con e-parent\" data-id=\"5eebd87\" data-element_type=\"container\" data-e-type=\"container\">\n\t\t\t\t\t<div class=\"e-con-inner\">\n\t\t<div class=\"elementor-element elementor-element-8167a98 e-con-full e-flex e-con e-child\" data-id=\"8167a98\" data-element_type=\"container\" data-e-type=\"container\">\n\t\t\t\t<div class=\"elementor-element elementor-element-5e0fd8e elementor-widget elementor-widget-heading\" data-id=\"5e0fd8e\" data-element_type=\"widget\" data-e-type=\"widget\" data-settings=\"{&quot;_animation_mobile&quot;:&quot;none&quot;}\" data-widget_type=\"heading.default\">\n\t\t\t\t<div class=\"elementor-widget-container\">\n\t\t\t\t\t<h3 class=\"elementor-heading-title elementor-size-default\">Sightseeingflyvning med vandflyver<\/h3>\t\t\t\t<\/div>\n\t\t\t\t<\/div>\n\t\t\t\t<div class=\"elementor-element elementor-element-18ae73b elementor-widget elementor-widget-heading\" data-id=\"18ae73b\" data-element_type=\"widget\" data-e-type=\"widget\" data-widget_type=\"heading.default\">\n\t\t\t\t<div class=\"elementor-widget-container\">\n\t\t\t\t\t<h1 class=\"elementor-heading-title elementor-size-default\">V\u00e6lg dato<\/h1>\t\t\t\t<\/div>\n\t\t\t\t<\/div>\n\t\t\t\t<div class=\"elementor-element elementor-element-33f6e1d elementor-widget__width-initial elementor-widget elementor-widget-text-editor\" data-id=\"33f6e1d\" data-element_type=\"widget\" data-e-type=\"widget\" data-widget_type=\"text-editor.default\">\n\t\t\t\t<div class=\"elementor-widget-container\">\n\t\t\t\t\t\t\t\t\t<p>Datoer og tilg\u00e6ngelighed kan ses direkte i bookingsystemet.<\/p><p>Priserne i bookingsystemet afh\u00e6nger af flyets bel\u00e6gning. Individuelle bookinger kombineres normalt med andre g\u00e6ster.<\/p>\t\t\t\t\t\t\t\t<\/div>\n\t\t\t\t<\/div>\n\t\t\t\t<\/div>\n\t\t\t\t\t<\/div>\n\t\t\t\t<\/div>\n\t\t<div class=\"elementor-element elementor-element-f345ac9 e-flex e-con-boxed e-con e-parent\" data-id=\"f345ac9\" data-element_type=\"container\" data-e-type=\"container\">\n\t\t\t\t\t<div class=\"e-con-inner\">\n\t\t\t\t<div class=\"elementor-element elementor-element-0fe3495 elementor-widget elementor-widget-menu-anchor\" data-id=\"0fe3495\" data-element_type=\"widget\" data-e-type=\"widget\" data-widget_type=\"menu-anchor.default\">\n\t\t\t\t<div class=\"elementor-widget-container\">\n\t\t\t\t\t\t\t<div class=\"elementor-menu-anchor\" id=\"booking\"><\/div>\n\t\t\t\t\t\t<\/div>\n\t\t\t\t<\/div>\n\t\t\t\t<div class=\"elementor-element elementor-element-bcdbd91 elementor-widget elementor-widget-html\" data-id=\"bcdbd91\" data-element_type=\"widget\" data-e-type=\"widget\" data-widget_type=\"html.default\">\n\t\t\t\t<div class=\"elementor-widget-container\">\n\t\t\t\t\t<div id=\"bookingKitContainer\" data-e=\"2e8e105b0a88cc0d4b0894cceb94d699\" data-cw=\"5af716cec209556c0ff046cb1008894c\"><\/div>\n<script src=\"https:\/\/3178ee0b2128e528f2801b8a818dba44.widget.bookingkit.net\/bkscript\/5af716cec209556c0ff046cb1008894c\/?e=2e8e105b0a88cc0d4b0894cceb94d699\" async=\"\"><\/script>\t\t\t\t<\/div>\n\t\t\t\t<\/div>\n\t\t\t\t\t<\/div>\n\t\t\t\t<\/div>\n\t\t<div class=\"elementor-element elementor-element-52f06b2 e-flex e-con-boxed e-con e-parent\" data-id=\"52f06b2\" data-element_type=\"container\" data-e-type=\"container\">\n\t\t\t\t\t<div class=\"e-con-inner\">\n\t\t\t\t<div class=\"elementor-element elementor-element-ddafd87 elementor-icon-list--layout-traditional elementor-list-item-link-full_width elementor-widget elementor-widget-icon-list\" data-id=\"ddafd87\" data-element_type=\"widget\" data-e-type=\"widget\" data-widget_type=\"icon-list.default\">\n\t\t\t\t<div class=\"elementor-widget-container\">\n\t\t\t\t\t\t\t<ul class=\"elementor-icon-list-items\">\n\t\t\t\t\t\t\t<li class=\"elementor-icon-list-item\">\n\t\t\t\t\t\t\t\t\t\t\t<a href=\"https:\/\/baltic-seaplane.de\/da\/startside\/sightseeingflyvning-med-vandflyver\/sightseeingflyvning-mueritz-sail\/\">\n\n\t\t\t\t\t\t\t\t\t\t\t\t<span class=\"elementor-icon-list-icon\">\n\t\t\t\t\t\t\t<i aria-hidden=\"true\" class=\"fas fa-long-arrow-alt-left\"><\/i>\t\t\t\t\t\t<\/span>\n\t\t\t\t\t\t\t\t\t\t<span class=\"elementor-icon-list-text\">tilbage til siden med sightseeingflyvninger<\/span>\n\t\t\t\t\t\t\t\t\t\t\t<\/a>\n\t\t\t\t\t\t\t\t\t<\/li>\n\t\t\t\t\t\t\t\t<li class=\"elementor-icon-list-item\">\n\t\t\t\t\t\t\t\t\t\t\t<a href=\"#buchung\">\n\n\t\t\t\t\t\t\t\t\t\t\t\t<span class=\"elementor-icon-list-icon\">\n\t\t\t\t\t\t\t<i aria-hidden=\"true\" class=\"fas fa-long-arrow-alt-up\"><\/i>\t\t\t\t\t\t<\/span>\n\t\t\t\t\t\t\t\t\t\t<span class=\"elementor-icon-list-text\">Til bookingen<\/span>\n\t\t\t\t\t\t\t\t\t\t\t<\/a>\n\t\t\t\t\t\t\t\t\t<\/li>\n\t\t\t\t\t\t<\/ul>\n\t\t\t\t\t\t<\/div>\n\t\t\t\t<\/div>\n\t\t\t\t\t<\/div>\n\t\t\t\t<\/div>\n\t\t\t\t<\/div>\n\t\t","protected":false},"excerpt":{"rendered":"<p>Sightseeingflyvning med vandflyver V\u00e6lg dato Datoer og tilg\u00e6ngelighed kan ses direkte i bookingsystemet. Priserne i bookingsystemet afh\u00e6nger af flyets bel\u00e6gning. Individuelle bookinger kombineres normalt med andre g\u00e6ster. tilbage til siden med sightseeingflyvninger Til bookingen<\/p>\n","protected":false},"author":21,"featured_media":0,"parent":5080,"menu_order":2,"comment_status":"closed","ping_status":"closed","template":"","meta":{"inline_featured_image":false,"footnotes":""},"class_list":["post-11667","page","type-page","status-publish","hentry"],"_links":{"self":[{"href":"https:\/\/baltic-seaplane.de\/da\/wp-json\/wp\/v2\/pages\/11667","targetHints":{"allow":["GET"]}}],"collection":[{"href":"https:\/\/baltic-seaplane.de\/da\/wp-json\/wp\/v2\/pages"}],"about":[{"href":"https:\/\/baltic-seaplane.de\/da\/wp-json\/wp\/v2\/types\/page"}],"author":[{"embeddable":true,"href":"https:\/\/baltic-seaplane.de\/da\/wp-json\/wp\/v2\/users\/21"}],"replies":[{"embeddable":true,"href":"https:\/\/baltic-seaplane.de\/da\/wp-json\/wp\/v2\/comments?post=11667"}],"version-history":[{"count":3,"href":"https:\/\/baltic-seaplane.de\/da\/wp-json\/wp\/v2\/pages\/11667\/revisions"}],"predecessor-version":[{"id":11890,"href":"https:\/\/baltic-seaplane.de\/da\/wp-json\/wp\/v2\/pages\/11667\/revisions\/11890"}],"up":[{"embeddable":true,"href":"https:\/\/baltic-seaplane.de\/da\/wp-json\/wp\/v2\/pages\/5080"}],"wp:attachment":[{"href":"https:\/\/baltic-seaplane.de\/da\/wp-json\/wp\/v2\/media?parent=11667"}],"curies":[{"name":"wp","href":"https:\/\/api.w.org\/{rel}","templated":true}]}}